{"id":6216,"date":"2016-12-20T10:58:22","date_gmt":"2016-12-20T09:58:22","guid":{"rendered":"https:\/\/www.soitron.com\/?page_id=6216"},"modified":"2021-10-22T09:47:40","modified_gmt":"2021-10-22T08:47:40","slug":"certifikacne-stredisko","status":"publish","type":"page","link":"https:\/\/new.soitron.com\/sk\/certifikacne-stredisko\/","title":{"rendered":"Certifika\u010dn\u00e9 stredisko"},"content":{"rendered":"<div class=\"wpb-content-wrapper\"><p>[vc_row full_width=&#8221;stretch_row_content_no_spaces&#8221;][vc_column]\n                        <div data-wow-duration=\"1.5s\" data-wow-delay=\"0s\" class=\"wow fadeIn soitron-element soitron-element-banner-wrapper type-1 \">\n                                            <figure class=\"background\">\n                            <link rel=\"preload\" href=\"https:\/\/new.soitron.com\/wp-content\/uploads\/2016\/02\/IT-skolenia3.jpg.webp\" as=\"image\">\n                            <img decoding=\"async\" src=\"https:\/\/new.soitron.com\/wp-content\/uploads\/2016\/02\/IT-skolenia3.jpg\">\n                        <\/figure>\n                                        \n                    <div class=\"container\">\n                                                    <h1 style=\"color:#000000\">CERTIFIKA\u010cN\u00c9 STREDISKO<\/h1>\n                                                                                                <\/div>\n                                            <a href=\"\/sk\/certifikacne-stredisko\/#kontakt\" target=\"_self\" class=\"header-cta\">\n                            KONTAKTUJTE N\u00c1S                        <\/a>\n                                    <\/div>\n\n            \n[vc_empty_space][vc_empty_space][\/vc_column][\/vc_row][vc_row][vc_column][vc_empty_space height=&#8221;20px&#8221;][vc_column_text]<\/p>\n<h2 class=\"wow fadeInLeft margin-b-30\" style=\"visibility: visible; animation-duration: 1.5s; animation-delay: 0s; animation-name: fadeInLeft;\" data-wow-duration=\"1.5s\" data-wow-delay=\"0s\">\u010cinnos\u0165 certfika\u010dn\u00e9ho strediska bola ku d\u0148u 30.9.2021 ukon\u010den\u00e1.<\/h2>\n<p>[\/vc_column_text][vc_row_inner disable_element=&#8221;yes&#8221;][vc_column_inner width=&#8221;7\/12&#8243;][vc_column_text]<\/p>\n<h3>SOITRON vytvoril pre IT odborn\u00edkov ide\u00e1lne podmienky na testovanie technol\u00f3gi\u00ed v\u0161etk\u00fdch renomovan\u00fdch firiem sveta.<\/h3>\n<p>Autorizovan\u00fdm partnerom spolo\u010dnosti Pearson VUE sme sa stali v roku 2003. N\u00e1sledne, v roku 2007, sme \u00a0po splnen\u00ed n\u00e1ro\u010dn\u00fdch podmienok spolo\u010dnosti\u00a0Prometric &#8211; glob\u00e1lneho providera komplexn\u00e9ho testovania, z\u00edskali status Authorized Prometric Testing Center (APTC).<\/p>\n<p>V roku 2010 sme Titulom Professional Testing Center (PTC) roz\u0161\u00edrili ponuku o testovanie v oblasti vzdel\u00e1vania v akademickom, vl\u00e1dnom a\u00a0finan\u010dnom sektore, projektovom mana\u017emente ako aj anglickom jazyku (TOEFL, GRE, PMI, EPSO a in\u00e9).<\/p>\n<p>Registr\u00e1cia na spomenut\u00e9 testy prebieha prostredn\u00edctvom spolo\u010dnosti <a href=\"https:\/\/www.prometric.com\/en-us\/Pages\/home.aspx\" target=\"_blank\" rel=\"noopener noreferrer\">Prometric<\/a>. Testovanie sa uskuto\u010d\u0148uje pravidelne v utorky a piatky.[\/vc_column_text][\/vc_column_inner][vc_column_inner width=&#8221;5\/12&#8243;]                <div data-wow-duration=\"1.5s\" data-wow-delay=\"0s\" class=\"wow fadeIn soitron-element soitron-element-content-box-wrapper type-1\">\n\n\n                    <div style=\"background-color:#84bf43\">\n                                                <div class=\"content\">\n                                                                <h4 style=\"color:#fff; text-align:center;font-size:30px;\">IT TESTOVANIE \u2013 REGISTR\u00c1CIA A TERM\u00cdNY<\/h4>\n                                    \n                                                                <div style=\"color:#fff\">\n                                    <p>\n                                    IT testovanie sa uskuto\u010d\u0148uje pravidelne v pondelky, stredy a \u0161tvrtky na 6 testovac\u00edch staniciach. Na IT testy sa m\u00f4\u017eete zaregistrova\u0165:<\/p>\n<ul>\n<li>online na webstr\u00e1nkach spolo\u010dnost\u00ed\u00a0<a href=\"https:\/\/home.pearsonvue.com\/\" target=\"_blank\" rel=\"noopener noreferrer\">Pearson VUE<\/a>\u00a0a\u00a0<a href=\"https:\/\/www.prometric.com\/en-us\/Pages\/home.aspx\" target=\"_blank\" rel=\"noopener noreferrer\">Prometric<\/a><\/li>\n<li>prostredn\u00edctvom\u00a0<a href=\"https:\/\/www.soitron.com\/registracia-na-certifikaciu\/\" target=\"_blank\" rel=\"noopener noreferrer\">elektronick\u00e9ho registra\u010dn\u00e9ho formul\u00e1ru<\/a><\/li>\n<li>e-mailom na\u00a0<a href=\"mailto:certification@soitron.com\">certification@soitron.com<\/a><\/li>\n<\/ul>\n<p>                                    <\/p>\n                                                                    <\/div>\n                                                        <\/div>\n                                            <\/div>\n                <\/div>\n                \n        [\/vc_column_inner][\/vc_row_inner][vc_empty_space height=&#8221;60px&#8221;][vc_row_inner disable_element=&#8221;yes&#8221;][vc_column_inner]                <div data-wow-duration=\"1.5s\" data-wow-delay=\"0s\" class=\"wow fadeIn soitron-element soitron-element-content-box-wrapper type-4\">\n                    <div class=\"content\" style=\"background-color: #33bcad; color: #fff;\">\n                        <div class=\"text\">\n                            <h3 style=\"color: #fff\">D\u00d4LE\u017dIT\u00c9 INFORM\u00c1CIE<\/h3>\n                            Testovacia miestnos\u0165 sa nach\u00e1dza v priestoroch spolo\u010dnosti SOITRON, s.r.o., v budove Galvaniho Business Centra III na Galvaniho ulici 15\/C v Bratislave.<\/p>\n<p>Pros\u00edme v\u00e1s, aby ste sa na test dostavili v dostato\u010dnom predstihu (15 \u2013 30 min\u00fat pred napl\u00e1novan\u00fdm\u00a0za\u010diatkom) a so sebou si priniesli dva platn\u00e9 doklady toto\u017enosti (jeden s fotografiou, jeden s vlastnoru\u010dn\u00fdm podpisom) \u2013 napr. ob\u010diansky preukaz, vodi\u010dsk\u00fd preukaz, cestovn\u00fd pas a pod.<\/p>\n<p>V pr\u00edpade potreby v\u00e1m sk\u00fa\u0161ku na po\u017eiadanie presunieme na in\u00fd term\u00edn alebo zru\u0161\u00edme. T\u00fato skuto\u010dnos\u0165 je n\u00e1m v\u0161ak potrebn\u00e9 ozn\u00e1mi\u0165 najnesk\u00f4r dva dni pred napl\u00e1novan\u00fdm term\u00ednom.                        <\/div>\n                        <figure>\n                            <img decoding=\"async\" src=\"https:\/\/new.soitron.com\/wp-content\/uploads\/2015\/12\/info-vizual.jpg\">\n                        <\/figure>\n                    <\/div>\n                <\/div>\n                \n        [vc_empty_space height=&#8221;40px&#8221;][vc_column_text el_class=&#8221;text-center&#8221;]<\/p>\n<h2 class=\"wow fadeInLeft margin-b-30\" style=\"visibility: visible; animation-duration: 1.5s; animation-delay: 0s; animation-name: fadeInLeft;\" data-wow-duration=\"1.5s\" data-wow-delay=\"0s\">Platobn\u00e9 podmienky<\/h2>\n<p>Riadime sa ofici\u00e1lnym cenn\u00edkom spolo\u010dnost\u00ed Pearson Vue a Prometric. K cen\u00e1m testov ne\u00fa\u010dtujeme \u017eiadne poplatky za registr\u00e1ciu ani vykonanie testov.<\/p>\n<p>Fakturujeme v mene EUR: fin\u00e1lna cena je prepo\u010d\u00edtavan\u00e1 aktu\u00e1lnym kurzom dev\u00edza predaj Tatra banka, a.s. v de\u0148 absolvovania testu. K cene testu je pripo\u010d\u00edtavan\u00e1 DPH vo v\u00fd\u0161ke 20%. Na vami uveden\u00e9 faktura\u010dn\u00e9 \u00fadaje bude vystaven\u00e1 fakt\u00fara a zaslan\u00e1 na faktura\u010dn\u00fa adresu. V pr\u00edpade z\u00e1ujmu v\u00e1m e-mailom po\u0161leme scan fakt\u00fary. Splatnos\u0165 fakt\u00fary je 14 dn\u00ed od absolvovania testu.<br \/>\nPlatba na mieste v hotovosti \u010di kartou, bohu\u017eia\u013e, nie je mo\u017en\u00e1.<\/p>\n<p><a class=\"btn btn-primary\" href=\"https:\/\/www.soitron.com\/registracia-na-certifikaciu\/\" target=\"_blank\" rel=\"noopener noreferrer\">registr\u00e1cia<\/a>[\/vc_column_text][vc_empty_space height=&#8221;10px&#8221; el_class=&#8221;hidden-xs&#8221;][vc_column_text]<\/p>\n<h2 class=\"wow fadeInLeft margin-b-30\" style=\"visibility: visible; animation-duration: 1.5s; animation-delay: 0s; animation-name: fadeInLeft;\" data-wow-duration=\"1.5s\" data-wow-delay=\"0s\">Kontaktn\u00e9 inform\u00e1cie<\/h2>\n<p>[\/vc_column_text][\/vc_column_inner][\/vc_row_inner][vc_row_inner equal_height=&#8221;yes&#8221; disable_element=&#8221;yes&#8221;][vc_column_inner width=&#8221;1\/2&#8243;]\n                        <div data-wow-duration=\"1.5s\" data-wow-delay=\"0s\" class=\"wow fadeIn soitron-element soitron-element-contact-box-wrapper type-1\">\n                    <div class=\"content\" style=\"background-color: #f5f5f5\">\n                        <figure>\n                            <img decoding=\"async\" src=\"https:\/\/new.soitron.com\/wp-content\/uploads\/2019\/10\/linda-markova-scaled.jpg\" alt=\"\">\n                        <\/figure>\n                        <div class=\"text\">\n                            <div class=\"proffesion\">\n                                TRAINING &amp; TESTING CENTER ADMINISTRATOR                            <\/div>\n                            <div class=\"name\">\n                                <h4>Linda Markov\u00e1<\/h4>\n                            <\/div>\n                            <div class=\"text\">\n                                Tel.: 02\/5822 4248<\/p>\n<p>E-mail:<br \/>\n<a href=\"mailto:linda.markova@soitron.com\">linda.markova@soitron.com<\/a><\/p>\n<p>Kontaktujte ma\u00a0ak m\u00e1te ot\u00e1zky k testovaniu alebo si chcete dohodn\u00fa\u0165 certifika\u010dn\u00fa sk\u00fa\u0161ku.                            <\/div>\n                        <\/div>\n                    <\/div>\n                <\/div>\n                \n        [\/vc_column_inner][vc_column_inner width=&#8221;1\/2&#8243;]\n                        <div data-wow-duration=\"1.5s\" data-wow-delay=\"0s\" class=\"wow fadeIn soitron-element soitron-element-contact-box-wrapper type-1\">\n                    <div class=\"content\" style=\"background-color: #f5f5f5\">\n                        <figure>\n                            <img decoding=\"async\" src=\"https:\/\/new.soitron.com\/wp-content\/uploads\/2015\/12\/santai.jpg\" alt=\"\">\n                        <\/figure>\n                        <div class=\"text\">\n                            <div class=\"proffesion\">\n                                HR AND TRAINING CENTRE MANAGER                            <\/div>\n                            <div class=\"name\">\n                                <h4>Andrej S\u00e1ntai<\/h4>\n                            <\/div>\n                            <div class=\"text\">\n                                Tel: +421 2 5822 4111<\/p>\n<p>E-mail:<br \/>\n<a href=\"mailto:andrej.santai@soitron.com\">andrej.santai@soitron.com<\/a><br \/>\n<a href=\"mailto:certification@soitron.com\">certification@soitron.com<\/a>                            <\/div>\n                        <\/div>\n                    <\/div>\n                <\/div>\n                \n        [\/vc_column_inner][\/vc_row_inner][vc_row_inner disable_element=&#8221;yes&#8221;][vc_column_inner][vc_column_text]<\/p>\n<div class=\"wpb_text_column wpb_content_element \">\n<div class=\"wpb_wrapper\">\n<h2 class=\"wow fadeInLeft margin-b-30\" data-wow-duration=\"1.5s\" data-wow-delay=\"0s\">AKO SA K N\u00c1M DOSTANETE<\/h2>\n<\/div>\n<\/div>\n<div id=\"instructions\" class=\"panel-group\"><\/div>\n<p>[\/vc_column_text]                <div data-wow-duration=\"1.5s\" data-wow-delay=\"0s\" class=\"wow fadeIn soitron-element soitron-element-accordion-box-wrapper type-1\">\n                    <div class=\"content\" style=\"background-color: #f5f5f5\">\n                        <div class=\"headline\">\n                            <h4  >AUTOBUSY<\/h4>\n                            <span  class=\"status-icon\"><\/span>\n                        <\/div>\n                        <div class=\"text\">\n                            <\/p>\n<h4>Z autobusovej stanice\u00a0<a href=\"http:\/\/www.autobusovastanica.sk\/autobus-bratislava\/\" target=\"_blank\" rel=\"noopener noreferrer\">Mlynsk\u00e9 nivy<\/a>:<\/h4>\n<p><strong>SPOJENIE 1<br \/>\n<\/strong>\u2013\u00a0<strong>autobus \u010d. 78<\/strong>\u00a0smer Doln\u00e9 hony, \u010cili\u017esk\u00e1 (4 zast\u00e1vky, 6 min.)<br \/>\n\u2013 zast\u00e1vka Zimn\u00fd \u0161tadi\u00f3n \u2013 prestup na\u00a0<strong>autobus \u010d. 63<\/strong>\u00a0smer Trn\u00e1vka, Avion (7 zast\u00e1vok, 12 min.) alebo prestup na\u00a0<strong>autobus \u010d. 61<\/strong>\u00a0smer Letisko M. R. \u0160tef\u00e1nika (8 zast\u00e1vok, 9 min.)<br \/>\n\u2013 zast\u00e1vka Avion \u2013 vyst\u00fapi\u0165, presun ku \u0161koliacemu stredisku SOITRON (7 min.)<\/p>\n<p><strong>SPOJENIE 2<br \/>\n<\/strong>\u2013\u00a0<strong>trolejbus \u010d. 208<\/strong>\u00a0smer cintor\u00edn Ru\u017einov (11 zast\u00e1vok, 13 min.)<br \/>\n\u2013 zast\u00e1vka Cintor\u00edn Ru\u017einov \u2013 prestup na\u00a0<strong>autobus \u010d. 65<\/strong>\u00a0smer Ra\u010da, Tbilisk\u00e1 \u2013 presun medzi n\u00e1stupi\u0161\u0165ami zast\u00e1vky Cintor\u00edn Ru\u017einov \u2013 2 min. (2 zast\u00e1vky, 7 min.)<br \/>\n\u2013 zast\u00e1vka Galvaniho \u2013 vyst\u00fapi\u0165, presun ku \u0161koliacemu stredisku SOITRON (6 min.)<\/p>\n<p><strong>SPOJENIE 3<br \/>\n<\/strong>\u2013\u00a0<strong>trolejbus \u010d. 208<\/strong>\u00a0smer cintor\u00edn Ru\u017einov (11 zast\u00e1vok, 13 min.)<br \/>\n\u2013 zast\u00e1vka Prievozsk\u00e1 \u2013 prestup na\u00a0<strong>autobus \u010d. 96<\/strong>\u00a0smer Letisko M. R. \u0160tef\u00e1nika (10 zast\u00e1vok, 17 min.)<br \/>\n\u2013 zast\u00e1vka Avion \u2013 vyst\u00fapi\u0165, presun ku \u0161koliacemu stredisku SOITRON (7 min.)<\/p>\n<p><strong>SPOJENIE 4<br \/>\n<\/strong>\u2013<strong>\u00a0trolejbus \u010d. 205<\/strong>\u00a0smer Trn\u00e1vka, R\u00e1diov\u00e1 (14 zast\u00e1vok, 20 min.)<br \/>\n\u2013 zast\u00e1vka Bulharsk\u00e1 \u2013 prestup na\u00a0<strong>autobus \u010d. 65<\/strong>\u00a0smer Doln\u00e9 hony, \u010cili\u017esk\u00e1 \u2013 presun medzi n\u00e1stupi\u0161\u0165ami zast\u00e1vky Bulharsk\u00e1 \u2013 2 min. (3 zast\u00e1vky, 3 min.)<br \/>\n\u2013 zast\u00e1vka Galvaniho \u2013 vyst\u00fapi\u0165, presun ku \u0161koliacemu stredisku SOITRON (6 min.)<\/p>\n<p><strong>SPOJENIE 5<br \/>\n<\/strong>\u2013\u00a0<strong>trolejbus \u010d. 202<\/strong>\u00a0smer Doln\u00e9 hony, \u010cili\u017esk\u00e1 (9 zast\u00e1vok, 12 min.)<br \/>\n\u2013 zast\u00e1vka na znamenie R\u00edbez\u013eov\u00e1 \u2013 prestup\u00a0<strong>na autobus \u010d. 65<\/strong>\u00a0smer Doln\u00e9 hony, \u010cili\u017esk\u00e1 \u2013 presun medzi n\u00e1stupi\u0161\u0165ami zast\u00e1vky R\u00edbez\u013eov\u00e1 \u2013 2 min.)<br \/>\n\u2013 zast\u00e1vka Galvaniho \u2013 vyst\u00fapi\u0165, presun ku \u0161koliacemu stredisku SOITRON (6 min.)<\/p>\n<h4>Z\u00a0<a href=\"https:\/\/www.google.sk\/maps?espv=2&amp;biw=1600&amp;bih=775&amp;q=hlavna+stanica+bratislava&amp;bav=on.2,or.r_cp.&amp;bvm=bv.116573086,d.bGs&amp;ion=1&amp;um=1&amp;ie=UTF-8&amp;sa=X&amp;ved=0ahUKEwih2dK-u7jLAhWB73IKHS6cCj8Q_AUIBigB\" target=\"_blank\" rel=\"noopener noreferrer\">Hlavnej \u017eelezni\u010dnej stanice<\/a>:<\/h4>\n<p><strong>SPOJENIE 1<br \/>\n<\/strong>\u2013<strong>\u00a0autobus \u010d. 61<\/strong>\u00a0smer Letisko M. R. \u0160tef\u00e1nika (13 zast\u00e1vok, 17 min.)<br \/>\n\u2013 zast\u00e1vka Avion \u2013 vyst\u00fapi\u0165, presun ku \u0161koliacemu stredisku SOITRON (7 min.)<\/p>\n<p><strong>SPOJENIE 2<br \/>\n<\/strong>\u2013<strong>\u00a0autobus \u010d. 63<\/strong>\u00a0(zast\u00e1vka\u00a0N\u00e1m.\u00a0Franza\u00a0Liszta)\u00a0smer Letisko M. R. \u0160tef\u00e1nika (10 zast\u00e1vok, 18 min.)<br \/>\n\u2013 zast\u00e1vka Avion \u2013 vyst\u00fapi\u0165, presun ku \u0161koliacemu stredisku SOITRON (7 min.)                        <\/div>\n                    <\/div>\n                <\/div>\n                \n                        <div data-wow-duration=\"1.5s\" data-wow-delay=\"0s\" class=\"wow fadeIn soitron-element soitron-element-accordion-box-wrapper type-1\">\n                    <div class=\"content\" style=\"background-color: #f5f5f5\">\n                        <div class=\"headline\">\n                            <h4  >AUTO<\/h4>\n                            <span  class=\"status-icon\"><\/span>\n                        <\/div>\n                        <div class=\"text\">\n                            <\/p>\n<h4>ADRESA<\/h4>\n<p>SOITRON, s.r.o.<\/p>\n<p>Galvaniho 15\/C, GBC III<\/p>\n<p>821 04\u00a0 Bratislava<\/p>\n<p>Slovensk\u00e1 republika<\/p>\n<p><a href=\"https:\/\/www.google.sk\/maps\/search\/Galvaniho+15%2FC,+GBC+III+bratislava\/@48.1645966,17.1755317,17z\/data=!3m1!4b1\" target=\"_blank\" rel=\"noopener noreferrer\">Zobrazi\u0165 mapu<\/a>                        <\/div>\n                    <\/div>\n                <\/div>\n                \n        [\/vc_column_inner][\/vc_row_inner][vc_empty_space height=&#8221;20px&#8221;][\/vc_column][\/vc_row]<\/p>\n<\/div>","protected":false},"excerpt":{"rendered":"<p>[vc_row full_width=&#8221;stretch_row_content_no_spaces&#8221;][vc_column][vc_empty_space][vc_empty_space][\/vc_column][\/vc_row][vc_row][vc_column][vc_empty_space height=&#8221;20px&#8221;][vc_column_text] \u010cinnos\u0165 certfika\u010dn\u00e9ho strediska bola ku d\u0148u 30.9.2021 ukon\u010den\u00e1. [\/vc_column_text][vc_row_inner disable_element=&#8221;yes&#8221;][vc_column_inner width=&#8221;7\/12&#8243;][vc_column_text] SOITRON vytvoril pre IT odborn\u00edkov ide\u00e1lne podmienky na testovanie technol\u00f3gi\u00ed v\u0161etk\u00fdch renomovan\u00fdch firiem sveta. Autorizovan\u00fdm partnerom spolo\u010dnosti Pearson VUE sme sa stali v roku 2003. N\u00e1sledne, v roku 2007, sme \u00a0po splnen\u00ed n\u00e1ro\u010dn\u00fdch podmienok spolo\u010dnosti\u00a0Prometric &#8211; glob\u00e1lneho providera komplexn\u00e9ho testovania, z\u00edskali [&hellip;]<\/p>\n","protected":false},"author":11,"featured_media":0,"parent":0,"menu_order":0,"comment_status":"closed","ping_status":"closed","template":"","meta":{"_acf_changed":false,"footnotes":""},"class_list":["post-6216","page","type-page","status-publish","hentry"],"acf":[],"yoast_head":"<!-- This site is optimized with the Yoast SEO plugin v27.1.1 - https:\/\/yoast.com\/product\/yoast-seo-wordpress\/ -->\n<title>Certifika\u010dn\u00e9 stredisko - Soitron<\/title>\n<meta name=\"description\" content=\"SOITRON vytvoril pre IT odborn\u00edkov ide\u00e1lne podmienky na testovanie technol\u00f3gi\u00ed v\u0161etk\u00fdch renomovan\u00fdch firiem sveta.\" \/>\n<meta name=\"robots\" content=\"noindex, follow, max-snippet:-1, max-image-preview:large, max-video-preview:-1\" \/>\n<meta property=\"og:locale\" content=\"sk_SK\" \/>\n<meta property=\"og:type\" content=\"article\" \/>\n<meta property=\"og:title\" content=\"Certifika\u010dn\u00e9 stredisko - Soitron\" \/>\n<meta property=\"og:description\" content=\"SOITRON vytvoril pre IT odborn\u00edkov ide\u00e1lne podmienky na testovanie technol\u00f3gi\u00ed v\u0161etk\u00fdch renomovan\u00fdch firiem sveta.\" \/>\n<meta property=\"og:url\" content=\"https:\/\/new.soitron.com\/certification-center\/\" \/>\n<meta property=\"og:site_name\" content=\"Soitron\" \/>\n<meta property=\"article:modified_time\" content=\"2021-10-22T08:47:40+00:00\" \/>\n<meta name=\"twitter:card\" content=\"summary_large_image\" \/>\n<meta name=\"twitter:label1\" content=\"Predpokladan\u00fd \u010das \u010d\u00edtania\" \/>\n\t<meta name=\"twitter:data1\" content=\"4 min\u00faty\" \/>\n<!-- \/ Yoast SEO plugin. -->","yoast_head_json":{"title":"Certifika\u010dn\u00e9 stredisko - Soitron","description":"SOITRON vytvoril pre IT odborn\u00edkov ide\u00e1lne podmienky na testovanie technol\u00f3gi\u00ed v\u0161etk\u00fdch renomovan\u00fdch firiem sveta.","robots":{"index":"noindex","follow":"follow","max-snippet":"max-snippet:-1","max-image-preview":"max-image-preview:large","max-video-preview":"max-video-preview:-1"},"og_locale":"sk_SK","og_type":"article","og_title":"Certifika\u010dn\u00e9 stredisko - Soitron","og_description":"SOITRON vytvoril pre IT odborn\u00edkov ide\u00e1lne podmienky na testovanie technol\u00f3gi\u00ed v\u0161etk\u00fdch renomovan\u00fdch firiem sveta.","og_url":"https:\/\/new.soitron.com\/certification-center\/","og_site_name":"Soitron","article_modified_time":"2021-10-22T08:47:40+00:00","twitter_card":"summary_large_image","twitter_misc":{"Predpokladan\u00fd \u010das \u010d\u00edtania":"4 min\u00faty"},"schema":{"@context":"https:\/\/schema.org","@graph":[{"@type":"WebPage","@id":"https:\/\/new.soitron.com\/certification-center\/","url":"https:\/\/new.soitron.com\/certification-center\/","name":"Certifika\u010dn\u00e9 stredisko - Soitron","isPartOf":{"@id":"https:\/\/new.soitron.com\/#website"},"datePublished":"2016-12-20T09:58:22+00:00","dateModified":"2021-10-22T08:47:40+00:00","description":"SOITRON vytvoril pre IT odborn\u00edkov ide\u00e1lne podmienky na testovanie technol\u00f3gi\u00ed v\u0161etk\u00fdch renomovan\u00fdch firiem sveta.","breadcrumb":{"@id":"https:\/\/new.soitron.com\/certification-center\/#breadcrumb"},"inLanguage":"sk-SK","potentialAction":[{"@type":"ReadAction","target":["https:\/\/new.soitron.com\/certification-center\/"]}]},{"@type":"BreadcrumbList","@id":"https:\/\/new.soitron.com\/certification-center\/#breadcrumb","itemListElement":[{"@type":"ListItem","position":1,"name":"Home","item":"https:\/\/new.soitron.com\/"},{"@type":"ListItem","position":2,"name":"Certifika\u010dn\u00e9 stredisko"}]},{"@type":"WebSite","@id":"https:\/\/new.soitron.com\/#website","url":"https:\/\/new.soitron.com\/","name":"Soitron","description":"Soitron je IT firma s viac ako 30 ro\u010dnou trad\u00edciou.","publisher":{"@id":"https:\/\/new.soitron.com\/#organization"},"potentialAction":[{"@type":"SearchAction","target":{"@type":"EntryPoint","urlTemplate":"https:\/\/new.soitron.com\/?s={search_term_string}"},"query-input":{"@type":"PropertyValueSpecification","valueRequired":true,"valueName":"search_term_string"}}],"inLanguage":"sk-SK"},{"@type":"Organization","@id":"https:\/\/new.soitron.com\/#organization","name":"Soitron","url":"https:\/\/new.soitron.com\/","logo":{"@type":"ImageObject","inLanguage":"sk-SK","@id":"https:\/\/new.soitron.com\/#\/schema\/logo\/image\/","url":"https:\/\/new.soitron.com\/wp-content\/uploads\/2016\/10\/Soitron_logo.png","contentUrl":"https:\/\/new.soitron.com\/wp-content\/uploads\/2016\/10\/Soitron_logo.png","width":224,"height":56,"caption":"Soitron"},"image":{"@id":"https:\/\/new.soitron.com\/#\/schema\/logo\/image\/"}}]}},"_links":{"self":[{"href":"https:\/\/new.soitron.com\/sk\/wp-json\/wp\/v2\/pages\/6216","targetHints":{"allow":["GET"]}}],"collection":[{"href":"https:\/\/new.soitron.com\/sk\/wp-json\/wp\/v2\/pages"}],"about":[{"href":"https:\/\/new.soitron.com\/sk\/wp-json\/wp\/v2\/types\/page"}],"author":[{"embeddable":true,"href":"https:\/\/new.soitron.com\/sk\/wp-json\/wp\/v2\/users\/11"}],"replies":[{"embeddable":true,"href":"https:\/\/new.soitron.com\/sk\/wp-json\/wp\/v2\/comments?post=6216"}],"version-history":[{"count":0,"href":"https:\/\/new.soitron.com\/sk\/wp-json\/wp\/v2\/pages\/6216\/revisions"}],"wp:attachment":[{"href":"https:\/\/new.soitron.com\/sk\/wp-json\/wp\/v2\/media?parent=6216"}],"curies":[{"name":"wp","href":"https:\/\/api.w.org\/{rel}","templated":true}]}}