{"id":6,"date":"2015-10-20T12:50:24","date_gmt":"2015-10-20T10:50:24","guid":{"rendered":"https:\/\/www.soitron.com\/?page_id=6"},"modified":"2022-02-23T14:17:37","modified_gmt":"2022-02-23T13:17:37","slug":"riesenia-a-sluzby","status":"publish","type":"page","link":"https:\/\/new.soitron.com\/sk\/riesenia-a-sluzby\/","title":{"rendered":"\u010co rob\u00edme"},"content":{"rendered":"<div class=\"wpb-content-wrapper\"><p>[vc_row full_width=&#8221;stretch_row_content_no_spaces&#8221;][vc_column]\n                        <div data-wow-duration=\"1.5s\" data-wow-delay=\"0s\" class=\"wow fadeIn soitron-element soitron-element-banner-wrapper type-1 \">\n                                            <figure class=\"background\">\n                            <link rel=\"preload\" href=\"https:\/\/new.soitron.com\/wp-content\/uploads\/2015\/12\/produkty-a-sluzby3_s.jpg.webp\" as=\"image\">\n                            <img decoding=\"async\" src=\"https:\/\/new.soitron.com\/wp-content\/uploads\/2015\/12\/produkty-a-sluzby3_s.jpg\">\n                        <\/figure>\n                                        \n                    <div class=\"container\">\n                                                    <h1 style=\"color:#000000\">\u010cO ROB\u00cdME<\/h1>\n                                                                                                <\/div>\n                                            <a href=\"\/sk\/riesenia-a-sluzby\/#contact\" target=\"_self\" class=\"header-cta\">\n                            Kontaktujte n\u00e1s                        <\/a>\n                                    <\/div>\n\n            \n[\/vc_column][\/vc_row][vc_row el_class=&#8221;intro text-center&#8221;][vc_column width=&#8221;1\/6&#8243;][\/vc_column][vc_column width=&#8221;2\/3&#8243;][vc_column_text]<\/p>\n<h1 style=\"text-align: center;\">NECHAJTE VA\u0160E IT NA N\u00c1S<\/h1>\n<p>[\/vc_column_text][vc_column_text]<\/p>\n<p style=\"text-align: center;\">Mysl\u00edme dopredu, vid\u00edme digit\u00e1lne hrozby a kon\u00e1me.<\/p>\n<p>[\/vc_column_text][\/vc_column][vc_column width=&#8221;1\/6&#8243;][\/vc_column][\/vc_row][vc_row equal_height=&#8221;yes&#8221; el_id=&#8221;dalsie-riesenia&#8221;][vc_column][vc_row_inner equal_height=&#8221;yes&#8221;][vc_column_inner width=&#8221;1\/4&#8243;]\n                        <div data-wow-duration=\"1.5s\" data-wow-delay=\"0s\" class=\"wow fadeIn soitron-element soitron-element-link-box-wrapper type-3\">\n                    <div class=\"content\">\n                        <a target=\"_blank\" href=\"https:\/\/www.soitron.sk\/riesenia-a-sluzby\/rpa\/\"><\/a>\n\n                        <div class=\"image\">\n                                                        <div class=\"image\">\n                                <img decoding=\"async\" src=\"https:\/\/new.soitron.com\/wp-content\/uploads\/2021\/02\/RPA_tile.png\" alt=\"Automatiz\u00e1cia a robotiz\u00e1cia\">\n                            <\/div>\n                                                    <\/div>\n                        <div class=\"link\" style=\"background-color: #802c7b\">\n                            <h2>Automatiz\u00e1cia a robotiz\u00e1cia<\/h2>\n                            <span class=\"glyphicon glyphicon-menu-right anim\"><\/span>\n                        <\/div>\n                    <\/div>\n                <\/div>\n                \n        [\/vc_column_inner][vc_column_inner width=&#8221;1\/4&#8243;]\n                        <div data-wow-duration=\"1.5s\" data-wow-delay=\"0s\" class=\"wow fadeIn soitron-element soitron-element-link-box-wrapper type-3\">\n                    <div class=\"content\">\n                        <a target=\"_blank\" href=\"https:\/\/www.soitron.sk\/riesenia-a-sluzby\/bezpecnost\/\"><\/a>\n\n                        <div class=\"image\">\n                                                        <div class=\"image\">\n                                <img decoding=\"async\" src=\"https:\/\/new.soitron.com\/wp-content\/uploads\/2021\/02\/security_tile.png\" alt=\"Kybernetick\u00e1 bezpe\u010dnos\u0165\">\n                            <\/div>\n                                                    <\/div>\n                        <div class=\"link\" style=\"background-color: #f01516\">\n                            <h2>Kybernetick\u00e1 bezpe\u010dnos\u0165<\/h2>\n                            <span class=\"glyphicon glyphicon-menu-right anim\"><\/span>\n                        <\/div>\n                    <\/div>\n                <\/div>\n                \n        [\/vc_column_inner][vc_column_inner width=&#8221;1\/4&#8243;]\n                        <div data-wow-duration=\"1.5s\" data-wow-delay=\"0s\" class=\"wow fadeIn soitron-element soitron-element-link-box-wrapper type-3\">\n                    <div class=\"content\">\n                        <a target=\"_blank\" href=\"https:\/\/www.soitron.sk\/riesenia-a-sluzby\/datamanagement-a-infrastruktura\/\"><\/a>\n\n                        <div class=\"image\">\n                                                        <div class=\"image\">\n                                <img decoding=\"async\" src=\"https:\/\/new.soitron.com\/wp-content\/uploads\/2021\/05\/data_center_tile.png\" alt=\"D\u00e1tov\u00e9 centr\u00e1\">\n                            <\/div>\n                                                    <\/div>\n                        <div class=\"link\" style=\"background-color: #36a2cf\">\n                            <h2>D\u00e1tov\u00e9 centr\u00e1<\/h2>\n                            <span class=\"glyphicon glyphicon-menu-right anim\"><\/span>\n                        <\/div>\n                    <\/div>\n                <\/div>\n                \n        [\/vc_column_inner][vc_column_inner width=&#8221;1\/4&#8243;]\n                        <div data-wow-duration=\"1.5s\" data-wow-delay=\"0s\" class=\"wow fadeIn soitron-element soitron-element-link-box-wrapper type-3\">\n                    <div class=\"content\">\n                        <a target=\"_blank\" href=\"https:\/\/www.soitron.sk\/riesenia-a-sluzby\/network\/\"><\/a>\n\n                        <div class=\"image\">\n                                                        <div class=\"image\">\n                                <img decoding=\"async\" src=\"https:\/\/new.soitron.com\/wp-content\/uploads\/2021\/05\/network_tile.png\" alt=\"Sie\u0165ov\u00e9 rie\u0161enia\">\n                            <\/div>\n                                                    <\/div>\n                        <div class=\"link\" style=\"background-color: #84bf43\">\n                            <h2>Sie\u0165ov\u00e9 rie\u0161enia<\/h2>\n                            <span class=\"glyphicon glyphicon-menu-right anim\"><\/span>\n                        <\/div>\n                    <\/div>\n                <\/div>\n                \n        [\/vc_column_inner][\/vc_row_inner][\/vc_column][\/vc_row][vc_row equal_height=&#8221;yes&#8221;][vc_column][vc_row_inner equal_height=&#8221;yes&#8221;][vc_column_inner width=&#8221;1\/4&#8243;]\n                        <div data-wow-duration=\"1.5s\" data-wow-delay=\"0s\" class=\"wow fadeIn soitron-element soitron-element-link-box-wrapper type-3\">\n                    <div class=\"content\">\n                        <a target=\"_blank\" href=\"https:\/\/www.soitron.sk\/riesenia-a-sluzby\/iot-riesenia\/\"><\/a>\n\n                        <div class=\"image\">\n                                                        <div class=\"image\">\n                                <img decoding=\"async\" src=\"https:\/\/new.soitron.com\/wp-content\/uploads\/2021\/05\/IoT_tile.png\" alt=\"IoT rie\u0161enia\">\n                            <\/div>\n                                                    <\/div>\n                        <div class=\"link\" style=\"background-color: #eb8b30\">\n                            <h2>IoT rie\u0161enia<\/h2>\n                            <span class=\"glyphicon glyphicon-menu-right anim\"><\/span>\n                        <\/div>\n                    <\/div>\n                <\/div>\n                \n        [\/vc_column_inner][vc_column_inner width=&#8221;1\/4&#8243;]\n                        <div data-wow-duration=\"1.5s\" data-wow-delay=\"0s\" class=\"wow fadeIn soitron-element soitron-element-link-box-wrapper type-3\">\n                    <div class=\"content\">\n                        <a target=\"_blank\" href=\"https:\/\/www.soitron.sk\/riesenia-a-sluzby\/it-outsourcing\/\"><\/a>\n\n                        <div class=\"image\">\n                                                        <div class=\"image\">\n                                <img decoding=\"async\" src=\"https:\/\/new.soitron.com\/wp-content\/uploads\/2021\/05\/IT_outsourcing_tile.png\" alt=\"IT outsourcing\">\n                            <\/div>\n                                                    <\/div>\n                        <div class=\"link\" style=\"background-color: #33bcad\">\n                            <h2>IT outsourcing<\/h2>\n                            <span class=\"glyphicon glyphicon-menu-right anim\"><\/span>\n                        <\/div>\n                    <\/div>\n                <\/div>\n                \n        [\/vc_column_inner][vc_column_inner width=&#8221;1\/4&#8243;]\n                        <div data-wow-duration=\"1.5s\" data-wow-delay=\"0s\" class=\"wow fadeIn soitron-element soitron-element-link-box-wrapper type-3\">\n                    <div class=\"content\">\n                        <a target=\"_blank\" href=\"https:\/\/www.soitron.sk\/riesenia-a-sluzby\/komunikacne-riesenia\/\"><\/a>\n\n                        <div class=\"image\">\n                                                        <div class=\"image\">\n                                <img decoding=\"async\" src=\"https:\/\/new.soitron.com\/wp-content\/uploads\/2021\/05\/communication_tile.png\" alt=\"Komunika\u010dn\u00e9 rie\u0161enia\">\n                            <\/div>\n                                                    <\/div>\n                        <div class=\"link\" style=\"background-color: #d3db34\">\n                            <h2>Komunika\u010dn\u00e9 rie\u0161enia<\/h2>\n                            <span class=\"glyphicon glyphicon-menu-right anim\"><\/span>\n                        <\/div>\n                    <\/div>\n                <\/div>\n                \n        [\/vc_column_inner][vc_column_inner width=&#8221;1\/4&#8243;]\n                        <div data-wow-duration=\"1.5s\" data-wow-delay=\"0s\" class=\"wow fadeIn soitron-element soitron-element-link-box-wrapper type-3\">\n                    <div class=\"content\">\n                        <a target=\"_blank\" href=\"https:\/\/www.soitron.sk\/riesenia-a-sluzby\/it-poradenstvo\/\"><\/a>\n\n                        <div class=\"image\">\n                                                        <div class=\"image\">\n                                <img decoding=\"async\" src=\"https:\/\/new.soitron.com\/wp-content\/uploads\/2021\/05\/support_advisory_tile.png\" alt=\"IT support a poradenstvo\">\n                            <\/div>\n                                                    <\/div>\n                        <div class=\"link\" style=\"background-color: #d158a0\">\n                            <h2>IT support a poradenstvo<\/h2>\n                            <span class=\"glyphicon glyphicon-menu-right anim\"><\/span>\n                        <\/div>\n                    <\/div>\n                <\/div>\n                \n        [\/vc_column_inner][\/vc_row_inner][\/vc_column][\/vc_row][vc_row full_width=&#8221;stretch_row&#8221; el_class=&#8221;bg-grey2&#8243; el_id=&#8221;contact&#8221;][vc_column][vc_column_text]<\/p>\n<h2 class=\"wow fadeInLeft margin-b-30\" data-wow-delay=\"0s\" data-wow-duration=\"1.5s\">Kontaktujte n\u00e1s<\/h2>\n<p>[\/vc_column_text][contact-form-7 id=&#8221;99&#8243;][\/vc_column][\/vc_row]<\/p>\n<\/div>","protected":false},"excerpt":{"rendered":"<p>[vc_row full_width=&#8221;stretch_row_content_no_spaces&#8221;][vc_column][\/vc_column][\/vc_row][vc_row el_class=&#8221;intro text-center&#8221;][vc_column width=&#8221;1\/6&#8243;][\/vc_column][vc_column width=&#8221;2\/3&#8243;][vc_column_text] NECHAJTE VA\u0160E IT NA N\u00c1S [\/vc_column_text][vc_column_text] Mysl\u00edme dopredu, vid\u00edme digit\u00e1lne hrozby a kon\u00e1me. [\/vc_column_text][\/vc_column][vc_column width=&#8221;1\/6&#8243;][\/vc_column][\/vc_row][vc_row equal_height=&#8221;yes&#8221; el_id=&#8221;dalsie-riesenia&#8221;][vc_column][vc_row_inner equal_height=&#8221;yes&#8221;][vc_column_inner width=&#8221;1\/4&#8243;][\/vc_column_inner][vc_column_inner width=&#8221;1\/4&#8243;][\/vc_column_inner][vc_column_inner width=&#8221;1\/4&#8243;][\/vc_column_inner][vc_column_inner width=&#8221;1\/4&#8243;][\/vc_column_inner][\/vc_row_inner][\/vc_column][\/vc_row][vc_row equal_height=&#8221;yes&#8221;][vc_column][vc_row_inner equal_height=&#8221;yes&#8221;][vc_column_inner width=&#8221;1\/4&#8243;][\/vc_column_inner][vc_column_inner width=&#8221;1\/4&#8243;][\/vc_column_inner][vc_column_inner width=&#8221;1\/4&#8243;][\/vc_column_inner][vc_column_inner width=&#8221;1\/4&#8243;][\/vc_column_inner][\/vc_row_inner][\/vc_column][\/vc_row][vc_row full_width=&#8221;stretch_row&#8221; el_class=&#8221;bg-grey2&#8243; el_id=&#8221;contact&#8221;][vc_column][vc_column_text] Kontaktujte n\u00e1s [\/vc_column_text][contact-form-7 id=&#8221;99&#8243;][\/vc_column][\/vc_row]<\/p>\n","protected":false},"author":2,"featured_media":0,"parent":0,"menu_order":0,"comment_status":"closed","ping_status":"closed","template":"","meta":{"_acf_changed":false,"footnotes":""},"class_list":["post-6","page","type-page","status-publish","hentry"],"acf":[],"yoast_head":"<!-- This site is optimized with the Yoast SEO plugin v27.1.1 - https:\/\/yoast.com\/product\/yoast-seo-wordpress\/ -->\n<title>\u010co rob\u00edme - Soitron<\/title>\n<meta name=\"description\" content=\"Pozrite sa na Soitron porf\u00f3lio produktov. Spolo\u010dne n\u00e1jdeme rie\u0161enie pre automatiz\u00e1ciu, siete \u010di komunik\u00e1ciu. Nechajte va\u0161e IT na n\u00e1s!\" \/>\n<meta name=\"robots\" content=\"noindex, follow, max-snippet:-1, max-image-preview:large, max-video-preview:-1\" \/>\n<meta property=\"og:locale\" content=\"sk_SK\" \/>\n<meta property=\"og:type\" content=\"article\" \/>\n<meta property=\"og:title\" content=\"\u010co rob\u00edme - Soitron\" \/>\n<meta property=\"og:description\" content=\"Pozrite sa na Soitron porf\u00f3lio produktov. Spolo\u010dne n\u00e1jdeme rie\u0161enie pre automatiz\u00e1ciu, siete \u010di komunik\u00e1ciu. Nechajte va\u0161e IT na n\u00e1s!\" \/>\n<meta property=\"og:url\" content=\"https:\/\/new.soitron.com\/solutions-and-services\/\" \/>\n<meta property=\"og:site_name\" content=\"Soitron\" \/>\n<meta property=\"article:modified_time\" content=\"2022-02-23T13:17:37+00:00\" \/>\n<meta name=\"twitter:card\" content=\"summary_large_image\" \/>\n<meta name=\"twitter:label1\" content=\"Predpokladan\u00fd \u010das \u010d\u00edtania\" \/>\n\t<meta name=\"twitter:data1\" content=\"1 min\u00fata\" \/>\n<!-- \/ Yoast SEO plugin. -->","yoast_head_json":{"title":"\u010co rob\u00edme - Soitron","description":"Pozrite sa na Soitron porf\u00f3lio produktov. Spolo\u010dne n\u00e1jdeme rie\u0161enie pre automatiz\u00e1ciu, siete \u010di komunik\u00e1ciu. Nechajte va\u0161e IT na n\u00e1s!","robots":{"index":"noindex","follow":"follow","max-snippet":"max-snippet:-1","max-image-preview":"max-image-preview:large","max-video-preview":"max-video-preview:-1"},"og_locale":"sk_SK","og_type":"article","og_title":"\u010co rob\u00edme - Soitron","og_description":"Pozrite sa na Soitron porf\u00f3lio produktov. Spolo\u010dne n\u00e1jdeme rie\u0161enie pre automatiz\u00e1ciu, siete \u010di komunik\u00e1ciu. Nechajte va\u0161e IT na n\u00e1s!","og_url":"https:\/\/new.soitron.com\/solutions-and-services\/","og_site_name":"Soitron","article_modified_time":"2022-02-23T13:17:37+00:00","twitter_card":"summary_large_image","twitter_misc":{"Predpokladan\u00fd \u010das \u010d\u00edtania":"1 min\u00fata"},"schema":{"@context":"https:\/\/schema.org","@graph":[{"@type":"WebPage","@id":"https:\/\/new.soitron.com\/solutions-and-services\/","url":"https:\/\/new.soitron.com\/solutions-and-services\/","name":"\u010co rob\u00edme - Soitron","isPartOf":{"@id":"https:\/\/new.soitron.com\/#website"},"datePublished":"2015-10-20T10:50:24+00:00","dateModified":"2022-02-23T13:17:37+00:00","description":"Pozrite sa na Soitron porf\u00f3lio produktov. Spolo\u010dne n\u00e1jdeme rie\u0161enie pre automatiz\u00e1ciu, siete \u010di komunik\u00e1ciu. Nechajte va\u0161e IT na n\u00e1s!","breadcrumb":{"@id":"https:\/\/new.soitron.com\/solutions-and-services\/#breadcrumb"},"inLanguage":"sk-SK","potentialAction":[{"@type":"ReadAction","target":["https:\/\/new.soitron.com\/solutions-and-services\/"]}]},{"@type":"BreadcrumbList","@id":"https:\/\/new.soitron.com\/solutions-and-services\/#breadcrumb","itemListElement":[{"@type":"ListItem","position":1,"name":"Home","item":"https:\/\/new.soitron.com\/"},{"@type":"ListItem","position":2,"name":"\u010co rob\u00edme"}]},{"@type":"WebSite","@id":"https:\/\/new.soitron.com\/#website","url":"https:\/\/new.soitron.com\/","name":"Soitron","description":"Soitron je IT firma s viac ako 30 ro\u010dnou trad\u00edciou.","publisher":{"@id":"https:\/\/new.soitron.com\/#organization"},"potentialAction":[{"@type":"SearchAction","target":{"@type":"EntryPoint","urlTemplate":"https:\/\/new.soitron.com\/?s={search_term_string}"},"query-input":{"@type":"PropertyValueSpecification","valueRequired":true,"valueName":"search_term_string"}}],"inLanguage":"sk-SK"},{"@type":"Organization","@id":"https:\/\/new.soitron.com\/#organization","name":"Soitron","url":"https:\/\/new.soitron.com\/","logo":{"@type":"ImageObject","inLanguage":"sk-SK","@id":"https:\/\/new.soitron.com\/#\/schema\/logo\/image\/","url":"https:\/\/new.soitron.com\/wp-content\/uploads\/2016\/10\/Soitron_logo.png","contentUrl":"https:\/\/new.soitron.com\/wp-content\/uploads\/2016\/10\/Soitron_logo.png","width":224,"height":56,"caption":"Soitron"},"image":{"@id":"https:\/\/new.soitron.com\/#\/schema\/logo\/image\/"}}]}},"_links":{"self":[{"href":"https:\/\/new.soitron.com\/sk\/wp-json\/wp\/v2\/pages\/6","targetHints":{"allow":["GET"]}}],"collection":[{"href":"https:\/\/new.soitron.com\/sk\/wp-json\/wp\/v2\/pages"}],"about":[{"href":"https:\/\/new.soitron.com\/sk\/wp-json\/wp\/v2\/types\/page"}],"author":[{"embeddable":true,"href":"https:\/\/new.soitron.com\/sk\/wp-json\/wp\/v2\/users\/2"}],"replies":[{"embeddable":true,"href":"https:\/\/new.soitron.com\/sk\/wp-json\/wp\/v2\/comments?post=6"}],"version-history":[{"count":0,"href":"https:\/\/new.soitron.com\/sk\/wp-json\/wp\/v2\/pages\/6\/revisions"}],"wp:attachment":[{"href":"https:\/\/new.soitron.com\/sk\/wp-json\/wp\/v2\/media?parent=6"}],"curies":[{"name":"wp","href":"https:\/\/api.w.org\/{rel}","templated":true}]}}