{"id":41521,"date":"2021-06-02T15:52:41","date_gmt":"2021-06-02T14:52:41","guid":{"rendered":"https:\/\/www.soitron.com\/?page_id=41521"},"modified":"2021-12-03T16:53:39","modified_gmt":"2021-12-03T15:53:39","slug":"pre-koho-robime","status":"publish","type":"page","link":"https:\/\/new.soitron.com\/sk\/pre-koho-robime\/","title":{"rendered":"Pre koho rob\u00edme"},"content":{"rendered":"<div class=\"wpb-content-wrapper\"><p>[vc_row full_width=&#8221;stretch_row_content_no_spaces&#8221;][vc_column]\n                        <div data-wow-duration=\"1.5s\" data-wow-delay=\"0s\" class=\"wow fadeIn soitron-element soitron-element-banner-wrapper type-1 \">\n                                            <figure class=\"background\">\n                            <link rel=\"preload\" href=\"https:\/\/new.soitron.com\/wp-content\/uploads\/2021\/06\/vertikaly.png.webp\" as=\"image\">\n                            <img decoding=\"async\" src=\"https:\/\/new.soitron.com\/wp-content\/uploads\/2021\/06\/vertikaly.png\">\n                        <\/figure>\n                                        \n                    <div class=\"container\">\n                                                    <h1 style=\"color:#000000\">Pre koho rob\u00edme<\/h1>\n                                                                                                <\/div>\n                                    <\/div>\n\n            \n[\/vc_column][\/vc_row][vc_row][vc_column][vc_column_text]<\/p>\n<h1 style=\"text-align: center;\">DIGITALIZUJTE SVOJ BIZNIS<\/h1>\n<p>[\/vc_column_text][\/vc_column][\/vc_row][vc_row][vc_column][vc_column_text el_class=&#8221;intro text-center&#8221;]<\/p>\n<p style=\"text-align: center;\">Ka\u017ed\u00e1 z oblast\u00ed biznisu sa postupne transformuje, men\u00ed a je n\u00faten\u00e1 prisp\u00f4sobova\u0165 sa aktu\u00e1lnym trendom a \u010deli\u0165 v\u00fdzvam. My v Soitrone tieto v\u00fdzvy vieme pomenova\u0165 a pon\u00faknu\u0165 v\u00e1m rie\u0161enie, ako sa s nimi vysporiada\u0165 a digitalizova\u0165 svoj biznis. Vydajte sa cestou digit\u00e1lnej transform\u00e1cie a bu\u010fte o krok vpred pred konkurenciou. Pozrite sa, ako v\u00e1m vieme pom\u00f4c\u0165.<\/p>\n<p>[\/vc_column_text][\/vc_column][\/vc_row][vc_row][vc_column width=&#8221;1\/3&#8243;]\n                        <div data-wow-duration=\"1.5s\" data-wow-delay=\"0s\" class=\"wow fadeIn soitron-element soitron-element-link-box-wrapper type-3\">\n                    <div class=\"content\">\n                        <a target=\"_blank\" href=\"https:\/\/www.soitron.sk\/pre-koho-robime\/priemysel\/\"><\/a>\n\n                        <div class=\"image\">\n                                                        <div class=\"image\">\n                                <img decoding=\"async\" src=\"https:\/\/new.soitron.com\/wp-content\/uploads\/2021\/06\/priemysel_tile_2-1.png\" alt=\"Priemysel\">\n                            <\/div>\n                                                    <\/div>\n                        <div class=\"link\" style=\"background-color: #777879\">\n                            <h2>Priemysel<\/h2>\n                            <span class=\"glyphicon glyphicon-menu-right anim\"><\/span>\n                        <\/div>\n                    <\/div>\n                <\/div>\n                \n        [\/vc_column][vc_column width=&#8221;1\/3&#8243;]\n                        <div data-wow-duration=\"1.5s\" data-wow-delay=\"0s\" class=\"wow fadeIn soitron-element soitron-element-link-box-wrapper type-3\">\n                    <div class=\"content\">\n                        <a target=\"_blank\" href=\"https:\/\/www.soitron.sk\/pre-koho-robime\/zdravotnictvo\/\"><\/a>\n\n                        <div class=\"image\">\n                                                        <div class=\"image\">\n                                <img decoding=\"async\" src=\"https:\/\/new.soitron.com\/wp-content\/uploads\/2021\/06\/zdravotnictvo_tile_2.png\" alt=\"Zdravotn\u00edctvo\">\n                            <\/div>\n                                                    <\/div>\n                        <div class=\"link\" style=\"background-color: #777879\">\n                            <h2>Zdravotn\u00edctvo<\/h2>\n                            <span class=\"glyphicon glyphicon-menu-right anim\"><\/span>\n                        <\/div>\n                    <\/div>\n                <\/div>\n                \n        [\/vc_column][vc_column width=&#8221;1\/3&#8243;]\n                        <div data-wow-duration=\"1.5s\" data-wow-delay=\"0s\" class=\"wow fadeIn soitron-element soitron-element-link-box-wrapper type-3\">\n                    <div class=\"content\">\n                        <a target=\"_blank\" href=\"https:\/\/www.soitron.sk\/pre-koho-robime\/statna-sprava\/\"><\/a>\n\n                        <div class=\"image\">\n                                                        <div class=\"image\">\n                                <img decoding=\"async\" src=\"https:\/\/new.soitron.com\/wp-content\/uploads\/2021\/06\/statna_sprava_tile_2.png\" alt=\"\u0160t\u00e1tna spr\u00e1va\">\n                            <\/div>\n                                                    <\/div>\n                        <div class=\"link\" style=\"background-color: #777879\">\n                            <h2>\u0160t\u00e1tna spr\u00e1va<\/h2>\n                            <span class=\"glyphicon glyphicon-menu-right anim\"><\/span>\n                        <\/div>\n                    <\/div>\n                <\/div>\n                \n        [\/vc_column][\/vc_row][vc_row][vc_column width=&#8221;1\/3&#8243;]\n                        <div data-wow-duration=\"1.5s\" data-wow-delay=\"0s\" class=\"wow fadeIn soitron-element soitron-element-link-box-wrapper type-3\">\n                    <div class=\"content\">\n                        <a target=\"_blank\" href=\"https:\/\/www.soitron.sk\/pre-koho-robime\/energetika\/\"><\/a>\n\n                        <div class=\"image\">\n                                                        <div class=\"image\">\n                                <img decoding=\"async\" src=\"https:\/\/new.soitron.com\/wp-content\/uploads\/2021\/06\/energetika_tile2.png\" alt=\"Energetika\">\n                            <\/div>\n                                                    <\/div>\n                        <div class=\"link\" style=\"background-color: #777879\">\n                            <h2>Energetika<\/h2>\n                            <span class=\"glyphicon glyphicon-menu-right anim\"><\/span>\n                        <\/div>\n                    <\/div>\n                <\/div>\n                \n        [\/vc_column][vc_column width=&#8221;1\/3&#8243;]\n                        <div data-wow-duration=\"1.5s\" data-wow-delay=\"0s\" class=\"wow fadeIn soitron-element soitron-element-link-box-wrapper type-3\">\n                    <div class=\"content\">\n                        <a target=\"_blank\" href=\"https:\/\/www.soitron.sk\/pre-koho-robime\/obchod-a-sluzby\/\"><\/a>\n\n                        <div class=\"image\">\n                                                        <div class=\"image\">\n                                <img decoding=\"async\" src=\"https:\/\/new.soitron.com\/wp-content\/uploads\/2021\/06\/obchod-a-sluzby-tile2.png\" alt=\"Obchod a slu\u017eby\">\n                            <\/div>\n                                                    <\/div>\n                        <div class=\"link\" style=\"background-color: #777879\">\n                            <h2>Obchod a slu\u017eby<\/h2>\n                            <span class=\"glyphicon glyphicon-menu-right anim\"><\/span>\n                        <\/div>\n                    <\/div>\n                <\/div>\n                \n        [\/vc_column][vc_column width=&#8221;1\/3&#8243;]\n                        <div data-wow-duration=\"1.5s\" data-wow-delay=\"0s\" class=\"wow fadeIn soitron-element soitron-element-link-box-wrapper type-3\">\n                    <div class=\"content\">\n                        <a target=\"_blank\" href=\"https:\/\/www.soitron.sk\/pre-koho-robime\/financnictvo\/\"><\/a>\n\n                        <div class=\"image\">\n                                                        <div class=\"image\">\n                                <img decoding=\"async\" src=\"https:\/\/new.soitron.com\/wp-content\/uploads\/2021\/06\/financnictvo_tile2.png\" alt=\"Finan\u010dn\u00edctvo\">\n                            <\/div>\n                                                    <\/div>\n                        <div class=\"link\" style=\"background-color: #777879\">\n                            <h2>Finan\u010dn\u00edctvo<\/h2>\n                            <span class=\"glyphicon glyphicon-menu-right anim\"><\/span>\n                        <\/div>\n                    <\/div>\n                <\/div>\n                \n        [\/vc_column][\/vc_row][vc_row disable_element=&#8221;yes&#8221;][vc_column width=&#8221;1\/3&#8243;]\n                        <div data-wow-duration=\"1.5s\" data-wow-delay=\"0s\" class=\"wow fadeIn soitron-element soitron-element-link-box-wrapper type-3\">\n                    <div class=\"content\">\n                        <a target=\"_blank\" href=\"https:\/\/www.soitron.sk\/pre-koho-robime\/priemysel\/\"><\/a>\n\n                        <div class=\"image\">\n                                                        <div class=\"image\">\n                                <img decoding=\"async\" src=\"https:\/\/new.soitron.com\/wp-content\/uploads\/2021\/06\/priemysel_tile.png\" alt=\"Priemysel\">\n                            <\/div>\n                                                    <\/div>\n                        <div class=\"link\" style=\"background-color: #222222\">\n                            <h2>Priemysel<\/h2>\n                            <span class=\"glyphicon glyphicon-menu-right anim\"><\/span>\n                        <\/div>\n                    <\/div>\n                <\/div>\n                \n        [\/vc_column][vc_column width=&#8221;1\/3&#8243;]\n                        <div data-wow-duration=\"1.5s\" data-wow-delay=\"0s\" class=\"wow fadeIn soitron-element soitron-element-link-box-wrapper type-3\">\n                    <div class=\"content\">\n                        <a target=\"_blank\" href=\"https:\/\/www.soitron.sk\/pre-koho-robime\/zdravotnictvo\/\"><\/a>\n\n                        <div class=\"image\">\n                                                        <div class=\"image\">\n                                <img decoding=\"async\" src=\"https:\/\/new.soitron.com\/wp-content\/uploads\/2021\/06\/zdravotnictvo_tile.png\" alt=\"Zdravotn\u00edctvo\">\n                            <\/div>\n                                                    <\/div>\n                        <div class=\"link\" style=\"background-color: #222222\">\n                            <h2>Zdravotn\u00edctvo<\/h2>\n                            <span class=\"glyphicon glyphicon-menu-right anim\"><\/span>\n                        <\/div>\n                    <\/div>\n                <\/div>\n                \n        [\/vc_column][vc_column width=&#8221;1\/3&#8243;]\n                        <div data-wow-duration=\"1.5s\" data-wow-delay=\"0s\" class=\"wow fadeIn soitron-element soitron-element-link-box-wrapper type-3\">\n                    <div class=\"content\">\n                        <a target=\"_blank\" href=\"https:\/\/www.soitron.sk\/pre-koho-robime\/statna-sprava\/\"><\/a>\n\n                        <div class=\"image\">\n                                                        <div class=\"image\">\n                                <img decoding=\"async\" src=\"https:\/\/new.soitron.com\/wp-content\/uploads\/2021\/06\/statna_sprava_tile.png\" alt=\"\u0160t\u00e1tna spr\u00e1va\">\n                            <\/div>\n                                                    <\/div>\n                        <div class=\"link\" style=\"background-color: #222222\">\n                            <h2>\u0160t\u00e1tna spr\u00e1va<\/h2>\n                            <span class=\"glyphicon glyphicon-menu-right anim\"><\/span>\n                        <\/div>\n                    <\/div>\n                <\/div>\n                \n        [\/vc_column][\/vc_row][vc_row disable_element=&#8221;yes&#8221;][vc_column width=&#8221;1\/3&#8243;]\n                        <div data-wow-duration=\"1.5s\" data-wow-delay=\"0s\" class=\"wow fadeIn soitron-element soitron-element-link-box-wrapper type-3\">\n                    <div class=\"content\">\n                        <a target=\"_blank\" href=\"https:\/\/www.soitron.sk\/pre-koho-robime\/energetika\/\"><\/a>\n\n                        <div class=\"image\">\n                                                        <div class=\"image\">\n                                <img decoding=\"async\" src=\"https:\/\/new.soitron.com\/wp-content\/uploads\/2021\/06\/energetika_tile.png\" alt=\"Energetika\">\n                            <\/div>\n                                                    <\/div>\n                        <div class=\"link\" style=\"background-color: #222222\">\n                            <h2>Energetika<\/h2>\n                            <span class=\"glyphicon glyphicon-menu-right anim\"><\/span>\n                        <\/div>\n                    <\/div>\n                <\/div>\n                \n        [\/vc_column][vc_column width=&#8221;1\/3&#8243;]\n                        <div data-wow-duration=\"1.5s\" data-wow-delay=\"0s\" class=\"wow fadeIn soitron-element soitron-element-link-box-wrapper type-3\">\n                    <div class=\"content\">\n                        <a target=\"_blank\" href=\"https:\/\/www.soitron.sk\/pre-koho-robime\/obchod-a-sluzby\/\"><\/a>\n\n                        <div class=\"image\">\n                                                        <div class=\"image\">\n                                <img decoding=\"async\" src=\"https:\/\/new.soitron.com\/wp-content\/uploads\/2021\/06\/obchod-a-sluzby-tile.png\" alt=\"Obchod a slu\u017eby\">\n                            <\/div>\n                                                    <\/div>\n                        <div class=\"link\" style=\"background-color: #222222\">\n                            <h2>Obchod a slu\u017eby<\/h2>\n                            <span class=\"glyphicon glyphicon-menu-right anim\"><\/span>\n                        <\/div>\n                    <\/div>\n                <\/div>\n                \n        [\/vc_column][vc_column width=&#8221;1\/3&#8243;]\n                        <div data-wow-duration=\"1.5s\" data-wow-delay=\"0s\" class=\"wow fadeIn soitron-element soitron-element-link-box-wrapper type-3\">\n                    <div class=\"content\">\n                        <a target=\"_blank\" href=\"https:\/\/www.soitron.sk\/pre-koho-robime\/skolstvo\/\"><\/a>\n\n                        <div class=\"image\">\n                                                        <div class=\"image\">\n                                <img decoding=\"async\" src=\"https:\/\/new.soitron.com\/wp-content\/uploads\/2021\/06\/skolstvo_tile.png\" alt=\"\u0160kolstvo\">\n                            <\/div>\n                                                    <\/div>\n                        <div class=\"link\" style=\"background-color: #222222\">\n                            <h2>\u0160kolstvo<\/h2>\n                            <span class=\"glyphicon glyphicon-menu-right anim\"><\/span>\n                        <\/div>\n                    <\/div>\n                <\/div>\n                \n        [\/vc_column][\/vc_row][vc_row disable_element=&#8221;yes&#8221;][vc_column width=&#8221;1\/3&#8243;]\n                        <div data-wow-duration=\"1.5s\" data-wow-delay=\"0s\" class=\"wow fadeIn soitron-element soitron-element-link-box-wrapper type-3\">\n                    <div class=\"content\">\n                        <a target=\"_blank\" href=\"https:\/\/www.soitron.sk\/pre-koho-robime\/financnictvo\/\"><\/a>\n\n                        <div class=\"image\">\n                                                        <div class=\"image\">\n                                <img decoding=\"async\" src=\"https:\/\/new.soitron.com\/wp-content\/uploads\/2021\/06\/financnictvo_tile.png\" alt=\"Finan\u010dn\u00edctvo\">\n                            <\/div>\n                                                    <\/div>\n                        <div class=\"link\" style=\"background-color: #222222\">\n                            <h2>Finan\u010dn\u00edctvo<\/h2>\n                            <span class=\"glyphicon glyphicon-menu-right anim\"><\/span>\n                        <\/div>\n                    <\/div>\n                <\/div>\n                \n        [\/vc_column][vc_column width=&#8221;1\/3&#8243;][\/vc_column][vc_column width=&#8221;1\/3&#8243;][\/vc_column][\/vc_row][vc_row full_width=&#8221;stretch_row&#8221; el_class=&#8221;bg-grey2&#8243;][vc_column][vc_column_text]<\/p>\n<h2 style=\"text-align: center;\">KONTAKTUJE N\u00c1S<\/h2>\n<p>[\/vc_column_text][vc_column_text]<\/p>\n<p style=\"text-align: center;\">Zaujala v\u00e1s na\u0161a ponuka? Ozvite sa n\u00e1m. Podnik\u00e1te v inej oblasti? Dajte o sebe vedie\u0165 a priprav\u00edme v\u00e1m rie\u0161enie na mieru.<\/p>\n<p>[\/vc_column_text][contact-form-7 id=&#8221;99&#8243;][\/vc_column][\/vc_row]<\/p>\n<\/div>","protected":false},"excerpt":{"rendered":"<p>[vc_row full_width=&#8221;stretch_row_content_no_spaces&#8221;][vc_column][\/vc_column][\/vc_row][vc_row][vc_column][vc_column_text] DIGITALIZUJTE SVOJ BIZNIS [\/vc_column_text][\/vc_column][\/vc_row][vc_row][vc_column][vc_column_text el_class=&#8221;intro text-center&#8221;] Ka\u017ed\u00e1 z oblast\u00ed biznisu sa postupne transformuje, men\u00ed a je n\u00faten\u00e1 prisp\u00f4sobova\u0165 sa aktu\u00e1lnym trendom a \u010deli\u0165 v\u00fdzvam. My v Soitrone tieto v\u00fdzvy vieme pomenova\u0165 a pon\u00faknu\u0165 v\u00e1m rie\u0161enie, ako sa s nimi vysporiada\u0165 a digitalizova\u0165 svoj biznis. Vydajte sa cestou digit\u00e1lnej transform\u00e1cie a bu\u010fte o krok [&hellip;]<\/p>\n","protected":false},"author":34,"featured_media":0,"parent":0,"menu_order":0,"comment_status":"closed","ping_status":"closed","template":"","meta":{"_acf_changed":false,"footnotes":""},"class_list":["post-41521","page","type-page","status-publish","hentry"],"acf":[],"yoast_head":"<!-- This site is optimized with the Yoast SEO plugin v27.1.1 - https:\/\/yoast.com\/product\/yoast-seo-wordpress\/ -->\n<title>Pre koho rob\u00edme - Soitron<\/title>\n<meta name=\"description\" content=\"Ka\u017ed\u00e1 z oblast\u00ed biznisu sa postupne transformuje a je n\u00faten\u00e1 prisp\u00f4sobova\u0165 sa aktu\u00e1lnym trendom a \u010deli\u0165 v\u00fdzvam. Digitalizujte so Soitronom!\" \/>\n<meta name=\"robots\" content=\"noindex, follow, max-snippet:-1, max-image-preview:large, max-video-preview:-1\" \/>\n<meta property=\"og:locale\" content=\"sk_SK\" \/>\n<meta property=\"og:type\" content=\"article\" \/>\n<meta property=\"og:title\" content=\"Pre koho rob\u00edme - Soitron\" \/>\n<meta property=\"og:description\" content=\"Ka\u017ed\u00e1 z oblast\u00ed biznisu sa postupne transformuje a je n\u00faten\u00e1 prisp\u00f4sobova\u0165 sa aktu\u00e1lnym trendom a \u010deli\u0165 v\u00fdzvam. Digitalizujte so Soitronom!\" \/>\n<meta property=\"og:url\" content=\"https:\/\/new.soitron.com\/who-do-we-work-for\/\" \/>\n<meta property=\"og:site_name\" content=\"Soitron\" \/>\n<meta property=\"article:modified_time\" content=\"2021-12-03T15:53:39+00:00\" \/>\n<meta name=\"twitter:card\" content=\"summary_large_image\" \/>\n<meta name=\"twitter:label1\" content=\"Predpokladan\u00fd \u010das \u010d\u00edtania\" \/>\n\t<meta name=\"twitter:data1\" content=\"1 min\u00fata\" \/>\n<!-- \/ Yoast SEO plugin. -->","yoast_head_json":{"title":"Pre koho rob\u00edme - Soitron","description":"Ka\u017ed\u00e1 z oblast\u00ed biznisu sa postupne transformuje a je n\u00faten\u00e1 prisp\u00f4sobova\u0165 sa aktu\u00e1lnym trendom a \u010deli\u0165 v\u00fdzvam. Digitalizujte so Soitronom!","robots":{"index":"noindex","follow":"follow","max-snippet":"max-snippet:-1","max-image-preview":"max-image-preview:large","max-video-preview":"max-video-preview:-1"},"og_locale":"sk_SK","og_type":"article","og_title":"Pre koho rob\u00edme - Soitron","og_description":"Ka\u017ed\u00e1 z oblast\u00ed biznisu sa postupne transformuje a je n\u00faten\u00e1 prisp\u00f4sobova\u0165 sa aktu\u00e1lnym trendom a \u010deli\u0165 v\u00fdzvam. Digitalizujte so Soitronom!","og_url":"https:\/\/new.soitron.com\/who-do-we-work-for\/","og_site_name":"Soitron","article_modified_time":"2021-12-03T15:53:39+00:00","twitter_card":"summary_large_image","twitter_misc":{"Predpokladan\u00fd \u010das \u010d\u00edtania":"1 min\u00fata"},"schema":{"@context":"https:\/\/schema.org","@graph":[{"@type":"WebPage","@id":"https:\/\/new.soitron.com\/who-do-we-work-for\/","url":"https:\/\/new.soitron.com\/who-do-we-work-for\/","name":"Pre koho rob\u00edme - Soitron","isPartOf":{"@id":"https:\/\/new.soitron.com\/#website"},"datePublished":"2021-06-02T14:52:41+00:00","dateModified":"2021-12-03T15:53:39+00:00","description":"Ka\u017ed\u00e1 z oblast\u00ed biznisu sa postupne transformuje a je n\u00faten\u00e1 prisp\u00f4sobova\u0165 sa aktu\u00e1lnym trendom a \u010deli\u0165 v\u00fdzvam. Digitalizujte so Soitronom!","breadcrumb":{"@id":"https:\/\/new.soitron.com\/who-do-we-work-for\/#breadcrumb"},"inLanguage":"sk-SK","potentialAction":[{"@type":"ReadAction","target":["https:\/\/new.soitron.com\/who-do-we-work-for\/"]}]},{"@type":"BreadcrumbList","@id":"https:\/\/new.soitron.com\/who-do-we-work-for\/#breadcrumb","itemListElement":[{"@type":"ListItem","position":1,"name":"Home","item":"https:\/\/new.soitron.com\/"},{"@type":"ListItem","position":2,"name":"Pre koho rob\u00edme"}]},{"@type":"WebSite","@id":"https:\/\/new.soitron.com\/#website","url":"https:\/\/new.soitron.com\/","name":"Soitron","description":"Soitron je IT firma s viac ako 30 ro\u010dnou trad\u00edciou.","publisher":{"@id":"https:\/\/new.soitron.com\/#organization"},"potentialAction":[{"@type":"SearchAction","target":{"@type":"EntryPoint","urlTemplate":"https:\/\/new.soitron.com\/?s={search_term_string}"},"query-input":{"@type":"PropertyValueSpecification","valueRequired":true,"valueName":"search_term_string"}}],"inLanguage":"sk-SK"},{"@type":"Organization","@id":"https:\/\/new.soitron.com\/#organization","name":"Soitron","url":"https:\/\/new.soitron.com\/","logo":{"@type":"ImageObject","inLanguage":"sk-SK","@id":"https:\/\/new.soitron.com\/#\/schema\/logo\/image\/","url":"https:\/\/new.soitron.com\/wp-content\/uploads\/2016\/10\/Soitron_logo.png","contentUrl":"https:\/\/new.soitron.com\/wp-content\/uploads\/2016\/10\/Soitron_logo.png","width":224,"height":56,"caption":"Soitron"},"image":{"@id":"https:\/\/new.soitron.com\/#\/schema\/logo\/image\/"}}]}},"_links":{"self":[{"href":"https:\/\/new.soitron.com\/sk\/wp-json\/wp\/v2\/pages\/41521","targetHints":{"allow":["GET"]}}],"collection":[{"href":"https:\/\/new.soitron.com\/sk\/wp-json\/wp\/v2\/pages"}],"about":[{"href":"https:\/\/new.soitron.com\/sk\/wp-json\/wp\/v2\/types\/page"}],"author":[{"embeddable":true,"href":"https:\/\/new.soitron.com\/sk\/wp-json\/wp\/v2\/users\/34"}],"replies":[{"embeddable":true,"href":"https:\/\/new.soitron.com\/sk\/wp-json\/wp\/v2\/comments?post=41521"}],"version-history":[{"count":1,"href":"https:\/\/new.soitron.com\/sk\/wp-json\/wp\/v2\/pages\/41521\/revisions"}],"predecessor-version":[{"id":50271,"href":"https:\/\/new.soitron.com\/sk\/wp-json\/wp\/v2\/pages\/41521\/revisions\/50271"}],"wp:attachment":[{"href":"https:\/\/new.soitron.com\/sk\/wp-json\/wp\/v2\/media?parent=41521"}],"curies":[{"name":"wp","href":"https:\/\/api.w.org\/{rel}","templated":true}]}}