{"id":24106,"date":"2019-05-16T09:49:53","date_gmt":"2019-05-16T08:49:53","guid":{"rendered":"https:\/\/www.soitron.com\/?page_id=24106"},"modified":"2021-12-13T10:29:57","modified_gmt":"2021-12-13T09:29:57","slug":"suhlas-so-spracuvanim-osobnych-udajov","status":"publish","type":"page","link":"https:\/\/new.soitron.com\/sk\/suhlas-so-spracuvanim-osobnych-udajov\/","title":{"rendered":"S\u00fahlas so sprac\u00favan\u00edm osobn\u00fdch \u00fadajov"},"content":{"rendered":"<div class=\"wpb-content-wrapper\"><p>[vc_row full_width=&#8221;stretch_row_content_no_spaces&#8221;][vc_column]\n                        <div data-wow-duration=\"1.5s\" data-wow-delay=\"0s\" class=\"wow fadeIn soitron-element soitron-element-banner-wrapper type-1 \">\n                                            <figure class=\"background\">\n                            <link rel=\"preload\" href=\"https:\/\/new.soitron.com\/wp-content\/uploads\/2019\/05\/recruit_banner-3.png.webp\" as=\"image\">\n                            <img decoding=\"async\" src=\"https:\/\/new.soitron.com\/wp-content\/uploads\/2019\/05\/recruit_banner-3.png\">\n                        <\/figure>\n                                        \n                    <div class=\"container\">\n                                                    <h1 style=\"color:#000000\">S\u00fahlas so sprac\u00favan\u00edm osobn\u00fdch \u00fadajov<\/h1>\n                                                                                                <\/div>\n                                    <\/div>\n\n            \n[vc_empty_space][\/vc_column][\/vc_row][vc_row][vc_column][vc_column_text]Ako dotknut\u00e1 osoba t\u00fdmto ude\u013eujem prev\u00e1dzkovate\u013eovi SOITRON Group SE, so s\u00eddlom Plyn\u00e1rensk\u00e1 5, 829 75, Bratislava, ID 358 71 636, s\u00fahlas so sprac\u00favan\u00edm mojich osobn\u00fdch \u00fadajov v rozsahu<strong> titul, meno, priezvisko, d\u00e1tum narodenia, pohlavie, adresa, e-mailov\u00e1 adresa, telef\u00f3nne \u010d\u00edslo, dosiahnut\u00e9 vzdelanie, dosiahnut\u00e9 certifik\u00e1ty, pracovn\u00e1 hist\u00f3ria, jazykov\u00e1 zru\u010dnos\u0165, z\u00e1\u013euby a ostatn\u00e9 \u00fadaje<\/strong>, ktor\u00e9 som z vlastnej iniciat\u00edvy uviedol v \u017eivotopise na \u00fa\u010del pos\u00fadenia vhodnosti kvalifik\u00e1cie uch\u00e1dza\u010da a zaradenie uch\u00e1dza\u010da do evidencie z\u00e1ujemcov o zamestnanie.<\/p>\n<p>&nbsp;<\/p>\n<p>Uveden\u00e9 osobn\u00e9 \u00fadaje bud\u00fa prev\u00e1dzkovate\u013eom sprac\u00favan\u00e9 po dobu 3 (troch) rokov od udelenia s\u00fahlasu alebo do odvolania tohto s\u00fahlasu. Pr\u00edjemcovia osobn\u00fdch \u00fadajov dotknutej osoby m\u00f4\u017eu by\u0165 spolo\u010dnosti vykon\u00e1vaj\u00face spr\u00e1vu a podporu informa\u010dn\u00fdch technol\u00f3gi\u00ed prev\u00e1dzkovate\u013ea, spolo\u010dnosti vr\u00e1mci SOITRON Group SE, sprostredkuj\u00face agent\u00fary, outsourcing klienti prev\u00e1dzkovate\u013ea a bud\u00faci potenci\u00e1lni zamestn\u00e1vatelia.<\/p>\n<p>&nbsp;<\/p>\n<p>Vyhlasujem, \u017ee som si vedom\u00fd, \u017ee poskytnutie uveden\u00fdch osobn\u00fdch \u00fadajov, ako aj udelenie s\u00fahlasu s ich sprac\u00favan\u00edm je dobrovo\u013en\u00e9 a s\u00fahlas m\u00f4\u017eem kedyko\u013evek odvola\u0165 zaslan\u00edm p\u00edsomn\u00e9ho odvolania s\u00fahlasu na adresu prev\u00e1dzkovate\u013ea. Z\u00e1rove\u0148 potvrdzujem, \u017ee som mal mo\u017enos\u0165 sa kompletne obozn\u00e1mi\u0165 s inform\u00e1ciami o sp\u00f4sobe sprac\u00favania osobn\u00fdch \u00fadajov prev\u00e1dzkovate\u013eom a o pr\u00e1vach, ktor\u00e9 m\u00f4\u017ee uplatni\u0165 na webovom s\u00eddle prev\u00e1dzkovate\u013ea\u00a0<a href=\"https:\/\/www.soitron.sk\/privacy\/\">https:\/\/www.soitron.sk\/privacy\/<\/a>.[\/vc_column_text][vc_empty_space][vc_empty_space][\/vc_column][\/vc_row]<\/p>\n<\/div>","protected":false},"excerpt":{"rendered":"<p>[vc_row full_width=&#8221;stretch_row_content_no_spaces&#8221;][vc_column][vc_empty_space][\/vc_column][\/vc_row][vc_row][vc_column][vc_column_text]Ako dotknut\u00e1 osoba t\u00fdmto ude\u013eujem prev\u00e1dzkovate\u013eovi SOITRON Group SE, so s\u00eddlom Plyn\u00e1rensk\u00e1 5, 829 75, Bratislava, ID 358 71 636, s\u00fahlas so sprac\u00favan\u00edm mojich osobn\u00fdch \u00fadajov v rozsahu titul, meno, priezvisko, d\u00e1tum narodenia, pohlavie, adresa, e-mailov\u00e1 adresa, telef\u00f3nne \u010d\u00edslo, dosiahnut\u00e9 vzdelanie, dosiahnut\u00e9 certifik\u00e1ty, pracovn\u00e1 hist\u00f3ria, jazykov\u00e1 zru\u010dnos\u0165, z\u00e1\u013euby a ostatn\u00e9 \u00fadaje, ktor\u00e9 som z [&hellip;]<\/p>\n","protected":false},"author":39,"featured_media":0,"parent":0,"menu_order":0,"comment_status":"closed","ping_status":"closed","template":"","meta":{"_acf_changed":false,"footnotes":""},"class_list":["post-24106","page","type-page","status-publish","hentry"],"acf":[],"yoast_head":"<!-- This site is optimized with the Yoast SEO plugin v27.1.1 - https:\/\/yoast.com\/product\/yoast-seo-wordpress\/ -->\n<title>S\u00fahlas so sprac\u00favan\u00edm osobn\u00fdch \u00fadajov - Soitron<\/title>\n<meta name=\"description\" content=\"Viac inform\u00e1cii o spracovan\u00ed a uchov\u00e1van\u00ed osobn\u00fdch \u00fadajov uch\u00e1dza\u010dov o zamestnanie cez web spolo\u010dnosti Soitron.\" \/>\n<meta name=\"robots\" content=\"noindex, follow, max-snippet:-1, max-image-preview:large, max-video-preview:-1\" \/>\n<meta property=\"og:locale\" content=\"sk_SK\" \/>\n<meta property=\"og:type\" content=\"article\" \/>\n<meta property=\"og:title\" content=\"S\u00fahlas so sprac\u00favan\u00edm osobn\u00fdch \u00fadajov - Soitron\" \/>\n<meta property=\"og:description\" content=\"Viac inform\u00e1cii o spracovan\u00ed a uchov\u00e1van\u00ed osobn\u00fdch \u00fadajov uch\u00e1dza\u010dov o zamestnanie cez web spolo\u010dnosti Soitron.\" \/>\n<meta property=\"og:url\" content=\"https:\/\/new.soitron.com\/consent-to-process-personal-data\/\" \/>\n<meta property=\"og:site_name\" content=\"Soitron\" \/>\n<meta property=\"article:modified_time\" content=\"2021-12-13T09:29:57+00:00\" \/>\n<meta name=\"twitter:card\" content=\"summary_large_image\" \/>\n<meta name=\"twitter:label1\" content=\"Predpokladan\u00fd \u010das \u010d\u00edtania\" \/>\n\t<meta name=\"twitter:data1\" content=\"2 min\u00faty\" \/>\n<!-- \/ Yoast SEO plugin. -->","yoast_head_json":{"title":"S\u00fahlas so sprac\u00favan\u00edm osobn\u00fdch \u00fadajov - Soitron","description":"Viac inform\u00e1cii o spracovan\u00ed a uchov\u00e1van\u00ed osobn\u00fdch \u00fadajov uch\u00e1dza\u010dov o zamestnanie cez web spolo\u010dnosti Soitron.","robots":{"index":"noindex","follow":"follow","max-snippet":"max-snippet:-1","max-image-preview":"max-image-preview:large","max-video-preview":"max-video-preview:-1"},"og_locale":"sk_SK","og_type":"article","og_title":"S\u00fahlas so sprac\u00favan\u00edm osobn\u00fdch \u00fadajov - Soitron","og_description":"Viac inform\u00e1cii o spracovan\u00ed a uchov\u00e1van\u00ed osobn\u00fdch \u00fadajov uch\u00e1dza\u010dov o zamestnanie cez web spolo\u010dnosti Soitron.","og_url":"https:\/\/new.soitron.com\/consent-to-process-personal-data\/","og_site_name":"Soitron","article_modified_time":"2021-12-13T09:29:57+00:00","twitter_card":"summary_large_image","twitter_misc":{"Predpokladan\u00fd \u010das \u010d\u00edtania":"2 min\u00faty"},"schema":{"@context":"https:\/\/schema.org","@graph":[{"@type":"WebPage","@id":"https:\/\/new.soitron.com\/consent-to-process-personal-data\/","url":"https:\/\/new.soitron.com\/consent-to-process-personal-data\/","name":"S\u00fahlas so sprac\u00favan\u00edm osobn\u00fdch \u00fadajov - Soitron","isPartOf":{"@id":"https:\/\/new.soitron.com\/#website"},"datePublished":"2019-05-16T08:49:53+00:00","dateModified":"2021-12-13T09:29:57+00:00","description":"Viac inform\u00e1cii o spracovan\u00ed a uchov\u00e1van\u00ed osobn\u00fdch \u00fadajov uch\u00e1dza\u010dov o zamestnanie cez web spolo\u010dnosti Soitron.","breadcrumb":{"@id":"https:\/\/new.soitron.com\/consent-to-process-personal-data\/#breadcrumb"},"inLanguage":"sk-SK","potentialAction":[{"@type":"ReadAction","target":["https:\/\/new.soitron.com\/consent-to-process-personal-data\/"]}]},{"@type":"BreadcrumbList","@id":"https:\/\/new.soitron.com\/consent-to-process-personal-data\/#breadcrumb","itemListElement":[{"@type":"ListItem","position":1,"name":"Home","item":"https:\/\/new.soitron.com\/"},{"@type":"ListItem","position":2,"name":"S\u00fahlas so sprac\u00favan\u00edm osobn\u00fdch \u00fadajov"}]},{"@type":"WebSite","@id":"https:\/\/new.soitron.com\/#website","url":"https:\/\/new.soitron.com\/","name":"Soitron","description":"Soitron je IT firma s viac ako 30 ro\u010dnou trad\u00edciou.","publisher":{"@id":"https:\/\/new.soitron.com\/#organization"},"potentialAction":[{"@type":"SearchAction","target":{"@type":"EntryPoint","urlTemplate":"https:\/\/new.soitron.com\/?s={search_term_string}"},"query-input":{"@type":"PropertyValueSpecification","valueRequired":true,"valueName":"search_term_string"}}],"inLanguage":"sk-SK"},{"@type":"Organization","@id":"https:\/\/new.soitron.com\/#organization","name":"Soitron","url":"https:\/\/new.soitron.com\/","logo":{"@type":"ImageObject","inLanguage":"sk-SK","@id":"https:\/\/new.soitron.com\/#\/schema\/logo\/image\/","url":"https:\/\/new.soitron.com\/wp-content\/uploads\/2016\/10\/Soitron_logo.png","contentUrl":"https:\/\/new.soitron.com\/wp-content\/uploads\/2016\/10\/Soitron_logo.png","width":224,"height":56,"caption":"Soitron"},"image":{"@id":"https:\/\/new.soitron.com\/#\/schema\/logo\/image\/"}}]}},"_links":{"self":[{"href":"https:\/\/new.soitron.com\/sk\/wp-json\/wp\/v2\/pages\/24106","targetHints":{"allow":["GET"]}}],"collection":[{"href":"https:\/\/new.soitron.com\/sk\/wp-json\/wp\/v2\/pages"}],"about":[{"href":"https:\/\/new.soitron.com\/sk\/wp-json\/wp\/v2\/types\/page"}],"author":[{"embeddable":true,"href":"https:\/\/new.soitron.com\/sk\/wp-json\/wp\/v2\/users\/39"}],"replies":[{"embeddable":true,"href":"https:\/\/new.soitron.com\/sk\/wp-json\/wp\/v2\/comments?post=24106"}],"version-history":[{"count":0,"href":"https:\/\/new.soitron.com\/sk\/wp-json\/wp\/v2\/pages\/24106\/revisions"}],"wp:attachment":[{"href":"https:\/\/new.soitron.com\/sk\/wp-json\/wp\/v2\/media?parent=24106"}],"curies":[{"name":"wp","href":"https:\/\/api.w.org\/{rel}","templated":true}]}}