{"id":16,"date":"2015-10-20T12:54:27","date_gmt":"2015-10-20T10:54:27","guid":{"rendered":"https:\/\/www.soitron.com\/?page_id=16"},"modified":"2022-10-26T14:14:41","modified_gmt":"2022-10-26T13:14:41","slug":"kontakty","status":"publish","type":"page","link":"https:\/\/new.soitron.com\/sk\/kontakty\/","title":{"rendered":"Kontakty"},"content":{"rendered":"<div class=\"wpb-content-wrapper\"><p>[vc_row full_width=&#8221;stretch_row_content_no_spaces&#8221;][vc_column]\n                        <div data-wow-duration=\"1.5s\" data-wow-delay=\"0s\" class=\"wow fadeIn soitron-element soitron-element-banner-wrapper type-1 \">\n                                            <figure class=\"background\">\n                            <link rel=\"preload\" href=\"https:\/\/new.soitron.com\/wp-content\/uploads\/2016\/01\/Kontakt-2-1900x414.jpg.webp\" as=\"image\">\n                            <img decoding=\"async\" src=\"https:\/\/new.soitron.com\/wp-content\/uploads\/2016\/01\/Kontakt-2-1900x414.jpg\">\n                        <\/figure>\n                                        \n                    <div class=\"container\">\n                                                    <h1 style=\"color:#000000\">KONTAKT<\/h1>\n                                                                                                <\/div>\n                                            <a href=\"https:\/\/www.soitron.com\/pocuvame-vas\/\" target=\"_blank\" class=\"header-cta\">\n                            Po\u010d\u00favame V\u00e1s                        <\/a>\n                                    <\/div>\n\n            \n[\/vc_column][\/vc_row][vc_row full_width=&#8221;stretch_row&#8221; el_class=&#8221;contact-us&#8221;][vc_column width=&#8221;1\/3&#8243; el_class=&#8221;sidebar&#8221;][vc_column_text]<\/p>\n<h2>Soitron Group<\/h2>\n\n    <ul class=\"tab-nav\" data-tabs=\"countries\">\n                    <li class=\"tab-nav-item is-active\"><a href=\"#\" data-target=\"slovenska-republika\">Slovensk\u00e1 republika<\/a><\/li>\n\n                    <li class=\"tab-nav-item \"><a href=\"#\" data-target=\"ceska-republika\">\u010cesk\u00e1 republika<\/a><\/li>\n\n                    <li class=\"tab-nav-item \"><a href=\"#\" data-target=\"velka-britania\">Ve\u013ek\u00e1 Brit\u00e1nia<\/a><\/li>\n\n                    <li class=\"tab-nav-item \"><a href=\"#\" data-target=\"bulharsko\">Bulharsko<\/a><\/li>\n\n                    <li class=\"tab-nav-item \"><a href=\"#\" data-target=\"polsko\">Po\u013esko<\/a><\/li>\n\n                    <li class=\"tab-nav-item \"><a href=\"#\" data-target=\"rumunsko\">Rumunsko<\/a><\/li>\n\n                    <li class=\"tab-nav-item \"><a href=\"#\" data-target=\"turecko\">Turecko<\/a><\/li>\n\n                    <li class=\"tab-nav-item \"><a href=\"#\" data-target=\"kontaktne-informacie\">Kontaktn\u00e9 inform\u00e1cie<\/a><\/li>\n\n            <\/ul>\n    <div class=\"contact-content-mobile-container\"><\/div>     \n<h2>Kontaktujte n\u00e1s<\/h2>\n<p>[\/vc_column_text][contact-form-7 id=&#8221;640&#8243;][\/vc_column][vc_column width=&#8221;2\/3&#8243; el_class=&#8221;contact-content&#8221;][vc_column_text]    <div class=\"tabs-content\" data-content=\"countries\">\n                    <div class=\"tab-content\" data-tab=\"slovenska-republika\">\n                                <ul class=\"tab-nav\" data-tabs=\"cities-617\">\n                    \n                        <li class=\"tab-nav-item is-active\"><a href=\"#\" data-content-id=\"630\" data-target=\"bratislava\">Bratislava<\/a><\/li>\n\n\n                    \n                        <li class=\"tab-nav-item \"><a href=\"#\" data-content-id=\"632\" data-target=\"banska-bystrica\">Bansk\u00e1 Bystrica<\/a><\/li>\n\n\n                    \n                        <li class=\"tab-nav-item \"><a href=\"#\" data-content-id=\"634\" data-target=\"kosice\">Ko\u0161ice<\/a><\/li>\n\n\n                                    <\/ul>\n                <div class=\"tabs-content\" data-content=\"cities-617\">\n                                            <div class=\"tab-content\" data-tab=\"bratislava\">\n                                                    <\/div>\n\n\n                                            <div class=\"tab-content\" data-tab=\"banska-bystrica\">\n                                                    <\/div>\n\n\n                                            <div class=\"tab-content\" data-tab=\"kosice\">\n                                                    <\/div>\n\n\n                                    <\/div>\n            <\/div>\n\n                    <div class=\"tab-content\" data-tab=\"ceska-republika\">\n                                <ul class=\"tab-nav\" data-tabs=\"cities-619\">\n                    \n                        <li class=\"tab-nav-item is-active\"><a href=\"#\" data-content-id=\"1101\" data-target=\"praha\">Praha<\/a><\/li>\n\n\n                    \n                        <li class=\"tab-nav-item \"><a href=\"#\" data-content-id=\"1106\" data-target=\"ostrava\">Ostrava<\/a><\/li>\n\n\n                                    <\/ul>\n                <div class=\"tabs-content\" data-content=\"cities-619\">\n                                            <div class=\"tab-content\" data-tab=\"praha\">\n                                                    <\/div>\n\n\n                                            <div class=\"tab-content\" data-tab=\"ostrava\">\n                                                    <\/div>\n\n\n                                    <\/div>\n            <\/div>\n\n                    <div class=\"tab-content\" data-tab=\"velka-britania\">\n                                <ul class=\"tab-nav\" data-tabs=\"cities-621\">\n                    \n                        <li class=\"tab-nav-item is-active\"><a href=\"#\" data-content-id=\"1122\" data-target=\"london\">UK<\/a><\/li>\n\n\n                                    <\/ul>\n                <div class=\"tabs-content\" data-content=\"cities-621\">\n                                            <div class=\"tab-content\" data-tab=\"london\">\n                                                    <\/div>\n\n\n                                    <\/div>\n            <\/div>\n\n                    <div class=\"tab-content\" data-tab=\"bulharsko\">\n                                <ul class=\"tab-nav\" data-tabs=\"cities-624\">\n                    \n                        <li class=\"tab-nav-item is-active\"><a href=\"#\" data-content-id=\"1120\" data-target=\"sofia\">Sofia<\/a><\/li>\n\n\n                                    <\/ul>\n                <div class=\"tabs-content\" data-content=\"cities-624\">\n                                            <div class=\"tab-content\" data-tab=\"sofia\">\n                                                    <\/div>\n\n\n                                    <\/div>\n            <\/div>\n\n                    <div class=\"tab-content\" data-tab=\"polsko\">\n                                <ul class=\"tab-nav\" data-tabs=\"cities-9932\">\n                    \n                        <li class=\"tab-nav-item is-active\"><a href=\"#\" data-content-id=\"9935\" data-target=\"varsava\">Var\u0161ava<\/a><\/li>\n\n\n                                    <\/ul>\n                <div class=\"tabs-content\" data-content=\"cities-9932\">\n                                            <div class=\"tab-content\" data-tab=\"varsava\">\n                                                    <\/div>\n\n\n                                    <\/div>\n            <\/div>\n\n                    <div class=\"tab-content\" data-tab=\"rumunsko\">\n                                <ul class=\"tab-nav\" data-tabs=\"cities-626\">\n                    \n                        <li class=\"tab-nav-item is-active\"><a href=\"#\" data-content-id=\"1109\" data-target=\"bukurest\">Bukure\u0161\u0165<\/a><\/li>\n\n\n                                    <\/ul>\n                <div class=\"tabs-content\" data-content=\"cities-626\">\n                                            <div class=\"tab-content\" data-tab=\"bukurest\">\n                                                    <\/div>\n\n\n                                    <\/div>\n            <\/div>\n\n                    <div class=\"tab-content\" data-tab=\"turecko\">\n                                <ul class=\"tab-nav\" data-tabs=\"cities-628\">\n                    \n                        <li class=\"tab-nav-item is-active\"><a href=\"#\" data-content-id=\"1114\" data-target=\"ankara\">Ankara<\/a><\/li>\n\n\n                    \n                        <li class=\"tab-nav-item \"><a href=\"#\" data-content-id=\"1116\" data-target=\"istanbul\">Istanbul<\/a><\/li>\n\n\n                    \n                        <li class=\"tab-nav-item \"><a href=\"#\" data-content-id=\"1118\" data-target=\"izmir\">Izmir<\/a><\/li>\n\n\n                                    <\/ul>\n                <div class=\"tabs-content\" data-content=\"cities-628\">\n                                            <div class=\"tab-content\" data-tab=\"ankara\">\n                                                    <\/div>\n\n\n                                            <div class=\"tab-content\" data-tab=\"istanbul\">\n                                                    <\/div>\n\n\n                                            <div class=\"tab-content\" data-tab=\"izmir\">\n                                                    <\/div>\n\n\n                                    <\/div>\n            <\/div>\n\n                    <div class=\"tab-content\" data-tab=\"kontaktne-informacie\">\n                <div class=\"wpb-content-wrapper\"><p>[vc_row][vc_column][vc_column_text]<\/p>\n<h2>Help Desk (24\/7)<\/h2>\n<p>tel.: <a href=\"tel:+421258224099\">+421 2 5822 4099<\/a><br \/>\ne-mail: support@soitron.com[\/vc_column_text][vc_empty_space height=&#8221;20px&#8221;][vc_column_text]<\/p>\n<h2>Servis<\/h2>\n<p>tel.: <a href=\"tel:+421258224320\">+421 2 5822 4320<\/a><br \/>\ne-mail: servis@soitron.com<br \/>\nPon &#8211; Pia 8:30 &#8211; 11:30, 12:30 &#8211; 16:00[\/vc_column_text][vc_empty_space height=&#8221;20px&#8221;][vc_column_text]<\/p>\n<h2>E-mailov\u00e9 adresy<\/h2>\n<p>Nasleduj\u00face adresy s\u00fa nasmerovan\u00e9 na \u013eud\u00ed, ktor\u00ed sa zaoberaj\u00fa danou problematikou.<\/p>\n<p>Ak chcete posla\u0165 e-mail konkr\u00e9tnemu \u010dloveku v Soitrone a pozn\u00e1te jeho meno, po\u0161lite ho na adresu v tvare:<br \/>\nMeno.Priezvisko@soitron.com[\/vc_column_text][vc_row_inner][vc_column_inner width=&#8221;1\/2&#8243;][vc_column_text]Obchodn\u00e9 oddelenie:<br \/>\n        <a href=\"&#109;&#97;&#105;&#108;&#116;&#111;&#58;&#115;&#111;&#105;&#116;&#114;&#111;&#110;&#64;&#115;&#111;&#105;&#116;&#114;&#111;&#110;&#46;&#99;&#111;&#109;\">soitron@soitron.com<\/a>\n    <\/p>\n<p>Technick\u00e1 podpora:<br \/>\n        <a href=\"&#109;&#97;&#105;&#108;&#116;&#111;&#58;&#115;&#117;&#112;&#112;&#111;&#114;&#116;&#64;&#115;&#111;&#105;&#116;&#114;&#111;&#110;&#46;&#99;&#111;&#109;\">support@soitron.com<\/a>\n    <\/p>\n<p>Servisn\u00e9 stredisko:<br \/>\n        <a href=\"&#109;&#97;&#105;&#108;&#116;&#111;&#58;&#115;&#101;&#114;&#118;&#105;&#115;&#64;&#115;&#111;&#105;&#116;&#114;&#111;&#110;&#46;&#99;&#111;&#109;\">servis@soitron.com<\/a>\n    <\/p>\n<p>Marketing:<br \/>\n        <a href=\"&#109;&#97;&#105;&#108;&#116;&#111;&#58;&#109;&#97;&#114;&#107;&#101;&#116;&#105;&#110;&#103;&#64;&#115;&#111;&#105;&#116;&#114;&#111;&#110;&#46;&#99;&#111;&#109;\">marketing@soitron.com<\/a>\n    <\/p>\n<p>Certifika\u010dn\u00e9\u00a0stredisko:<br \/>\n        <a href=\"&#109;&#97;&#105;&#108;&#116;&#111;&#58;&#114;&#101;&#103;&#105;&#115;&#116;&#114;&#97;&#116;&#105;&#111;&#110;&#46;&#116;&#101;&#115;&#116;&#105;&#110;&#103;&#64;&#115;&#111;&#105;&#116;&#114;&#111;&#110;&#46;&#99;&#111;&#109;\">registration.testing@soitron.com<\/a>\n    [\/vc_column_text][\/vc_column_inner][vc_column_inner width=&#8221;1\/2&#8243;][vc_column_text]V\u0161eobecn\u00e9 inform\u00e1cie:<br \/>\n        <a href=\"&#109;&#97;&#105;&#108;&#116;&#111;&#58;&#115;&#101;&#107;&#114;&#101;&#116;&#97;&#114;&#105;&#97;&#116;&#64;&#115;&#111;&#105;&#116;&#114;&#111;&#110;&#46;&#99;&#111;&#109;\">sekretariat@soitron.com<\/a>\n    <\/p>\n<p>\u013dudsk\u00e9 zdroje &#8211; Kari\u00e9ra:<br \/>\n        <a href=\"&#109;&#97;&#105;&#108;&#116;&#111;&#58;&#115;&#107;&#45;&#111;&#115;&#45;&#115;&#116;&#97;&#102;&#102;&#105;&#110;&#103;&#64;&#115;&#111;&#105;&#116;&#114;&#111;&#110;&#46;&#99;&#111;&#109;\">sk-os-staffing@soitron.com<\/a>\n    <\/p>\n<p>Pripomienky k elektronickej po\u0161te:<br \/>\n        <a href=\"&#109;&#97;&#105;&#108;&#116;&#111;&#58;&#112;&#111;&#115;&#116;&#109;&#97;&#115;&#116;&#101;&#114;&#64;&#115;&#111;&#105;&#116;&#114;&#111;&#110;&#46;&#99;&#111;&#109;\">postmaster@soitron.com<\/a>\n    <\/p>\n<p>Pripomienky k WWW:<br \/>\n        <a href=\"&#109;&#97;&#105;&#108;&#116;&#111;&#58;&#119;&#101;&#98;&#109;&#97;&#115;&#116;&#101;&#114;&#64;&#115;&#111;&#105;&#116;&#114;&#111;&#110;&#46;&#99;&#111;&#109;\">webmaster@soitron.com<\/a>\n    [\/vc_column_text][\/vc_column_inner][\/vc_row_inner][\/vc_column][\/vc_row]<\/p>\n<\/div>                <ul class=\"tab-nav\" data-tabs=\"cities-855\">\n                                    <\/ul>\n                <div class=\"tabs-content\" data-content=\"cities-855\">\n                                    <\/div>\n            <\/div>\n\n            <\/div>\n    [\/vc_column_text][\/vc_column][\/vc_row]<\/p>\n<\/div>","protected":false},"excerpt":{"rendered":"<p>[vc_row full_width=&#8221;stretch_row_content_no_spaces&#8221;][vc_column][\/vc_column][\/vc_row][vc_row full_width=&#8221;stretch_row&#8221; el_class=&#8221;contact-us&#8221;][vc_column width=&#8221;1\/3&#8243; el_class=&#8221;sidebar&#8221;][vc_column_text] Soitron Group Kontaktujte n\u00e1s [\/vc_column_text][contact-form-7 id=&#8221;640&#8243;][\/vc_column][vc_column width=&#8221;2\/3&#8243; el_class=&#8221;contact-content&#8221;][vc_column_text][\/vc_column_text][\/vc_column][\/vc_row]<\/p>\n","protected":false},"author":2,"featured_media":0,"parent":0,"menu_order":0,"comment_status":"closed","ping_status":"closed","template":"","meta":{"_acf_changed":false,"footnotes":""},"class_list":["post-16","page","type-page","status-publish","hentry"],"acf":[],"yoast_head":"<!-- This site is optimized with the Yoast SEO plugin v27.1.1 - https:\/\/yoast.com\/product\/yoast-seo-wordpress\/ -->\n<title>Kontakty | Soitron<\/title>\n<meta name=\"description\" content=\"Zoznam kontaktn\u00fdch \u00fadajov na spolo\u010dnos\u0165 Soitron a jej pobo\u010dky.\" \/>\n<meta name=\"robots\" content=\"noindex, follow, max-snippet:-1, max-image-preview:large, max-video-preview:-1\" \/>\n<meta property=\"og:locale\" content=\"sk_SK\" \/>\n<meta property=\"og:type\" content=\"article\" \/>\n<meta property=\"og:title\" content=\"Kontakty | Soitron\" \/>\n<meta property=\"og:description\" content=\"Zoznam kontaktn\u00fdch \u00fadajov na spolo\u010dnos\u0165 Soitron a jej pobo\u010dky.\" \/>\n<meta property=\"og:url\" content=\"https:\/\/new.soitron.com\/contacts\/\" \/>\n<meta property=\"og:site_name\" content=\"Soitron\" \/>\n<meta property=\"article:modified_time\" content=\"2022-10-26T13:14:41+00:00\" \/>\n<meta name=\"twitter:card\" content=\"summary_large_image\" \/>\n<meta name=\"twitter:label1\" content=\"Predpokladan\u00fd \u010das \u010d\u00edtania\" \/>\n\t<meta name=\"twitter:data1\" content=\"1 min\u00fata\" \/>\n<!-- \/ Yoast SEO plugin. -->","yoast_head_json":{"title":"Kontakty | Soitron","description":"Zoznam kontaktn\u00fdch \u00fadajov na spolo\u010dnos\u0165 Soitron a jej pobo\u010dky.","robots":{"index":"noindex","follow":"follow","max-snippet":"max-snippet:-1","max-image-preview":"max-image-preview:large","max-video-preview":"max-video-preview:-1"},"og_locale":"sk_SK","og_type":"article","og_title":"Kontakty | Soitron","og_description":"Zoznam kontaktn\u00fdch \u00fadajov na spolo\u010dnos\u0165 Soitron a jej pobo\u010dky.","og_url":"https:\/\/new.soitron.com\/contacts\/","og_site_name":"Soitron","article_modified_time":"2022-10-26T13:14:41+00:00","twitter_card":"summary_large_image","twitter_misc":{"Predpokladan\u00fd \u010das \u010d\u00edtania":"1 min\u00fata"},"schema":{"@context":"https:\/\/schema.org","@graph":[{"@type":"WebPage","@id":"https:\/\/new.soitron.com\/contacts\/","url":"https:\/\/new.soitron.com\/contacts\/","name":"Kontakty | Soitron","isPartOf":{"@id":"https:\/\/new.soitron.com\/#website"},"datePublished":"2015-10-20T10:54:27+00:00","dateModified":"2022-10-26T13:14:41+00:00","description":"Zoznam kontaktn\u00fdch \u00fadajov na spolo\u010dnos\u0165 Soitron a jej pobo\u010dky.","breadcrumb":{"@id":"https:\/\/new.soitron.com\/contacts\/#breadcrumb"},"inLanguage":"sk-SK","potentialAction":[{"@type":"ReadAction","target":["https:\/\/new.soitron.com\/contacts\/"]}]},{"@type":"BreadcrumbList","@id":"https:\/\/new.soitron.com\/contacts\/#breadcrumb","itemListElement":[{"@type":"ListItem","position":1,"name":"Home","item":"https:\/\/new.soitron.com\/"},{"@type":"ListItem","position":2,"name":"Kontakty"}]},{"@type":"WebSite","@id":"https:\/\/new.soitron.com\/#website","url":"https:\/\/new.soitron.com\/","name":"Soitron","description":"Soitron je IT firma s viac ako 30 ro\u010dnou trad\u00edciou.","publisher":{"@id":"https:\/\/new.soitron.com\/#organization"},"potentialAction":[{"@type":"SearchAction","target":{"@type":"EntryPoint","urlTemplate":"https:\/\/new.soitron.com\/?s={search_term_string}"},"query-input":{"@type":"PropertyValueSpecification","valueRequired":true,"valueName":"search_term_string"}}],"inLanguage":"sk-SK"},{"@type":"Organization","@id":"https:\/\/new.soitron.com\/#organization","name":"Soitron","url":"https:\/\/new.soitron.com\/","logo":{"@type":"ImageObject","inLanguage":"sk-SK","@id":"https:\/\/new.soitron.com\/#\/schema\/logo\/image\/","url":"https:\/\/new.soitron.com\/wp-content\/uploads\/2016\/10\/Soitron_logo.png","contentUrl":"https:\/\/new.soitron.com\/wp-content\/uploads\/2016\/10\/Soitron_logo.png","width":224,"height":56,"caption":"Soitron"},"image":{"@id":"https:\/\/new.soitron.com\/#\/schema\/logo\/image\/"}}]}},"_links":{"self":[{"href":"https:\/\/new.soitron.com\/sk\/wp-json\/wp\/v2\/pages\/16","targetHints":{"allow":["GET"]}}],"collection":[{"href":"https:\/\/new.soitron.com\/sk\/wp-json\/wp\/v2\/pages"}],"about":[{"href":"https:\/\/new.soitron.com\/sk\/wp-json\/wp\/v2\/types\/page"}],"author":[{"embeddable":true,"href":"https:\/\/new.soitron.com\/sk\/wp-json\/wp\/v2\/users\/2"}],"replies":[{"embeddable":true,"href":"https:\/\/new.soitron.com\/sk\/wp-json\/wp\/v2\/comments?post=16"}],"version-history":[{"count":1,"href":"https:\/\/new.soitron.com\/sk\/wp-json\/wp\/v2\/pages\/16\/revisions"}],"predecessor-version":[{"id":50247,"href":"https:\/\/new.soitron.com\/sk\/wp-json\/wp\/v2\/pages\/16\/revisions\/50247"}],"wp:attachment":[{"href":"https:\/\/new.soitron.com\/sk\/wp-json\/wp\/v2\/media?parent=16"}],"curies":[{"name":"wp","href":"https:\/\/api.w.org\/{rel}","templated":true}]}}