{"id":12,"date":"2015-10-20T12:53:21","date_gmt":"2015-10-20T10:53:21","guid":{"rendered":"https:\/\/www.soitron.com\/?page_id=12"},"modified":"2022-10-04T14:49:10","modified_gmt":"2022-10-04T13:49:10","slug":"novinky","status":"publish","type":"page","link":"https:\/\/new.soitron.com\/sk\/novinky\/","title":{"rendered":"\u010co m\u00e1me nov\u00e9"},"content":{"rendered":"<div class=\"wpb-content-wrapper\"><p>[vc_row el_class=&#8221;intro text-center&#8221;][vc_column width=&#8221;1\/6&#8243;][\/vc_column][vc_column width=&#8221;2\/3&#8243;][vc_column_text]<span style=\"color: #777879;\">V\u00edtame v\u00e1s v na\u0161ich Soitron novink\u00e1ch. N\u00e1jdete tu odborn\u00e9 \u010dl\u00e1nky od na\u0161ich IT \u0161pecialistov, inform\u00e1cie o r\u00f4znych podujatiach \u010di udalostiach ako aj na\u0161e tla\u010dov\u00e9 spr\u00e1vy a r\u00f4zne \u010dl\u00e1nky, ktor\u00e9 sa o n\u00e1s objavili v m\u00e9diach. Prajeme v\u00e1m pr\u00edjemn\u00e9 \u010d\u00edtanie \ud83d\ude42\u00a0<\/span>[\/vc_column_text][\/vc_column][vc_column width=&#8221;1\/6&#8243;][\/vc_column][\/vc_row]<\/p>\n<\/div>","protected":false},"excerpt":{"rendered":"<p>[vc_row el_class=&#8221;intro text-center&#8221;][vc_column width=&#8221;1\/6&#8243;][\/vc_column][vc_column width=&#8221;2\/3&#8243;][vc_column_text]V\u00edtame v\u00e1s v na\u0161ich Soitron novink\u00e1ch. N\u00e1jdete tu odborn\u00e9 \u010dl\u00e1nky od na\u0161ich IT \u0161pecialistov, inform\u00e1cie o r\u00f4znych podujatiach \u010di udalostiach ako aj na\u0161e tla\u010dov\u00e9 spr\u00e1vy a r\u00f4zne \u010dl\u00e1nky, ktor\u00e9 sa o n\u00e1s objavili v m\u00e9diach. Prajeme v\u00e1m pr\u00edjemn\u00e9 \u010d\u00edtanie \ud83d\ude42\u00a0[\/vc_column_text][\/vc_column][vc_column width=&#8221;1\/6&#8243;][\/vc_column][\/vc_row]<\/p>\n","protected":false},"author":2,"featured_media":3717,"parent":0,"menu_order":0,"comment_status":"closed","ping_status":"closed","template":"page-blog.php","meta":{"_acf_changed":false,"footnotes":""},"class_list":["post-12","page","type-page","status-publish","has-post-thumbnail","hentry"],"acf":[],"yoast_head":"<!-- This site is optimized with the Yoast SEO plugin v27.1.1 - https:\/\/yoast.com\/product\/yoast-seo-wordpress\/ -->\n<title>Blog, zauj\u00edmavosti a novinky | Soitron<\/title>\n<meta name=\"description\" content=\"V\u00edtame v\u00e1s v na\u0161ich Soitron novink\u00e1ch. Zistite, \u010do m\u00e1me nov\u00e9 v Soitrone, inform\u00e1cie od IT \u0161pecialistov o podujatiach \u010di udalostiach.\" \/>\n<meta name=\"robots\" content=\"noindex, follow, max-snippet:-1, max-image-preview:large, max-video-preview:-1\" \/>\n<meta property=\"og:locale\" content=\"sk_SK\" \/>\n<meta property=\"og:type\" content=\"article\" \/>\n<meta property=\"og:title\" content=\"Blog, zauj\u00edmavosti a novinky | Soitron\" \/>\n<meta property=\"og:description\" content=\"V\u00edtame v\u00e1s v na\u0161ich Soitron novink\u00e1ch. Zistite, \u010do m\u00e1me nov\u00e9 v Soitrone, inform\u00e1cie od IT \u0161pecialistov o podujatiach \u010di udalostiach.\" \/>\n<meta property=\"og:url\" content=\"https:\/\/new.soitron.com\/news\/\" \/>\n<meta property=\"og:site_name\" content=\"Soitron\" \/>\n<meta property=\"article:modified_time\" content=\"2022-10-04T13:49:10+00:00\" \/>\n<meta property=\"og:image\" content=\"https:\/\/new.soitron.com\/wp-content\/uploads\/2015\/10\/novinky-header-soitron-1900x414.jpg\" \/>\n\t<meta property=\"og:image:width\" content=\"1900\" \/>\n\t<meta property=\"og:image:height\" content=\"414\" \/>\n\t<meta property=\"og:image:type\" content=\"image\/jpeg\" \/>\n<meta name=\"twitter:card\" content=\"summary_large_image\" \/>\n<!-- \/ Yoast SEO plugin. -->","yoast_head_json":{"title":"Blog, zauj\u00edmavosti a novinky | Soitron","description":"V\u00edtame v\u00e1s v na\u0161ich Soitron novink\u00e1ch. Zistite, \u010do m\u00e1me nov\u00e9 v Soitrone, inform\u00e1cie od IT \u0161pecialistov o podujatiach \u010di udalostiach.","robots":{"index":"noindex","follow":"follow","max-snippet":"max-snippet:-1","max-image-preview":"max-image-preview:large","max-video-preview":"max-video-preview:-1"},"og_locale":"sk_SK","og_type":"article","og_title":"Blog, zauj\u00edmavosti a novinky | Soitron","og_description":"V\u00edtame v\u00e1s v na\u0161ich Soitron novink\u00e1ch. Zistite, \u010do m\u00e1me nov\u00e9 v Soitrone, inform\u00e1cie od IT \u0161pecialistov o podujatiach \u010di udalostiach.","og_url":"https:\/\/new.soitron.com\/news\/","og_site_name":"Soitron","article_modified_time":"2022-10-04T13:49:10+00:00","og_image":[{"width":1900,"height":414,"url":"https:\/\/new.soitron.com\/wp-content\/uploads\/2015\/10\/novinky-header-soitron-1900x414.jpg","type":"image\/jpeg"}],"twitter_card":"summary_large_image","schema":{"@context":"https:\/\/schema.org","@graph":[{"@type":"WebPage","@id":"https:\/\/new.soitron.com\/news\/","url":"https:\/\/new.soitron.com\/news\/","name":"Blog, zauj\u00edmavosti a novinky | Soitron","isPartOf":{"@id":"https:\/\/new.soitron.com\/#website"},"primaryImageOfPage":{"@id":"https:\/\/new.soitron.com\/news\/#primaryimage"},"image":{"@id":"https:\/\/new.soitron.com\/news\/#primaryimage"},"thumbnailUrl":"https:\/\/new.soitron.com\/wp-content\/uploads\/2015\/10\/novinky-header-soitron-1900x414.jpg","datePublished":"2015-10-20T10:53:21+00:00","dateModified":"2022-10-04T13:49:10+00:00","description":"V\u00edtame v\u00e1s v na\u0161ich Soitron novink\u00e1ch. Zistite, \u010do m\u00e1me nov\u00e9 v Soitrone, inform\u00e1cie od IT \u0161pecialistov o podujatiach \u010di udalostiach.","breadcrumb":{"@id":"https:\/\/new.soitron.com\/news\/#breadcrumb"},"inLanguage":"sk-SK","potentialAction":[{"@type":"ReadAction","target":["https:\/\/new.soitron.com\/news\/"]}]},{"@type":"ImageObject","inLanguage":"sk-SK","@id":"https:\/\/new.soitron.com\/news\/#primaryimage","url":"https:\/\/new.soitron.com\/wp-content\/uploads\/2015\/10\/novinky-header-soitron-1900x414.jpg","contentUrl":"https:\/\/new.soitron.com\/wp-content\/uploads\/2015\/10\/novinky-header-soitron-1900x414.jpg","width":1900,"height":414,"caption":"novinky header soitron"},{"@type":"BreadcrumbList","@id":"https:\/\/new.soitron.com\/news\/#breadcrumb","itemListElement":[{"@type":"ListItem","position":1,"name":"Home","item":"https:\/\/new.soitron.com\/"},{"@type":"ListItem","position":2,"name":"\u010co m\u00e1me nov\u00e9"}]},{"@type":"WebSite","@id":"https:\/\/new.soitron.com\/#website","url":"https:\/\/new.soitron.com\/","name":"Soitron","description":"Soitron je IT firma s viac ako 30 ro\u010dnou trad\u00edciou.","publisher":{"@id":"https:\/\/new.soitron.com\/#organization"},"potentialAction":[{"@type":"SearchAction","target":{"@type":"EntryPoint","urlTemplate":"https:\/\/new.soitron.com\/?s={search_term_string}"},"query-input":{"@type":"PropertyValueSpecification","valueRequired":true,"valueName":"search_term_string"}}],"inLanguage":"sk-SK"},{"@type":"Organization","@id":"https:\/\/new.soitron.com\/#organization","name":"Soitron","url":"https:\/\/new.soitron.com\/","logo":{"@type":"ImageObject","inLanguage":"sk-SK","@id":"https:\/\/new.soitron.com\/#\/schema\/logo\/image\/","url":"https:\/\/new.soitron.com\/wp-content\/uploads\/2016\/10\/Soitron_logo.png","contentUrl":"https:\/\/new.soitron.com\/wp-content\/uploads\/2016\/10\/Soitron_logo.png","width":224,"height":56,"caption":"Soitron"},"image":{"@id":"https:\/\/new.soitron.com\/#\/schema\/logo\/image\/"}}]}},"_links":{"self":[{"href":"https:\/\/new.soitron.com\/sk\/wp-json\/wp\/v2\/pages\/12","targetHints":{"allow":["GET"]}}],"collection":[{"href":"https:\/\/new.soitron.com\/sk\/wp-json\/wp\/v2\/pages"}],"about":[{"href":"https:\/\/new.soitron.com\/sk\/wp-json\/wp\/v2\/types\/page"}],"author":[{"embeddable":true,"href":"https:\/\/new.soitron.com\/sk\/wp-json\/wp\/v2\/users\/2"}],"replies":[{"embeddable":true,"href":"https:\/\/new.soitron.com\/sk\/wp-json\/wp\/v2\/comments?post=12"}],"version-history":[{"count":1,"href":"https:\/\/new.soitron.com\/sk\/wp-json\/wp\/v2\/pages\/12\/revisions"}],"predecessor-version":[{"id":50007,"href":"https:\/\/new.soitron.com\/sk\/wp-json\/wp\/v2\/pages\/12\/revisions\/50007"}],"wp:featuredmedia":[{"embeddable":true,"href":"https:\/\/new.soitron.com\/sk\/wp-json\/wp\/v2\/media\/3717"}],"wp:attachment":[{"href":"https:\/\/new.soitron.com\/sk\/wp-json\/wp\/v2\/media?parent=12"}],"curies":[{"name":"wp","href":"https:\/\/api.w.org\/{rel}","templated":true}]}}