{"id":10,"date":"2015-10-20T12:53:07","date_gmt":"2015-10-20T10:53:07","guid":{"rendered":"https:\/\/www.soitron.com\/?page_id=10"},"modified":"2021-12-10T16:25:14","modified_gmt":"2021-12-10T15:25:14","slug":"pripadove-studie","status":"publish","type":"page","link":"https:\/\/new.soitron.com\/sk\/pripadove-studie\/","title":{"rendered":"\u00daspe\u0161n\u00e9 projekty"},"content":{"rendered":"","protected":false},"excerpt":{"rendered":"","protected":false},"author":2,"featured_media":0,"parent":0,"menu_order":0,"comment_status":"closed","ping_status":"closed","template":"","meta":{"_acf_changed":false,"footnotes":""},"class_list":["post-10","page","type-page","status-publish","hentry"],"acf":[],"yoast_head":"<!-- This site is optimized with the Yoast SEO plugin v27.1.1 - https:\/\/yoast.com\/product\/yoast-seo-wordpress\/ -->\n<title>\u00daspe\u0161n\u00e9 projekty - Soitron<\/title>\n<meta name=\"description\" content=\"Pre\u010d\u00edtajte si o na\u0161ich \u00faspe\u0161n\u00fdch projektoch, ktor\u00e9 sme implementovali u na\u0161ich klientov a nechajte sa in\u0161pirova\u0165 pre svoj biznis.\" \/>\n<meta name=\"robots\" content=\"noindex, follow, max-snippet:-1, max-image-preview:large, max-video-preview:-1\" \/>\n<meta property=\"og:locale\" content=\"sk_SK\" \/>\n<meta property=\"og:type\" content=\"article\" \/>\n<meta property=\"og:title\" content=\"\u00daspe\u0161n\u00e9 projekty - Soitron\" \/>\n<meta property=\"og:description\" content=\"Pre\u010d\u00edtajte si o na\u0161ich \u00faspe\u0161n\u00fdch projektoch, ktor\u00e9 sme implementovali u na\u0161ich klientov a nechajte sa in\u0161pirova\u0165 pre svoj biznis.\" \/>\n<meta property=\"og:url\" content=\"https:\/\/new.soitron.com\/case-studies\/\" \/>\n<meta property=\"og:site_name\" content=\"Soitron\" \/>\n<meta property=\"article:modified_time\" content=\"2021-12-10T15:25:14+00:00\" \/>\n<meta name=\"twitter:card\" content=\"summary_large_image\" \/>\n<!-- \/ Yoast SEO plugin. -->","yoast_head_json":{"title":"\u00daspe\u0161n\u00e9 projekty - Soitron","description":"Pre\u010d\u00edtajte si o na\u0161ich \u00faspe\u0161n\u00fdch projektoch, ktor\u00e9 sme implementovali u na\u0161ich klientov a nechajte sa in\u0161pirova\u0165 pre svoj biznis.","robots":{"index":"noindex","follow":"follow","max-snippet":"max-snippet:-1","max-image-preview":"max-image-preview:large","max-video-preview":"max-video-preview:-1"},"og_locale":"sk_SK","og_type":"article","og_title":"\u00daspe\u0161n\u00e9 projekty - Soitron","og_description":"Pre\u010d\u00edtajte si o na\u0161ich \u00faspe\u0161n\u00fdch projektoch, ktor\u00e9 sme implementovali u na\u0161ich klientov a nechajte sa in\u0161pirova\u0165 pre svoj biznis.","og_url":"https:\/\/new.soitron.com\/case-studies\/","og_site_name":"Soitron","article_modified_time":"2021-12-10T15:25:14+00:00","twitter_card":"summary_large_image","schema":{"@context":"https:\/\/schema.org","@graph":[{"@type":"WebPage","@id":"https:\/\/new.soitron.com\/case-studies\/","url":"https:\/\/new.soitron.com\/case-studies\/","name":"\u00daspe\u0161n\u00e9 projekty - Soitron","isPartOf":{"@id":"https:\/\/new.soitron.com\/#website"},"datePublished":"2015-10-20T10:53:07+00:00","dateModified":"2021-12-10T15:25:14+00:00","description":"Pre\u010d\u00edtajte si o na\u0161ich \u00faspe\u0161n\u00fdch projektoch, ktor\u00e9 sme implementovali u na\u0161ich klientov a nechajte sa in\u0161pirova\u0165 pre svoj biznis.","breadcrumb":{"@id":"https:\/\/new.soitron.com\/case-studies\/#breadcrumb"},"inLanguage":"sk-SK","potentialAction":[{"@type":"ReadAction","target":["https:\/\/new.soitron.com\/case-studies\/"]}]},{"@type":"BreadcrumbList","@id":"https:\/\/new.soitron.com\/case-studies\/#breadcrumb","itemListElement":[{"@type":"ListItem","position":1,"name":"Home","item":"https:\/\/new.soitron.com\/"},{"@type":"ListItem","position":2,"name":"\u00daspe\u0161n\u00e9 projekty"}]},{"@type":"WebSite","@id":"https:\/\/new.soitron.com\/#website","url":"https:\/\/new.soitron.com\/","name":"Soitron","description":"Soitron je IT firma s viac ako 30 ro\u010dnou trad\u00edciou.","publisher":{"@id":"https:\/\/new.soitron.com\/#organization"},"potentialAction":[{"@type":"SearchAction","target":{"@type":"EntryPoint","urlTemplate":"https:\/\/new.soitron.com\/?s={search_term_string}"},"query-input":{"@type":"PropertyValueSpecification","valueRequired":true,"valueName":"search_term_string"}}],"inLanguage":"sk-SK"},{"@type":"Organization","@id":"https:\/\/new.soitron.com\/#organization","name":"Soitron","url":"https:\/\/new.soitron.com\/","logo":{"@type":"ImageObject","inLanguage":"sk-SK","@id":"https:\/\/new.soitron.com\/#\/schema\/logo\/image\/","url":"https:\/\/new.soitron.com\/wp-content\/uploads\/2016\/10\/Soitron_logo.png","contentUrl":"https:\/\/new.soitron.com\/wp-content\/uploads\/2016\/10\/Soitron_logo.png","width":224,"height":56,"caption":"Soitron"},"image":{"@id":"https:\/\/new.soitron.com\/#\/schema\/logo\/image\/"}}]}},"_links":{"self":[{"href":"https:\/\/new.soitron.com\/sk\/wp-json\/wp\/v2\/pages\/10","targetHints":{"allow":["GET"]}}],"collection":[{"href":"https:\/\/new.soitron.com\/sk\/wp-json\/wp\/v2\/pages"}],"about":[{"href":"https:\/\/new.soitron.com\/sk\/wp-json\/wp\/v2\/types\/page"}],"author":[{"embeddable":true,"href":"https:\/\/new.soitron.com\/sk\/wp-json\/wp\/v2\/users\/2"}],"replies":[{"embeddable":true,"href":"https:\/\/new.soitron.com\/sk\/wp-json\/wp\/v2\/comments?post=10"}],"version-history":[{"count":0,"href":"https:\/\/new.soitron.com\/sk\/wp-json\/wp\/v2\/pages\/10\/revisions"}],"wp:attachment":[{"href":"https:\/\/new.soitron.com\/sk\/wp-json\/wp\/v2\/media?parent=10"}],"curies":[{"name":"wp","href":"https:\/\/api.w.org\/{rel}","templated":true}]}}