{"id":24108,"date":"2019-05-16T09:50:38","date_gmt":"2019-05-16T08:50:38","guid":{"rendered":"https:\/\/www.soitron.com\/?page_id=24108"},"modified":"2021-12-13T10:30:48","modified_gmt":"2021-12-13T09:30:48","slug":"souhlas-se-zpracovanim-osobnich-udaju","status":"publish","type":"page","link":"https:\/\/new.soitron.com\/cs\/souhlas-se-zpracovanim-osobnich-udaju\/","title":{"rendered":"Souhlas se zpracov\u00e1n\u00edm osobn\u00edch \u00fadaj\u016f"},"content":{"rendered":"<div class=\"wpb-content-wrapper\"><p>[vc_row full_width=&#8221;stretch_row_content_no_spaces&#8221;][vc_column]\n                        <div data-wow-duration=\"1.5s\" data-wow-delay=\"0s\" class=\"wow fadeIn soitron-element soitron-element-banner-wrapper type-1 \">\n                                            <figure class=\"background\">\n                            <link rel=\"preload\" href=\"https:\/\/new.soitron.com\/wp-content\/uploads\/2019\/05\/recruit_banner-3.png.webp\" as=\"image\">\n                            <img decoding=\"async\" src=\"https:\/\/new.soitron.com\/wp-content\/uploads\/2019\/05\/recruit_banner-3.png\">\n                        <\/figure>\n                                        \n                    <div class=\"container\">\n                                                    <h1 style=\"color:#000000\">Souhlas se zpracov\u00e1n\u00edm osobn\u00edch \u00fadaj\u016f<\/h1>\n                                                                                                <\/div>\n                                    <\/div>\n\n            \n[vc_empty_space][\/vc_column][\/vc_row][vc_row][vc_column][vc_column_text]Jako dot\u010den\u00e1 osoba t\u00edmto ud\u011bluji provozovateli SOITRON Group SE, se s\u00eddlem Plyn\u00e1rensk\u00e1 5, 829 75 Bratislava, ID 358 71 636 souhlas se zpracov\u00e1n\u00edm m\u00fdch osobn\u00edch \u00fadaj\u016f v rozsahu <strong>titulu, jm\u00e9na, p\u0159\u00edjmen\u00ed, data narozen\u00ed, pohlav\u00ed, adresy, e-mailov\u00e9 adresy, telefonn\u00edho \u010d\u00edsla, dosa\u017een\u00e9ho vzd\u011bl\u00e1n\u00ed, dosa\u017een\u00fdch certifik\u00e1t\u016f, pracovn\u00ed historie, jazykov\u00e9 zru\u010dnosti, z\u00e1lib a ostatn\u00edch \u00fadaj\u016f<\/strong>, kter\u00e9 jsem z vlastn\u00ed iniciativy uvedl v \u017eivotopise za \u00fa\u010delem posouzen\u00ed vhodnosti kvalifikace uchaze\u010de a za\u0159azen\u00ed uchaze\u010de do evidence z\u00e1jemc\u016f o zam\u011bstn\u00e1n\u00ed.<\/p>\n<p>&nbsp;<\/p>\n<p>Uveden\u00e9 osobn\u00ed \u00fadaje budou zpracov\u00e1van\u00e9 provozovatelem po dobu 3 let od ud\u011blen\u00ed souhlasu nebo do odvol\u00e1n\u00ed tohoto souhlasu. P\u0159\u00edjemcem osobn\u00edch \u00fadaj\u016f dot\u010den\u00e9 osoby mohou b\u00fdt spole\u010dnosti vykon\u00e1vaj\u00edc\u00ed spr\u00e1vu a podporu informa\u010dn\u00edch technologi\u00ed provozovatele, zprost\u0159edkuj\u00edc\u00ed agentury, outsourcing klienti provozovatele a budouc\u00ed potenci\u00e1ln\u00ed zam\u011bstnavatel\u00e9.<\/p>\n<p>&nbsp;<\/p>\n<p>Prohla\u0161uji, \u017ee si jsem v\u011bdom toho, \u017ee poskytuji uveden\u00e9 osobn\u00ed \u00fadaje dobrovoln\u011b a stejn\u011b tak dobrovoln\u011b ud\u011bluji souhlas k jejich zpracov\u00e1n\u00ed. Souhlas mohu kdykoliv odvolat zasl\u00e1n\u00edm p\u00edsemn\u00e9ho odvol\u00e1n\u00ed souhlasu na adresu provozovatele. Z\u00e1rove\u0148 potvrzuji, \u017ee jsem m\u011bl mo\u017enost se kompletn\u011b sezn\u00e1mit s informacemi o zp\u016fsobu zpracov\u00e1n\u00ed osobn\u00edch \u00fadaj\u016f provozovatele a o pr\u00e1vech, kter\u00e9 m\u016f\u017ee uplatnit na webov\u00e9m s\u00eddle provozovatele <a href=\"https:\/\/www.soitron.sk\/privacy\/\">https:\/\/www.soitron.sk\/privacy\/<\/a>.[\/vc_column_text][vc_empty_space][vc_empty_space][\/vc_column][\/vc_row]<\/p>\n<\/div>","protected":false},"excerpt":{"rendered":"<p>[vc_row full_width=&#8221;stretch_row_content_no_spaces&#8221;][vc_column][vc_empty_space][\/vc_column][\/vc_row][vc_row][vc_column][vc_column_text]Jako dot\u010den\u00e1 osoba t\u00edmto ud\u011bluji provozovateli SOITRON Group SE, se s\u00eddlem Plyn\u00e1rensk\u00e1 5, 829 75 Bratislava, ID 358 71 636 souhlas se zpracov\u00e1n\u00edm m\u00fdch osobn\u00edch \u00fadaj\u016f v rozsahu titulu, jm\u00e9na, p\u0159\u00edjmen\u00ed, data narozen\u00ed, pohlav\u00ed, adresy, e-mailov\u00e9 adresy, telefonn\u00edho \u010d\u00edsla, dosa\u017een\u00e9ho vzd\u011bl\u00e1n\u00ed, dosa\u017een\u00fdch certifik\u00e1t\u016f, pracovn\u00ed historie, jazykov\u00e9 zru\u010dnosti, z\u00e1lib a ostatn\u00edch \u00fadaj\u016f, kter\u00e9 jsem z [&hellip;]<\/p>\n","protected":false},"author":39,"featured_media":0,"parent":0,"menu_order":0,"comment_status":"closed","ping_status":"closed","template":"","meta":{"_acf_changed":false,"footnotes":""},"class_list":["post-24108","page","type-page","status-publish","hentry"],"acf":[],"yoast_head":"<!-- This site is optimized with the Yoast SEO plugin v27.1.1 - https:\/\/yoast.com\/product\/yoast-seo-wordpress\/ -->\n<title>Souhlas se zpracov\u00e1n\u00edm osobn\u00edch \u00fadaj\u016f - Soitron<\/title>\n<meta name=\"description\" content=\"V\u00edce informac\u00ed o zpracov\u00e1n\u00ed a uchov\u00e1v\u00e1n\u00ed osobn\u00edch \u00fadaj\u016f z\u00e1jemc\u016f o zam\u011bstn\u00e1n\u00ed p\u0159es web spole\u010dnosti Soitron.\" \/>\n<meta name=\"robots\" content=\"noindex, follow, max-snippet:-1, max-image-preview:large, max-video-preview:-1\" \/>\n<meta property=\"og:locale\" content=\"cs_CZ\" \/>\n<meta property=\"og:type\" content=\"article\" \/>\n<meta property=\"og:title\" content=\"Souhlas se zpracov\u00e1n\u00edm osobn\u00edch \u00fadaj\u016f - Soitron\" \/>\n<meta property=\"og:description\" content=\"V\u00edce informac\u00ed o zpracov\u00e1n\u00ed a uchov\u00e1v\u00e1n\u00ed osobn\u00edch \u00fadaj\u016f z\u00e1jemc\u016f o zam\u011bstn\u00e1n\u00ed p\u0159es web spole\u010dnosti Soitron.\" \/>\n<meta property=\"og:url\" content=\"https:\/\/new.soitron.com\/consent-to-process-personal-data\/\" \/>\n<meta property=\"og:site_name\" content=\"Soitron\" \/>\n<meta property=\"article:modified_time\" content=\"2021-12-13T09:30:48+00:00\" \/>\n<meta name=\"twitter:card\" content=\"summary_large_image\" \/>\n<meta name=\"twitter:label1\" content=\"Est. reading time\" \/>\n\t<meta name=\"twitter:data1\" content=\"1 minute\" \/>\n<!-- \/ Yoast SEO plugin. -->","yoast_head_json":{"title":"Souhlas se zpracov\u00e1n\u00edm osobn\u00edch \u00fadaj\u016f - Soitron","description":"V\u00edce informac\u00ed o zpracov\u00e1n\u00ed a uchov\u00e1v\u00e1n\u00ed osobn\u00edch \u00fadaj\u016f z\u00e1jemc\u016f o zam\u011bstn\u00e1n\u00ed p\u0159es web spole\u010dnosti Soitron.","robots":{"index":"noindex","follow":"follow","max-snippet":"max-snippet:-1","max-image-preview":"max-image-preview:large","max-video-preview":"max-video-preview:-1"},"og_locale":"cs_CZ","og_type":"article","og_title":"Souhlas se zpracov\u00e1n\u00edm osobn\u00edch \u00fadaj\u016f - Soitron","og_description":"V\u00edce informac\u00ed o zpracov\u00e1n\u00ed a uchov\u00e1v\u00e1n\u00ed osobn\u00edch \u00fadaj\u016f z\u00e1jemc\u016f o zam\u011bstn\u00e1n\u00ed p\u0159es web spole\u010dnosti Soitron.","og_url":"https:\/\/new.soitron.com\/consent-to-process-personal-data\/","og_site_name":"Soitron","article_modified_time":"2021-12-13T09:30:48+00:00","twitter_card":"summary_large_image","twitter_misc":{"Est. reading time":"1 minute"},"schema":{"@context":"https:\/\/schema.org","@graph":[{"@type":"WebPage","@id":"https:\/\/new.soitron.com\/consent-to-process-personal-data\/","url":"https:\/\/new.soitron.com\/consent-to-process-personal-data\/","name":"Souhlas se zpracov\u00e1n\u00edm osobn\u00edch \u00fadaj\u016f - Soitron","isPartOf":{"@id":"https:\/\/new.soitron.com\/#website"},"datePublished":"2019-05-16T08:50:38+00:00","dateModified":"2021-12-13T09:30:48+00:00","description":"V\u00edce informac\u00ed o zpracov\u00e1n\u00ed a uchov\u00e1v\u00e1n\u00ed osobn\u00edch \u00fadaj\u016f z\u00e1jemc\u016f o zam\u011bstn\u00e1n\u00ed p\u0159es web spole\u010dnosti Soitron.","breadcrumb":{"@id":"https:\/\/new.soitron.com\/consent-to-process-personal-data\/#breadcrumb"},"inLanguage":"cs-CZ","potentialAction":[{"@type":"ReadAction","target":["https:\/\/new.soitron.com\/consent-to-process-personal-data\/"]}]},{"@type":"BreadcrumbList","@id":"https:\/\/new.soitron.com\/consent-to-process-personal-data\/#breadcrumb","itemListElement":[{"@type":"ListItem","position":1,"name":"Home","item":"https:\/\/new.soitron.com\/"},{"@type":"ListItem","position":2,"name":"Souhlas se zpracov\u00e1n\u00edm osobn\u00edch \u00fadaj\u016f"}]},{"@type":"WebSite","@id":"https:\/\/new.soitron.com\/#website","url":"https:\/\/new.soitron.com\/","name":"Soitron","description":"Soitron je IT firma s 30letou tradici.","publisher":{"@id":"https:\/\/new.soitron.com\/#organization"},"potentialAction":[{"@type":"SearchAction","target":{"@type":"EntryPoint","urlTemplate":"https:\/\/new.soitron.com\/?s={search_term_string}"},"query-input":{"@type":"PropertyValueSpecification","valueRequired":true,"valueName":"search_term_string"}}],"inLanguage":"cs-CZ"},{"@type":"Organization","@id":"https:\/\/new.soitron.com\/#organization","name":"Soitron","url":"https:\/\/new.soitron.com\/","logo":{"@type":"ImageObject","inLanguage":"cs-CZ","@id":"https:\/\/new.soitron.com\/#\/schema\/logo\/image\/","url":"https:\/\/new.soitron.com\/wp-content\/uploads\/2016\/10\/Soitron_logo.png","contentUrl":"https:\/\/new.soitron.com\/wp-content\/uploads\/2016\/10\/Soitron_logo.png","width":224,"height":56,"caption":"Soitron"},"image":{"@id":"https:\/\/new.soitron.com\/#\/schema\/logo\/image\/"}}]}},"_links":{"self":[{"href":"https:\/\/new.soitron.com\/cs\/wp-json\/wp\/v2\/pages\/24108","targetHints":{"allow":["GET"]}}],"collection":[{"href":"https:\/\/new.soitron.com\/cs\/wp-json\/wp\/v2\/pages"}],"about":[{"href":"https:\/\/new.soitron.com\/cs\/wp-json\/wp\/v2\/types\/page"}],"author":[{"embeddable":true,"href":"https:\/\/new.soitron.com\/cs\/wp-json\/wp\/v2\/users\/39"}],"replies":[{"embeddable":true,"href":"https:\/\/new.soitron.com\/cs\/wp-json\/wp\/v2\/comments?post=24108"}],"version-history":[{"count":0,"href":"https:\/\/new.soitron.com\/cs\/wp-json\/wp\/v2\/pages\/24108\/revisions"}],"wp:attachment":[{"href":"https:\/\/new.soitron.com\/cs\/wp-json\/wp\/v2\/media?parent=24108"}],"curies":[{"name":"wp","href":"https:\/\/api.w.org\/{rel}","templated":true}]}}