{"id":14940,"date":"2017-05-22T15:07:25","date_gmt":"2017-05-22T14:07:25","guid":{"rendered":"https:\/\/www.soitron.com\/na-stiahnutie\/"},"modified":"2021-12-13T10:37:42","modified_gmt":"2021-12-13T09:37:42","slug":"na-stiahnutie","status":"publish","type":"page","link":"https:\/\/new.soitron.com\/cs\/na-stiahnutie\/","title":{"rendered":"Ke sta\u017een\u00ed"},"content":{"rendered":"<div class=\"wpb-content-wrapper\"><p>[vc_row full_width=&#8221;stretch_row_content_no_spaces&#8221;][vc_column]\n                        <div data-wow-duration=\"1.5s\" data-wow-delay=\"0s\" class=\"wow fadeIn soitron-element soitron-element-banner-wrapper type-1 \">\n                                            <figure class=\"background\">\n                            <link rel=\"preload\" href=\"https:\/\/new.soitron.com\/wp-content\/uploads\/2015\/10\/novinky-header-soitron-1900x414.jpg.webp\" as=\"image\">\n                            <img decoding=\"async\" src=\"https:\/\/new.soitron.com\/wp-content\/uploads\/2015\/10\/novinky-header-soitron-1900x414.jpg\">\n                        <\/figure>\n                                        \n                    <div class=\"container\">\n                                                                    <\/div>\n                                    <\/div>\n\n            \n[\/vc_column][\/vc_row][vc_row el_class=&#8221;text intro&#8221;][vc_column][vc_column_text]<\/p>\n<p style=\"text-align: center;\">V t\u00e9to \u010d\u00e1sti naleznete Soitron logo v k\u0159ivk\u00e1ch a design manu\u00e1l, kter\u00fd v\u00e1m pom\u016f\u017ee pou\u017e\u00edt na\u0161e logo spr\u00e1vn\u011b. V p\u0159\u00edpad\u011b, \u017ee jste zde nena\u0161li, co jste hledali, kontaktujte n\u00e1s na marketing@soitron.com.<\/p>\n<p>[\/vc_column_text][\/vc_column][\/vc_row][vc_row full_width=&#8221;stretch_row&#8221; el_class=&#8221;bg-grey&#8221;][vc_column][vc_column_text]<\/p>\n<h2 style=\"text-align: center;\">Dokumenty ke sta\u017een\u00ed<\/h2>\n<p>[\/vc_column_text][vc_row_inner][vc_column_inner width=&#8221;1\/4&#8243;]\n                        <div data-wow-duration=\"1.5s\" data-wow-delay=\"0s\" class=\"wow fadeIn soitron-element soitron-element-link-box-wrapper type-1 fff\">\n                    <div class=\"content\">\n                        <div class=\"image\">\n                                                            <img decoding=\"async\" src=\"https:\/\/new.soitron.com\/wp-content\/uploads\/2017\/05\/Soitron-logo-obr.png\" srcset=\"https:\/\/new.soitron.com\/wp-content\/uploads\/2017\/05\/Soitron-logo-obr.png 450w, https:\/\/new.soitron.com\/wp-content\/uploads\/2017\/05\/Soitron-logo-obr-300x267.png 300w, https:\/\/new.soitron.com\/wp-content\/uploads\/2017\/05\/Soitron-logo-obr-263x234.png 263w\" sizes=\"(max-width: 450px) 100vw, 450px\" class=\"\">\n                                                    <\/div>\n                        <div class=\"text\" style=\"background-color:#fff\">\n                            <p style=\"color:#000000\" class=\"title\">Pdf. form\u00e1t<\/p>\n\n                            <p style=\"color:#000000\" class=\"description\">Soitron logo v krivk\u00e1ch<\/p>\n                        <\/div>\n                    <\/div>\n                    <a href=\"\/wp-content\/uploads\/2016\/10\/Farebne_claim_pdf.pdf\"><\/a>\n                    <span class=\"glyphicon glyphicon-menu-right anim arrow\"><\/span>\n                <\/div>\n                \n        [\/vc_column_inner][vc_column_inner width=&#8221;1\/4&#8243;]\n                        <div data-wow-duration=\"1.5s\" data-wow-delay=\"0s\" class=\"wow fadeIn soitron-element soitron-element-link-box-wrapper type-1 fff\">\n                    <div class=\"content\">\n                        <div class=\"image\">\n                                                            <img decoding=\"async\" src=\"https:\/\/new.soitron.com\/wp-content\/uploads\/2018\/11\/dizajn-manual-2-640x416.png\" srcset=\"https:\/\/new.soitron.com\/wp-content\/uploads\/2018\/11\/dizajn-manual-2-640x416.png 640w, https:\/\/new.soitron.com\/wp-content\/uploads\/2018\/11\/dizajn-manual-2-300x194.png 300w, https:\/\/new.soitron.com\/wp-content\/uploads\/2018\/11\/dizajn-manual-2-768x498.png 768w, https:\/\/new.soitron.com\/wp-content\/uploads\/2018\/11\/dizajn-manual-2-1024x664.png 1024w, https:\/\/new.soitron.com\/wp-content\/uploads\/2018\/11\/dizajn-manual-2-360x234.png 360w\" sizes=\"(max-width: 640px) 100vw, 640px\" class=\"\">\n                                                    <\/div>\n                        <div class=\"text\" style=\"background-color:#fff\">\n                            <p style=\"color:#000000\" class=\"title\">Ako pou\u017e\u00edva\u0165 logo Soitron<\/p>\n\n                            <p style=\"color:#000000\" class=\"description\">Soitron design manu\u00e1l<\/p>\n                        <\/div>\n                    <\/div>\n                    <a href=\"https:\/\/www.soitron.com\/wp-content\/uploads\/2021\/11\/SOITRON-DIZAJN-MANUAL_SK_compressed-1.pdf\"><\/a>\n                    <span class=\"glyphicon glyphicon-menu-right anim arrow\"><\/span>\n                <\/div>\n                \n        [\/vc_column_inner][vc_column_inner width=&#8221;1\/4&#8243;][\/vc_column_inner][vc_column_inner width=&#8221;1\/4&#8243;][\/vc_column_inner][\/vc_row_inner][\/vc_column][\/vc_row][vc_row full_width=&#8221;stretch_row&#8221; el_class=&#8221;bg-grey2&#8243;][vc_column][vc_column_text]<\/p>\n<h2 class=\"wow fadeInLeft margin-b-30\" data-wow-duration=\"1.5s\" data-wow-delay=\"0s\">Kontaktujte n\u00e1s<\/h2>\n<p>[\/vc_column_text][contact-form-7 id=&#8221;40850&#8243;][\/vc_column][\/vc_row]<\/p>\n<\/div>","protected":false},"excerpt":{"rendered":"<p>[vc_row full_width=&#8221;stretch_row_content_no_spaces&#8221;][vc_column][\/vc_column][\/vc_row][vc_row el_class=&#8221;text intro&#8221;][vc_column][vc_column_text] V t\u00e9to \u010d\u00e1sti naleznete Soitron logo v k\u0159ivk\u00e1ch a design manu\u00e1l, kter\u00fd v\u00e1m pom\u016f\u017ee pou\u017e\u00edt na\u0161e logo spr\u00e1vn\u011b. V p\u0159\u00edpad\u011b, \u017ee jste zde nena\u0161li, co jste hledali, kontaktujte n\u00e1s na marketing@soitron.com. [\/vc_column_text][\/vc_column][\/vc_row][vc_row full_width=&#8221;stretch_row&#8221; el_class=&#8221;bg-grey&#8221;][vc_column][vc_column_text] Dokumenty ke sta\u017een\u00ed [\/vc_column_text][vc_row_inner][vc_column_inner width=&#8221;1\/4&#8243;][\/vc_column_inner][vc_column_inner width=&#8221;1\/4&#8243;][\/vc_column_inner][vc_column_inner width=&#8221;1\/4&#8243;][\/vc_column_inner][vc_column_inner width=&#8221;1\/4&#8243;][\/vc_column_inner][\/vc_row_inner][\/vc_column][\/vc_row][vc_row full_width=&#8221;stretch_row&#8221; el_class=&#8221;bg-grey2&#8243;][vc_column][vc_column_text] Kontaktujte n\u00e1s [\/vc_column_text][contact-form-7 id=&#8221;40850&#8243;][\/vc_column][\/vc_row]<\/p>\n","protected":false},"author":12,"featured_media":0,"parent":0,"menu_order":0,"comment_status":"closed","ping_status":"closed","template":"","meta":{"_acf_changed":false,"footnotes":""},"class_list":["post-14940","page","type-page","status-publish","hentry"],"acf":[],"yoast_head":"<!-- This site is optimized with the Yoast SEO plugin v27.1.1 - https:\/\/yoast.com\/product\/yoast-seo-wordpress\/ -->\n<title>Ke sta\u017een\u00ed - Soitron<\/title>\n<meta name=\"description\" content=\"V t\u00e9to \u010d\u00e1sti naleznete ke sta\u017een\u00ed Soitron logo v k\u0159ivk\u00e1ch a design manu\u00e1l, kter\u00fd v\u00e1m pom\u016f\u017ee pou\u017e\u00edt na\u0161e logo spr\u00e1vn\u011b.\" \/>\n<meta name=\"robots\" content=\"noindex, follow, max-snippet:-1, max-image-preview:large, max-video-preview:-1\" \/>\n<meta property=\"og:locale\" content=\"cs_CZ\" \/>\n<meta property=\"og:type\" content=\"article\" \/>\n<meta property=\"og:title\" content=\"Ke sta\u017een\u00ed - Soitron\" \/>\n<meta property=\"og:description\" content=\"V t\u00e9to \u010d\u00e1sti naleznete ke sta\u017een\u00ed Soitron logo v k\u0159ivk\u00e1ch a design manu\u00e1l, kter\u00fd v\u00e1m pom\u016f\u017ee pou\u017e\u00edt na\u0161e logo spr\u00e1vn\u011b.\" \/>\n<meta property=\"og:url\" content=\"https:\/\/new.soitron.com\/for-download\/\" \/>\n<meta property=\"og:site_name\" content=\"Soitron\" \/>\n<meta property=\"article:modified_time\" content=\"2021-12-13T09:37:42+00:00\" \/>\n<meta name=\"twitter:card\" content=\"summary_large_image\" \/>\n<meta name=\"twitter:label1\" content=\"Est. reading time\" \/>\n\t<meta name=\"twitter:data1\" content=\"1 minute\" \/>\n<!-- \/ Yoast SEO plugin. -->","yoast_head_json":{"title":"Ke sta\u017een\u00ed - Soitron","description":"V t\u00e9to \u010d\u00e1sti naleznete ke sta\u017een\u00ed Soitron logo v k\u0159ivk\u00e1ch a design manu\u00e1l, kter\u00fd v\u00e1m pom\u016f\u017ee pou\u017e\u00edt na\u0161e logo spr\u00e1vn\u011b.","robots":{"index":"noindex","follow":"follow","max-snippet":"max-snippet:-1","max-image-preview":"max-image-preview:large","max-video-preview":"max-video-preview:-1"},"og_locale":"cs_CZ","og_type":"article","og_title":"Ke sta\u017een\u00ed - Soitron","og_description":"V t\u00e9to \u010d\u00e1sti naleznete ke sta\u017een\u00ed Soitron logo v k\u0159ivk\u00e1ch a design manu\u00e1l, kter\u00fd v\u00e1m pom\u016f\u017ee pou\u017e\u00edt na\u0161e logo spr\u00e1vn\u011b.","og_url":"https:\/\/new.soitron.com\/for-download\/","og_site_name":"Soitron","article_modified_time":"2021-12-13T09:37:42+00:00","twitter_card":"summary_large_image","twitter_misc":{"Est. reading time":"1 minute"},"schema":{"@context":"https:\/\/schema.org","@graph":[{"@type":"WebPage","@id":"https:\/\/new.soitron.com\/for-download\/","url":"https:\/\/new.soitron.com\/for-download\/","name":"Ke sta\u017een\u00ed - Soitron","isPartOf":{"@id":"https:\/\/new.soitron.com\/#website"},"datePublished":"2017-05-22T14:07:25+00:00","dateModified":"2021-12-13T09:37:42+00:00","description":"V t\u00e9to \u010d\u00e1sti naleznete ke sta\u017een\u00ed Soitron logo v k\u0159ivk\u00e1ch a design manu\u00e1l, kter\u00fd v\u00e1m pom\u016f\u017ee pou\u017e\u00edt na\u0161e logo spr\u00e1vn\u011b.","breadcrumb":{"@id":"https:\/\/new.soitron.com\/for-download\/#breadcrumb"},"inLanguage":"cs-CZ","potentialAction":[{"@type":"ReadAction","target":["https:\/\/new.soitron.com\/for-download\/"]}]},{"@type":"BreadcrumbList","@id":"https:\/\/new.soitron.com\/for-download\/#breadcrumb","itemListElement":[{"@type":"ListItem","position":1,"name":"Home","item":"https:\/\/new.soitron.com\/"},{"@type":"ListItem","position":2,"name":"Ke sta\u017een\u00ed"}]},{"@type":"WebSite","@id":"https:\/\/new.soitron.com\/#website","url":"https:\/\/new.soitron.com\/","name":"Soitron","description":"Soitron je IT firma s 30letou tradici.","publisher":{"@id":"https:\/\/new.soitron.com\/#organization"},"potentialAction":[{"@type":"SearchAction","target":{"@type":"EntryPoint","urlTemplate":"https:\/\/new.soitron.com\/?s={search_term_string}"},"query-input":{"@type":"PropertyValueSpecification","valueRequired":true,"valueName":"search_term_string"}}],"inLanguage":"cs-CZ"},{"@type":"Organization","@id":"https:\/\/new.soitron.com\/#organization","name":"Soitron","url":"https:\/\/new.soitron.com\/","logo":{"@type":"ImageObject","inLanguage":"cs-CZ","@id":"https:\/\/new.soitron.com\/#\/schema\/logo\/image\/","url":"https:\/\/new.soitron.com\/wp-content\/uploads\/2016\/10\/Soitron_logo.png","contentUrl":"https:\/\/new.soitron.com\/wp-content\/uploads\/2016\/10\/Soitron_logo.png","width":224,"height":56,"caption":"Soitron"},"image":{"@id":"https:\/\/new.soitron.com\/#\/schema\/logo\/image\/"}}]}},"_links":{"self":[{"href":"https:\/\/new.soitron.com\/cs\/wp-json\/wp\/v2\/pages\/14940","targetHints":{"allow":["GET"]}}],"collection":[{"href":"https:\/\/new.soitron.com\/cs\/wp-json\/wp\/v2\/pages"}],"about":[{"href":"https:\/\/new.soitron.com\/cs\/wp-json\/wp\/v2\/types\/page"}],"author":[{"embeddable":true,"href":"https:\/\/new.soitron.com\/cs\/wp-json\/wp\/v2\/users\/12"}],"replies":[{"embeddable":true,"href":"https:\/\/new.soitron.com\/cs\/wp-json\/wp\/v2\/comments?post=14940"}],"version-history":[{"count":0,"href":"https:\/\/new.soitron.com\/cs\/wp-json\/wp\/v2\/pages\/14940\/revisions"}],"wp:attachment":[{"href":"https:\/\/new.soitron.com\/cs\/wp-json\/wp\/v2\/media?parent=14940"}],"curies":[{"name":"wp","href":"https:\/\/api.w.org\/{rel}","templated":true}]}}