{"id":10177,"date":"2018-01-02T09:13:29","date_gmt":"2018-01-02T08:13:29","guid":{"rendered":"https:\/\/www.soitron.com\/?page_id=10177"},"modified":"2021-10-22T09:48:12","modified_gmt":"2021-10-22T08:48:12","slug":"certifikacni-stredisko","status":"publish","type":"page","link":"https:\/\/new.soitron.com\/cs\/certifikacni-stredisko\/","title":{"rendered":"CERTIFIKA\u010cN\u00cd ST\u0158EDISKO"},"content":{"rendered":"<div class=\"wpb-content-wrapper\"><p>[vc_row full_width=&#8221;stretch_row_content_no_spaces&#8221;][vc_column]\n                        <div data-wow-duration=\"1.5s\" data-wow-delay=\"0s\" class=\"wow fadeIn soitron-element soitron-element-banner-wrapper type-1 \">\n                                            <figure class=\"background\">\n                            <link rel=\"preload\" href=\"https:\/\/new.soitron.com\/wp-content\/uploads\/2016\/02\/IT-skolenia3.jpg.webp\" as=\"image\">\n                            <img decoding=\"async\" src=\"https:\/\/new.soitron.com\/wp-content\/uploads\/2016\/02\/IT-skolenia3.jpg\">\n                        <\/figure>\n                                        \n                    <div class=\"container\">\n                                                    <h1 style=\"color:#000000\">CERTIFIKA\u010cN\u00cd ST\u0158EDISKO<\/h1>\n                                                                                                <\/div>\n                                    <\/div>\n\n            \n[vc_empty_space][vc_empty_space][\/vc_column][\/vc_row][vc_row][vc_column][vc_column_text]<\/p>\n<h2 class=\"wow fadeInLeft margin-b-30\" style=\"visibility: visible; animation-duration: 1.5s; animation-delay: 0s; animation-name: fadeInLeft; text-align: center;\" data-wow-duration=\"1.5s\" data-wow-delay=\"0s\">\u010cinnost certfika\u010dn\u00edho st\u0159ediska byla ke dni 30. 9. 2021 ukon\u010dena.<\/h2>\n<p>[\/vc_column_text][vc_empty_space height=&#8221;20px&#8221;][vc_row_inner disable_element=&#8221;yes&#8221;][vc_column_inner width=&#8221;7\/12&#8243;][vc_column_text]<\/p>\n<h3 class=\"Text\"><span lang=\"DE\">Soitron vytvo\u0159il pro IT odborn\u00edky ide\u00e1ln\u00ed podm\u00ednky pro testov\u00e1n\u00ed technologi\u00ed v\u0161ech renomovan\u00fdch firem sv\u011bta.<\/span><\/h3>\n<p>Autorizovan\u00fdm partnerem spole\u010dnosti Pearson VUE jsme se stali v roce 2003. N\u00e1sledn\u011b v roce 2007 jsme po spln\u011bn\u00ed n\u00e1ro\u010dn\u00fdch podm\u00ednek spole\u010dnosti Prometric \u2013 glob\u00e1ln\u00edho providera komplexn\u00edho testov\u00e1n\u00ed z\u00edskali status Authorized Prometric Testing Center (APTC).<\/p>\n<p>V roce 2010 jsme Titulem Professional Testing Center (PTC) roz\u0161\u00ed\u0159ili nab\u00eddku o testov\u00e1n\u00ed v oblasti vzd\u011bl\u00e1v\u00e1n\u00ed v akademick\u00e9m, vl\u00e1dn\u00edm a finan\u010dn\u00edm sektoru, projektov\u00e9m managementu i angli\u010dtin\u011b (TOEFL, GRE, PMI, EPSO a jin\u00e9).<\/p>\n<p>Registrace na zm\u00edn\u011bn\u00e9 testy prob\u00edh\u00e1 prost\u0159ednictv\u00edm spole\u010dnosti Prometric. Testov\u00e1n\u00ed se prov\u00e1d\u00ed pravideln\u011b v \u00faterky a p\u00e1tky.[\/vc_column_text][vc_empty_space height=&#8221;20px&#8221;][\/vc_column_inner][vc_column_inner width=&#8221;5\/12&#8243;]                <div data-wow-duration=\"1.5s\" data-wow-delay=\"0s\" class=\"wow fadeIn soitron-element soitron-element-content-box-wrapper type-1\">\n\n\n                    <div style=\"background-color:#84bf43\">\n                                                <div class=\"content\">\n                                                                <h4 style=\"color:#fff; text-align:center;font-size:30px;\">IT TESTOV\u00c1N\u00cd - REGISTRACE A TERM\u00cdNY<\/h4>\n                                    \n                                                                <div style=\"color:#fff\">\n                                    <p>\n                                    IT testov\u00e1n\u00ed prob\u00edh\u00e1 pravideln\u011b v pond\u011blky, st\u0159edy a \u010dtvrtky na 6 testovac\u00edch stanic\u00edch. Na IT testy se m\u016f\u017eete zaregistrovat:<\/p>\n<ul>\n<li>online na webov\u00fdch str\u00e1nk\u00e1ch spole\u010dnost\u00ed <a href=\"https:\/\/home.pearsonvue.com\/\">Pearson VUE<\/a> a <a href=\"https:\/\/www.prometric.com\/en-us\/Pages\/home.aspx\">Prometric<\/a><\/li>\n<li>prost\u0159ednictv\u00edm <a href=\"https:\/\/www.soitron.cz\/registracia-na-certifikaciu\/\">elektronick\u00e9ho registra\u010dn\u00edho formul\u00e1\u0159e<\/a><\/li>\n<li>e-mailem na <a href=\"mailto:certification@soitron.com\">certification@soitron.com<\/a><\/li>\n<\/ul>\n<p>                                    <\/p>\n                                                                    <\/div>\n                                                        <\/div>\n                                            <\/div>\n                <\/div>\n                \n        [\/vc_column_inner][\/vc_row_inner][vc_row_inner disable_element=&#8221;yes&#8221;][vc_column_inner]                <div data-wow-duration=\"1.5s\" data-wow-delay=\"0s\" class=\"wow fadeIn soitron-element soitron-element-content-box-wrapper type-4\">\n                    <div class=\"content\" style=\"background-color: #33bcad; color: #fff;\">\n                        <div class=\"text\">\n                            <h3 style=\"color: #fff\">D\u016eLE\u017dIT\u00c9 INFORMACE<\/h3>\n                            Testovac\u00ed m\u00edstnost se nach\u00e1z\u00ed v prostor\u00e1ch spole\u010dnosti SOITRON, s.r.o., v budov\u011b Galvaniho Business Centra III na Galvaniho ulici 15\/C v Bratislav\u011b.<\/p>\n<p>Pros\u00edme v\u00e1s, abyste se na test dostavili v dostate\u010dn\u00e9m p\u0159edstihu (15 &#8211; 30 minut p\u0159ed pl\u00e1novan\u00fdm za\u010d\u00e1tkem) a s sebou si p\u0159inesli dva platn\u00e9 doklady toto\u017enosti (jeden s fotografi\u00ed, jeden s vlastnoru\u010dn\u00edm podpisem) &#8211; nap\u0159. ob\u010dansk\u00fd pr\u016fkaz, \u0159idi\u010dsk\u00fd pr\u016fkaz, cestovn\u00ed pas apod.<\/p>\n<p>V p\u0159\u00edpad\u011b pot\u0159eby v\u00e1m zkou\u0161ku na po\u017e\u00e1d\u00e1n\u00ed p\u0159esuneme na jin\u00fd term\u00edn nebo zru\u0161\u00edme. Tuto skute\u010dnost je n\u00e1m v\u0161ak t\u0159eba ozn\u00e1mit nejpozd\u011bji dva dny p\u0159ed pl\u00e1novan\u00fdm term\u00ednem.<\/p>\n<p><a href=\"https:\/\/www.soitron.cz\/certifikacni-stredisko\/\">V\u00edce informac\u00ed.<\/a>                        <\/div>\n                        <figure>\n                            <img decoding=\"async\" src=\"https:\/\/new.soitron.com\/wp-content\/uploads\/2015\/12\/info-vizual.jpg\">\n                        <\/figure>\n                    <\/div>\n                <\/div>\n                \n        [vc_column_text el_class=&#8221;text-center&#8221;]<\/p>\n<h2 class=\"wow fadeInLeft margin-b-30\" style=\"visibility: visible; animation-duration: 1.5s; animation-delay: 0s; animation-name: fadeInLeft;\" data-wow-duration=\"1.5s\" data-wow-delay=\"0s\"><span lang=\"DE\">PLATEBN\u00cd PODM\u00cdNKY<\/span><\/h2>\n<p>\u0158\u00edd\u00edme se ofici\u00e1ln\u00edm cen\u00edkem spole\u010dnost\u00ed Pearson Vue a Prometric. K cen\u00e1m test\u016f ne\u00fa\u010dtujeme \u017e\u00e1dn\u00e9 poplatky za registraci ani proveden\u00ed test\u016f.<\/p>\n<p>Fakturujeme v m\u011bn\u011b EUR: fin\u00e1ln\u00ed cena je p\u0159epo\u010d\u00edt\u00e1v\u00e1na aktu\u00e1ln\u00edm kurzem devizy prodej Tatra banka, a.s. v den absolvov\u00e1n\u00ed testu. K cen\u011b testu je p\u0159ipo\u010d\u00edt\u00e1v\u00e1na DPH ve v\u00fd\u0161i 20%. Na v\u00e1mi uveden\u00e9 faktura\u010dn\u00ed \u00fadaje bude vystavena faktura a zasl\u00e1na na faktura\u010dn\u00ed adresu. V p\u0159\u00edpad\u011b z\u00e1jmu v\u00e1m e-mailem za\u0161leme scan faktury. Splatnost faktury je 14 dn\u00ed od absolvov\u00e1n\u00ed testu.<\/p>\n<p>Platba na m\u00edst\u011b v hotovosti \u010di kartou bohu\u017eel nen\u00ed mo\u017en\u00e1.<\/p>\n<p>&nbsp;<\/p>\n<p><a class=\"btn btn-primary\" href=\"https:\/\/www.soitron.cz\/registracia-na-certifikaciu\/\" target=\"_blank\" rel=\"noopener noreferrer\">registrace<\/a>[\/vc_column_text][vc_empty_space el_class=&#8221;hidden-xs&#8221;][vc_empty_space height=&#8221;20px&#8221;][\/vc_column_inner][\/vc_row_inner][\/vc_column][\/vc_row][vc_row full_width=&#8221;stretch_row&#8221; disable_element=&#8221;yes&#8221; el_class=&#8221;bg-grey2&#8243; el_id=&#8221;kontakt&#8221;][vc_column][vc_column_text]<\/p>\n<h2 class=\"wow fadeInLeft margin-b-30\" data-wow-duration=\"1.5s\" data-wow-delay=\"0s\">Kontaktujte n\u00e1s<\/h2>\n<p>[\/vc_column_text][contact-form-7 id=&#8221;40850&#8243;][\/vc_column][\/vc_row]<\/p>\n<\/div>","protected":false},"excerpt":{"rendered":"<p>[vc_row full_width=&#8221;stretch_row_content_no_spaces&#8221;][vc_column][vc_empty_space][vc_empty_space][\/vc_column][\/vc_row][vc_row][vc_column][vc_column_text] \u010cinnost certfika\u010dn\u00edho st\u0159ediska byla ke dni 30. 9. 2021 ukon\u010dena. [\/vc_column_text][vc_empty_space height=&#8221;20px&#8221;][vc_row_inner disable_element=&#8221;yes&#8221;][vc_column_inner width=&#8221;7\/12&#8243;][vc_column_text] Soitron vytvo\u0159il pro IT odborn\u00edky ide\u00e1ln\u00ed podm\u00ednky pro testov\u00e1n\u00ed technologi\u00ed v\u0161ech renomovan\u00fdch firem sv\u011bta. Autorizovan\u00fdm partnerem spole\u010dnosti Pearson VUE jsme se stali v roce 2003. N\u00e1sledn\u011b v roce 2007 jsme po spln\u011bn\u00ed n\u00e1ro\u010dn\u00fdch podm\u00ednek spole\u010dnosti Prometric \u2013 glob\u00e1ln\u00edho providera [&hellip;]<\/p>\n","protected":false},"author":11,"featured_media":0,"parent":0,"menu_order":0,"comment_status":"closed","ping_status":"closed","template":"","meta":{"_acf_changed":false,"footnotes":""},"class_list":["post-10177","page","type-page","status-publish","hentry"],"acf":[],"yoast_head":"<!-- This site is optimized with the Yoast SEO plugin v27.1.1 - https:\/\/yoast.com\/product\/yoast-seo-wordpress\/ -->\n<title>CERTIFIKA\u010cN\u00cd ST\u0158EDISKO - Soitron<\/title>\n<meta name=\"description\" content=\"Soitron vytvo\u0159il pro IT odborn\u00edky ide\u00e1ln\u00ed podm\u00ednky pro testov\u00e1n\u00ed technologi\u00ed v\u0161ech renomovan\u00fdch firem sv\u011bta.\" \/>\n<meta name=\"robots\" content=\"noindex, follow, max-snippet:-1, max-image-preview:large, max-video-preview:-1\" \/>\n<meta property=\"og:locale\" content=\"cs_CZ\" \/>\n<meta property=\"og:type\" content=\"article\" \/>\n<meta property=\"og:title\" content=\"CERTIFIKA\u010cN\u00cd ST\u0158EDISKO - Soitron\" \/>\n<meta property=\"og:description\" content=\"Soitron vytvo\u0159il pro IT odborn\u00edky ide\u00e1ln\u00ed podm\u00ednky pro testov\u00e1n\u00ed technologi\u00ed v\u0161ech renomovan\u00fdch firem sv\u011bta.\" \/>\n<meta property=\"og:url\" content=\"https:\/\/new.soitron.com\/certification-center\/\" \/>\n<meta property=\"og:site_name\" content=\"Soitron\" \/>\n<meta property=\"article:modified_time\" content=\"2021-10-22T08:48:12+00:00\" \/>\n<meta name=\"twitter:card\" content=\"summary_large_image\" \/>\n<meta name=\"twitter:label1\" content=\"Est. reading time\" \/>\n\t<meta name=\"twitter:data1\" content=\"2 minutes\" \/>\n<!-- \/ Yoast SEO plugin. -->","yoast_head_json":{"title":"CERTIFIKA\u010cN\u00cd ST\u0158EDISKO - Soitron","description":"Soitron vytvo\u0159il pro IT odborn\u00edky ide\u00e1ln\u00ed podm\u00ednky pro testov\u00e1n\u00ed technologi\u00ed v\u0161ech renomovan\u00fdch firem sv\u011bta.","robots":{"index":"noindex","follow":"follow","max-snippet":"max-snippet:-1","max-image-preview":"max-image-preview:large","max-video-preview":"max-video-preview:-1"},"og_locale":"cs_CZ","og_type":"article","og_title":"CERTIFIKA\u010cN\u00cd ST\u0158EDISKO - Soitron","og_description":"Soitron vytvo\u0159il pro IT odborn\u00edky ide\u00e1ln\u00ed podm\u00ednky pro testov\u00e1n\u00ed technologi\u00ed v\u0161ech renomovan\u00fdch firem sv\u011bta.","og_url":"https:\/\/new.soitron.com\/certification-center\/","og_site_name":"Soitron","article_modified_time":"2021-10-22T08:48:12+00:00","twitter_card":"summary_large_image","twitter_misc":{"Est. reading time":"2 minutes"},"schema":{"@context":"https:\/\/schema.org","@graph":[{"@type":"WebPage","@id":"https:\/\/new.soitron.com\/certification-center\/","url":"https:\/\/new.soitron.com\/certification-center\/","name":"CERTIFIKA\u010cN\u00cd ST\u0158EDISKO - Soitron","isPartOf":{"@id":"https:\/\/new.soitron.com\/#website"},"datePublished":"2018-01-02T08:13:29+00:00","dateModified":"2021-10-22T08:48:12+00:00","description":"Soitron vytvo\u0159il pro IT odborn\u00edky ide\u00e1ln\u00ed podm\u00ednky pro testov\u00e1n\u00ed technologi\u00ed v\u0161ech renomovan\u00fdch firem sv\u011bta.","breadcrumb":{"@id":"https:\/\/new.soitron.com\/certification-center\/#breadcrumb"},"inLanguage":"cs-CZ","potentialAction":[{"@type":"ReadAction","target":["https:\/\/new.soitron.com\/certification-center\/"]}]},{"@type":"BreadcrumbList","@id":"https:\/\/new.soitron.com\/certification-center\/#breadcrumb","itemListElement":[{"@type":"ListItem","position":1,"name":"Home","item":"https:\/\/new.soitron.com\/"},{"@type":"ListItem","position":2,"name":"CERTIFIKA\u010cN\u00cd ST\u0158EDISKO"}]},{"@type":"WebSite","@id":"https:\/\/new.soitron.com\/#website","url":"https:\/\/new.soitron.com\/","name":"Soitron","description":"Soitron je IT firma s 30letou tradici.","publisher":{"@id":"https:\/\/new.soitron.com\/#organization"},"potentialAction":[{"@type":"SearchAction","target":{"@type":"EntryPoint","urlTemplate":"https:\/\/new.soitron.com\/?s={search_term_string}"},"query-input":{"@type":"PropertyValueSpecification","valueRequired":true,"valueName":"search_term_string"}}],"inLanguage":"cs-CZ"},{"@type":"Organization","@id":"https:\/\/new.soitron.com\/#organization","name":"Soitron","url":"https:\/\/new.soitron.com\/","logo":{"@type":"ImageObject","inLanguage":"cs-CZ","@id":"https:\/\/new.soitron.com\/#\/schema\/logo\/image\/","url":"https:\/\/new.soitron.com\/wp-content\/uploads\/2016\/10\/Soitron_logo.png","contentUrl":"https:\/\/new.soitron.com\/wp-content\/uploads\/2016\/10\/Soitron_logo.png","width":224,"height":56,"caption":"Soitron"},"image":{"@id":"https:\/\/new.soitron.com\/#\/schema\/logo\/image\/"}}]}},"_links":{"self":[{"href":"https:\/\/new.soitron.com\/cs\/wp-json\/wp\/v2\/pages\/10177","targetHints":{"allow":["GET"]}}],"collection":[{"href":"https:\/\/new.soitron.com\/cs\/wp-json\/wp\/v2\/pages"}],"about":[{"href":"https:\/\/new.soitron.com\/cs\/wp-json\/wp\/v2\/types\/page"}],"author":[{"embeddable":true,"href":"https:\/\/new.soitron.com\/cs\/wp-json\/wp\/v2\/users\/11"}],"replies":[{"embeddable":true,"href":"https:\/\/new.soitron.com\/cs\/wp-json\/wp\/v2\/comments?post=10177"}],"version-history":[{"count":0,"href":"https:\/\/new.soitron.com\/cs\/wp-json\/wp\/v2\/pages\/10177\/revisions"}],"wp:attachment":[{"href":"https:\/\/new.soitron.com\/cs\/wp-json\/wp\/v2\/media?parent=10177"}],"curies":[{"name":"wp","href":"https:\/\/api.w.org\/{rel}","templated":true}]}}