{"id":10173,"date":"2017-12-22T13:30:45","date_gmt":"2017-12-22T12:30:45","guid":{"rendered":"https:\/\/www.soitron.com\/?page_id=10173"},"modified":"2022-10-04T14:49:41","modified_gmt":"2022-10-04T13:49:41","slug":"novinky","status":"publish","type":"page","link":"https:\/\/new.soitron.com\/cs\/novinky\/","title":{"rendered":"Co m\u00e1me nov\u00e9"},"content":{"rendered":"<div class=\"wpb-content-wrapper\"><p>[vc_row el_class=&#8221;intro text-center&#8221;][vc_column width=&#8221;1\/6&#8243;][\/vc_column][vc_column width=&#8221;2\/3&#8243;][vc_column_text]V\u00edt\u00e1me v\u00e1s v na\u0161ich Soitron novink\u00e1ch. Najdete zde odborn\u00e9 \u010dl\u00e1nky od na\u0161ich IT specialist\u016f, informace o r\u016fzn\u00fdch akc\u00edch \u010di ud\u00e1lostech i na\u0161e tiskov\u00e9 zpr\u00e1vy a r\u016fzn\u00e9 \u010dl\u00e1nky, kter\u00e9 se o n\u00e1s objevily v m\u00e9di\u00edch. P\u0159ejeme v\u00e1m p\u0159\u00edjemn\u00e9 \u010dten\u00ed.[\/vc_column_text][\/vc_column][vc_column width=&#8221;1\/6&#8243;][\/vc_column][\/vc_row]<\/p>\n<\/div>","protected":false},"excerpt":{"rendered":"<p>[vc_row el_class=&#8221;intro text-center&#8221;][vc_column width=&#8221;1\/6&#8243;][\/vc_column][vc_column width=&#8221;2\/3&#8243;][vc_column_text]V\u00edt\u00e1me v\u00e1s v na\u0161ich Soitron novink\u00e1ch. Najdete zde odborn\u00e9 \u010dl\u00e1nky od na\u0161ich IT specialist\u016f, informace o r\u016fzn\u00fdch akc\u00edch \u010di ud\u00e1lostech i na\u0161e tiskov\u00e9 zpr\u00e1vy a r\u016fzn\u00e9 \u010dl\u00e1nky, kter\u00e9 se o n\u00e1s objevily v m\u00e9di\u00edch. P\u0159ejeme v\u00e1m p\u0159\u00edjemn\u00e9 \u010dten\u00ed.[\/vc_column_text][\/vc_column][vc_column width=&#8221;1\/6&#8243;][\/vc_column][\/vc_row]<\/p>\n","protected":false},"author":11,"featured_media":12492,"parent":0,"menu_order":0,"comment_status":"closed","ping_status":"closed","template":"page-blog.php","meta":{"_acf_changed":false,"footnotes":""},"class_list":["post-10173","page","type-page","status-publish","has-post-thumbnail","hentry"],"acf":[],"yoast_head":"<!-- This site is optimized with the Yoast SEO plugin v27.1.1 - https:\/\/yoast.com\/product\/yoast-seo-wordpress\/ -->\n<title>Blog, zauj\u00edmavosti a novinky | Soitron<\/title>\n<meta name=\"description\" content=\"V\u00edt\u00e1me v\u00e1s v na\u0161ich Soitron novink\u00e1ch. Zjist\u011bte, co m\u00e1me nov\u00e9ho v Soitronu, informace od IT specialist\u016f o akc\u00edch \u010di ud\u00e1lostech.\" \/>\n<meta name=\"robots\" content=\"noindex, follow, max-snippet:-1, max-image-preview:large, max-video-preview:-1\" \/>\n<meta property=\"og:locale\" content=\"cs_CZ\" \/>\n<meta property=\"og:type\" content=\"article\" \/>\n<meta property=\"og:title\" content=\"Blog, zauj\u00edmavosti a novinky | Soitron\" \/>\n<meta property=\"og:description\" content=\"V\u00edt\u00e1me v\u00e1s v na\u0161ich Soitron novink\u00e1ch. Zjist\u011bte, co m\u00e1me nov\u00e9ho v Soitronu, informace od IT specialist\u016f o akc\u00edch \u010di ud\u00e1lostech.\" \/>\n<meta property=\"og:url\" content=\"https:\/\/new.soitron.com\/news\/\" \/>\n<meta property=\"og:site_name\" content=\"Soitron\" \/>\n<meta property=\"article:modified_time\" content=\"2022-10-04T13:49:41+00:00\" \/>\n<meta property=\"og:image\" content=\"https:\/\/new.soitron.com\/wp-content\/uploads\/2015\/10\/novinky-header-soitron-1900x414-1900x414.jpg\" \/>\n\t<meta property=\"og:image:width\" content=\"1900\" \/>\n\t<meta property=\"og:image:height\" content=\"414\" \/>\n\t<meta property=\"og:image:type\" content=\"image\/jpeg\" \/>\n<meta name=\"twitter:card\" content=\"summary_large_image\" \/>\n<meta name=\"twitter:label1\" content=\"Est. reading time\" \/>\n\t<meta name=\"twitter:data1\" content=\"1 minute\" \/>\n<!-- \/ Yoast SEO plugin. -->","yoast_head_json":{"title":"Blog, zauj\u00edmavosti a novinky | Soitron","description":"V\u00edt\u00e1me v\u00e1s v na\u0161ich Soitron novink\u00e1ch. Zjist\u011bte, co m\u00e1me nov\u00e9ho v Soitronu, informace od IT specialist\u016f o akc\u00edch \u010di ud\u00e1lostech.","robots":{"index":"noindex","follow":"follow","max-snippet":"max-snippet:-1","max-image-preview":"max-image-preview:large","max-video-preview":"max-video-preview:-1"},"og_locale":"cs_CZ","og_type":"article","og_title":"Blog, zauj\u00edmavosti a novinky | Soitron","og_description":"V\u00edt\u00e1me v\u00e1s v na\u0161ich Soitron novink\u00e1ch. Zjist\u011bte, co m\u00e1me nov\u00e9ho v Soitronu, informace od IT specialist\u016f o akc\u00edch \u010di ud\u00e1lostech.","og_url":"https:\/\/new.soitron.com\/news\/","og_site_name":"Soitron","article_modified_time":"2022-10-04T13:49:41+00:00","og_image":[{"width":1900,"height":414,"url":"https:\/\/new.soitron.com\/wp-content\/uploads\/2015\/10\/novinky-header-soitron-1900x414-1900x414.jpg","type":"image\/jpeg"}],"twitter_card":"summary_large_image","twitter_misc":{"Est. reading time":"1 minute"},"schema":{"@context":"https:\/\/schema.org","@graph":[{"@type":"WebPage","@id":"https:\/\/new.soitron.com\/news\/","url":"https:\/\/new.soitron.com\/news\/","name":"Blog, zauj\u00edmavosti a novinky | Soitron","isPartOf":{"@id":"https:\/\/new.soitron.com\/#website"},"primaryImageOfPage":{"@id":"https:\/\/new.soitron.com\/news\/#primaryimage"},"image":{"@id":"https:\/\/new.soitron.com\/news\/#primaryimage"},"thumbnailUrl":"https:\/\/new.soitron.com\/wp-content\/uploads\/2015\/10\/novinky-header-soitron-1900x414-1900x414.jpg","datePublished":"2017-12-22T12:30:45+00:00","dateModified":"2022-10-04T13:49:41+00:00","description":"V\u00edt\u00e1me v\u00e1s v na\u0161ich Soitron novink\u00e1ch. Zjist\u011bte, co m\u00e1me nov\u00e9ho v Soitronu, informace od IT specialist\u016f o akc\u00edch \u010di ud\u00e1lostech.","breadcrumb":{"@id":"https:\/\/new.soitron.com\/news\/#breadcrumb"},"inLanguage":"cs-CZ","potentialAction":[{"@type":"ReadAction","target":["https:\/\/new.soitron.com\/news\/"]}]},{"@type":"ImageObject","inLanguage":"cs-CZ","@id":"https:\/\/new.soitron.com\/news\/#primaryimage","url":"https:\/\/new.soitron.com\/wp-content\/uploads\/2015\/10\/novinky-header-soitron-1900x414-1900x414.jpg","contentUrl":"https:\/\/new.soitron.com\/wp-content\/uploads\/2015\/10\/novinky-header-soitron-1900x414-1900x414.jpg","width":1900,"height":414},{"@type":"BreadcrumbList","@id":"https:\/\/new.soitron.com\/news\/#breadcrumb","itemListElement":[{"@type":"ListItem","position":1,"name":"Home","item":"https:\/\/new.soitron.com\/"},{"@type":"ListItem","position":2,"name":"Co m\u00e1me nov\u00e9"}]},{"@type":"WebSite","@id":"https:\/\/new.soitron.com\/#website","url":"https:\/\/new.soitron.com\/","name":"Soitron","description":"Soitron je IT firma s 30letou tradici.","publisher":{"@id":"https:\/\/new.soitron.com\/#organization"},"potentialAction":[{"@type":"SearchAction","target":{"@type":"EntryPoint","urlTemplate":"https:\/\/new.soitron.com\/?s={search_term_string}"},"query-input":{"@type":"PropertyValueSpecification","valueRequired":true,"valueName":"search_term_string"}}],"inLanguage":"cs-CZ"},{"@type":"Organization","@id":"https:\/\/new.soitron.com\/#organization","name":"Soitron","url":"https:\/\/new.soitron.com\/","logo":{"@type":"ImageObject","inLanguage":"cs-CZ","@id":"https:\/\/new.soitron.com\/#\/schema\/logo\/image\/","url":"https:\/\/new.soitron.com\/wp-content\/uploads\/2016\/10\/Soitron_logo.png","contentUrl":"https:\/\/new.soitron.com\/wp-content\/uploads\/2016\/10\/Soitron_logo.png","width":224,"height":56,"caption":"Soitron"},"image":{"@id":"https:\/\/new.soitron.com\/#\/schema\/logo\/image\/"}}]}},"_links":{"self":[{"href":"https:\/\/new.soitron.com\/cs\/wp-json\/wp\/v2\/pages\/10173","targetHints":{"allow":["GET"]}}],"collection":[{"href":"https:\/\/new.soitron.com\/cs\/wp-json\/wp\/v2\/pages"}],"about":[{"href":"https:\/\/new.soitron.com\/cs\/wp-json\/wp\/v2\/types\/page"}],"author":[{"embeddable":true,"href":"https:\/\/new.soitron.com\/cs\/wp-json\/wp\/v2\/users\/11"}],"replies":[{"embeddable":true,"href":"https:\/\/new.soitron.com\/cs\/wp-json\/wp\/v2\/comments?post=10173"}],"version-history":[{"count":1,"href":"https:\/\/new.soitron.com\/cs\/wp-json\/wp\/v2\/pages\/10173\/revisions"}],"predecessor-version":[{"id":50008,"href":"https:\/\/new.soitron.com\/cs\/wp-json\/wp\/v2\/pages\/10173\/revisions\/50008"}],"wp:featuredmedia":[{"embeddable":true,"href":"https:\/\/new.soitron.com\/cs\/wp-json\/wp\/v2\/media\/12492"}],"wp:attachment":[{"href":"https:\/\/new.soitron.com\/cs\/wp-json\/wp\/v2\/media?parent=10173"}],"curies":[{"name":"wp","href":"https:\/\/api.w.org\/{rel}","templated":true}]}}