{"id":10146,"date":"2017-12-21T11:18:59","date_gmt":"2017-12-21T10:18:59","guid":{"rendered":"https:\/\/www.soitron.com\/?page_id=10146"},"modified":"2022-09-30T15:37:29","modified_gmt":"2022-09-30T14:37:29","slug":"reseni-a-sluzby","status":"publish","type":"page","link":"https:\/\/new.soitron.com\/cs\/reseni-a-sluzby\/","title":{"rendered":"Co d\u011bl\u00e1me"},"content":{"rendered":"<div class=\"wpb-content-wrapper\"><p>[vc_row full_width=&#8221;stretch_row_content_no_spaces&#8221;][vc_column]\n                        <div data-wow-duration=\"1.5s\" data-wow-delay=\"0s\" class=\"wow fadeIn soitron-element soitron-element-banner-wrapper type-1 \">\n                                            <figure class=\"background\">\n                            <link rel=\"preload\" href=\"https:\/\/new.soitron.com\/wp-content\/uploads\/2015\/12\/produkty-a-sluzby3_s.jpg.webp\" as=\"image\">\n                            <img decoding=\"async\" src=\"https:\/\/new.soitron.com\/wp-content\/uploads\/2015\/12\/produkty-a-sluzby3_s.jpg\">\n                        <\/figure>\n                                        \n                    <div class=\"container\">\n                                                    <h1 style=\"color:#000000\">Co d\u011bl\u00e1me<\/h1>\n                                                                                                <\/div>\n                                            <a href=\"\/sk\/riesenia-a-sluzby\/#contact\" target=\"_self\" class=\"header-cta\">\n                            Kontaktujte n\u00e1s                        <\/a>\n                                    <\/div>\n\n            \n[\/vc_column][\/vc_row][vc_row el_class=&#8221;intro text-center&#8221;][vc_column width=&#8221;1\/6&#8243;][\/vc_column][vc_column width=&#8221;2\/3&#8243;][vc_column_text]<\/p>\n<h1 class=\"J0lOec\" style=\"text-align: center;\"><span class=\"VIiyi\" lang=\"cs\"><span class=\"JLqJ4b ChMk0b\" data-language-for-alternatives=\"cs\" data-language-to-translate-into=\"sk\" data-phrase-index=\"0\">NECHTE<\/span> <span class=\"JLqJ4b ChMk0b\" data-language-for-alternatives=\"cs\" data-language-to-translate-into=\"sk\" data-phrase-index=\"1\">VA\u0160E<\/span> <span class=\"JLqJ4b ChMk0b\" data-language-for-alternatives=\"cs\" data-language-to-translate-into=\"sk\" data-phrase-index=\"2\">IT<\/span> <span class=\"JLqJ4b ChMk0b\" data-language-for-alternatives=\"cs\" data-language-to-translate-into=\"sk\" data-phrase-index=\"3\">NA<\/span> <span class=\"JLqJ4b ChMk0b\" data-language-for-alternatives=\"cs\" data-language-to-translate-into=\"sk\" data-phrase-index=\"4\">N\u00c1S<\/span><\/span><\/h1>\n<p>[\/vc_column_text][vc_column_text]<\/p>\n<p style=\"text-align: center;\"><span class=\"VIiyi\" lang=\"cs\"><span class=\"JLqJ4b ChMk0b\" data-language-for-alternatives=\"cs\" data-language-to-translate-into=\"sk\" data-phrase-index=\"0\">Mysl\u00edme<\/span> <span class=\"JLqJ4b ChMk0b\" data-language-for-alternatives=\"cs\" data-language-to-translate-into=\"sk\" data-phrase-index=\"1\">dop\u0159edu,<\/span> <span class=\"JLqJ4b ChMk0b\" data-language-for-alternatives=\"cs\" data-language-to-translate-into=\"sk\" data-phrase-index=\"2\">vid\u00edme<\/span> <span class=\"JLqJ4b ChMk0b\" data-language-for-alternatives=\"cs\" data-language-to-translate-into=\"sk\" data-phrase-index=\"3\">digit\u00e1ln\u00ed<\/span> <span class=\"JLqJ4b ChMk0b\" data-language-for-alternatives=\"cs\" data-language-to-translate-into=\"sk\" data-phrase-index=\"4\">hrozby<\/span> <span class=\"JLqJ4b ChMk0b\" data-language-for-alternatives=\"cs\" data-language-to-translate-into=\"sk\" data-phrase-index=\"5\">a<\/span> <span class=\"JLqJ4b ChMk0b\" data-language-for-alternatives=\"cs\" data-language-to-translate-into=\"sk\" data-phrase-index=\"6\">jedn\u00e1me<\/span><span class=\"JLqJ4b ChMk0b\" data-language-for-alternatives=\"cs\" data-language-to-translate-into=\"sk\" data-phrase-index=\"7\">.<\/span><\/span><\/p>\n<p>[\/vc_column_text][\/vc_column][vc_column width=&#8221;1\/6&#8243;][\/vc_column][\/vc_row][vc_row equal_height=&#8221;yes&#8221; el_id=&#8221;dalsi-reseni&#8221;][vc_column][vc_row_inner equal_height=&#8221;yes&#8221;][vc_column_inner width=&#8221;1\/4&#8243;]\n                        <div data-wow-duration=\"1.5s\" data-wow-delay=\"0s\" class=\"wow fadeIn soitron-element soitron-element-link-box-wrapper type-3\">\n                    <div class=\"content\">\n                        <a target=\"_blank\" href=\"https:\/\/www.soitron.cz\/reseni-a-sluzby\/rpa\/\"><\/a>\n\n                        <div class=\"image\">\n                                                        <div class=\"image\">\n                                <img decoding=\"async\" src=\"https:\/\/new.soitron.com\/wp-content\/uploads\/2021\/02\/RPA_tile.png\" alt=\"Automatizace a robotizace\">\n                            <\/div>\n                                                    <\/div>\n                        <div class=\"link\" style=\"background-color: #802c7b\">\n                            <h2>Automatizace a robotizace<\/h2>\n                            <span class=\"glyphicon glyphicon-menu-right anim\"><\/span>\n                        <\/div>\n                    <\/div>\n                <\/div>\n                \n        [\/vc_column_inner][vc_column_inner width=&#8221;1\/4&#8243;]\n                        <div data-wow-duration=\"1.5s\" data-wow-delay=\"0s\" class=\"wow fadeIn soitron-element soitron-element-link-box-wrapper type-3\">\n                    <div class=\"content\">\n                        <a target=\"_blank\" href=\"https:\/\/www.soitron.cz\/reseni-a-sluzby\/bezpecnost\/\"><\/a>\n\n                        <div class=\"image\">\n                                                        <div class=\"image\">\n                                <img decoding=\"async\" src=\"https:\/\/new.soitron.com\/wp-content\/uploads\/2021\/02\/security_tile.png\" alt=\"Kybernetick\u00e1 bezpe\u010dnost\">\n                            <\/div>\n                                                    <\/div>\n                        <div class=\"link\" style=\"background-color: #f01516\">\n                            <h2>Kybernetick\u00e1 bezpe\u010dnost<\/h2>\n                            <span class=\"glyphicon glyphicon-menu-right anim\"><\/span>\n                        <\/div>\n                    <\/div>\n                <\/div>\n                \n        [\/vc_column_inner][vc_column_inner width=&#8221;1\/4&#8243;]\n                        <div data-wow-duration=\"1.5s\" data-wow-delay=\"0s\" class=\"wow fadeIn soitron-element soitron-element-link-box-wrapper type-3\">\n                    <div class=\"content\">\n                        <a target=\"_blank\" href=\"https:\/\/www.soitron.cz\/reseni-a-sluzby\/datamanagement-a-infrastruktura\/\"><\/a>\n\n                        <div class=\"image\">\n                                                        <div class=\"image\">\n                                <img decoding=\"async\" src=\"https:\/\/new.soitron.com\/wp-content\/uploads\/2021\/05\/data_center_tile.png\" alt=\"Datov\u00e1 centra\">\n                            <\/div>\n                                                    <\/div>\n                        <div class=\"link\" style=\"background-color: #36a2cf\">\n                            <h2>Datov\u00e1 centra<\/h2>\n                            <span class=\"glyphicon glyphicon-menu-right anim\"><\/span>\n                        <\/div>\n                    <\/div>\n                <\/div>\n                \n        [\/vc_column_inner][vc_column_inner width=&#8221;1\/4&#8243;]\n                        <div data-wow-duration=\"1.5s\" data-wow-delay=\"0s\" class=\"wow fadeIn soitron-element soitron-element-link-box-wrapper type-3\">\n                    <div class=\"content\">\n                        <a target=\"_blank\" href=\"https:\/\/www.soitron.cz\/reseni-a-sluzby\/network\/\"><\/a>\n\n                        <div class=\"image\">\n                                                        <div class=\"image\">\n                                <img decoding=\"async\" src=\"https:\/\/new.soitron.com\/wp-content\/uploads\/2021\/05\/network_tile.png\" alt=\"S\u00ed\u0165ov\u00e1 \u0159e\u0161en\u00ed\">\n                            <\/div>\n                                                    <\/div>\n                        <div class=\"link\" style=\"background-color: #84bf43\">\n                            <h2>S\u00ed\u0165ov\u00e1 \u0159e\u0161en\u00ed<\/h2>\n                            <span class=\"glyphicon glyphicon-menu-right anim\"><\/span>\n                        <\/div>\n                    <\/div>\n                <\/div>\n                \n        [\/vc_column_inner][\/vc_row_inner][\/vc_column][\/vc_row][vc_row equal_height=&#8221;yes&#8221;][vc_column][vc_row_inner equal_height=&#8221;yes&#8221;][vc_column_inner width=&#8221;1\/4&#8243;]\n                        <div data-wow-duration=\"1.5s\" data-wow-delay=\"0s\" class=\"wow fadeIn soitron-element soitron-element-link-box-wrapper type-3\">\n                    <div class=\"content\">\n                        <a target=\"_blank\" href=\"https:\/\/www.soitron.cz\/reseni-a-sluzby\/iot-reseni\/\"><\/a>\n\n                        <div class=\"image\">\n                                                        <div class=\"image\">\n                                <img decoding=\"async\" src=\"https:\/\/new.soitron.com\/wp-content\/uploads\/2021\/05\/IoT_tile.png\" alt=\"IoT \u0159e\u0161en\u00ed\">\n                            <\/div>\n                                                    <\/div>\n                        <div class=\"link\" style=\"background-color: #eb8b30\">\n                            <h2>IoT \u0159e\u0161en\u00ed<\/h2>\n                            <span class=\"glyphicon glyphicon-menu-right anim\"><\/span>\n                        <\/div>\n                    <\/div>\n                <\/div>\n                \n        [\/vc_column_inner][vc_column_inner width=&#8221;1\/4&#8243;]\n                        <div data-wow-duration=\"1.5s\" data-wow-delay=\"0s\" class=\"wow fadeIn soitron-element soitron-element-link-box-wrapper type-3\">\n                    <div class=\"content\">\n                        <a target=\"_blank\" href=\"https:\/\/www.soitron.cz\/reseni-a-sluzby\/it-outsourcing\/\"><\/a>\n\n                        <div class=\"image\">\n                                                        <div class=\"image\">\n                                <img decoding=\"async\" src=\"https:\/\/new.soitron.com\/wp-content\/uploads\/2021\/05\/IT_outsourcing_tile.png\" alt=\"IT outsourcing\">\n                            <\/div>\n                                                    <\/div>\n                        <div class=\"link\" style=\"background-color: #33bcad\">\n                            <h2>IT outsourcing<\/h2>\n                            <span class=\"glyphicon glyphicon-menu-right anim\"><\/span>\n                        <\/div>\n                    <\/div>\n                <\/div>\n                \n        [\/vc_column_inner][vc_column_inner width=&#8221;1\/4&#8243;]\n                        <div data-wow-duration=\"1.5s\" data-wow-delay=\"0s\" class=\"wow fadeIn soitron-element soitron-element-link-box-wrapper type-3\">\n                    <div class=\"content\">\n                        <a target=\"_blank\" href=\"https:\/\/www.soitron.cz\/reseni-a-sluzby\/komunikacni-reseni\/\"><\/a>\n\n                        <div class=\"image\">\n                                                        <div class=\"image\">\n                                <img decoding=\"async\" src=\"https:\/\/new.soitron.com\/wp-content\/uploads\/2021\/05\/communication_tile.png\" alt=\"Komunika\u010dn\u00ed \u0159e\u0161en\u00ed\">\n                            <\/div>\n                                                    <\/div>\n                        <div class=\"link\" style=\"background-color: #d3db34\">\n                            <h2>Komunika\u010dn\u00ed \u0159e\u0161en\u00ed<\/h2>\n                            <span class=\"glyphicon glyphicon-menu-right anim\"><\/span>\n                        <\/div>\n                    <\/div>\n                <\/div>\n                \n        [\/vc_column_inner][vc_column_inner width=&#8221;1\/4&#8243;]\n                        <div data-wow-duration=\"1.5s\" data-wow-delay=\"0s\" class=\"wow fadeIn soitron-element soitron-element-link-box-wrapper type-3\">\n                    <div class=\"content\">\n                        <a target=\"_blank\" href=\"https:\/\/www.soitron.cz\/reseni-a-sluzby\/it-poradenstvi\/\"><\/a>\n\n                        <div class=\"image\">\n                                                        <div class=\"image\">\n                                <img decoding=\"async\" src=\"https:\/\/new.soitron.com\/wp-content\/uploads\/2021\/05\/support_advisory_tile.png\" alt=\"IT support a poradenstv\u00ed\">\n                            <\/div>\n                                                    <\/div>\n                        <div class=\"link\" style=\"background-color: #d158a0\">\n                            <h2>IT support a poradenstv\u00ed<\/h2>\n                            <span class=\"glyphicon glyphicon-menu-right anim\"><\/span>\n                        <\/div>\n                    <\/div>\n                <\/div>\n                \n        [\/vc_column_inner][\/vc_row_inner][\/vc_column][\/vc_row][vc_row full_width=&#8221;stretch_row&#8221; el_class=&#8221;bg-grey2&#8243; el_id=&#8221;contact&#8221;][vc_column][vc_column_text]<\/p>\n<h2 class=\"wow fadeInLeft margin-b-30\" data-wow-delay=\"0s\" data-wow-duration=\"1.5s\">Kontaktujte n\u00e1s<\/h2>\n<p>[\/vc_column_text][contact-form-7 id=&#8221;40850&#8243;][\/vc_column][\/vc_row]<\/p>\n<\/div>","protected":false},"excerpt":{"rendered":"<p>[vc_row full_width=&#8221;stretch_row_content_no_spaces&#8221;][vc_column][\/vc_column][\/vc_row][vc_row el_class=&#8221;intro text-center&#8221;][vc_column width=&#8221;1\/6&#8243;][\/vc_column][vc_column width=&#8221;2\/3&#8243;][vc_column_text] NECHTE VA\u0160E IT NA N\u00c1S [\/vc_column_text][vc_column_text] Mysl\u00edme dop\u0159edu, vid\u00edme digit\u00e1ln\u00ed hrozby a jedn\u00e1me. [\/vc_column_text][\/vc_column][vc_column width=&#8221;1\/6&#8243;][\/vc_column][\/vc_row][vc_row equal_height=&#8221;yes&#8221; el_id=&#8221;dalsi-reseni&#8221;][vc_column][vc_row_inner equal_height=&#8221;yes&#8221;][vc_column_inner width=&#8221;1\/4&#8243;][\/vc_column_inner][vc_column_inner width=&#8221;1\/4&#8243;][\/vc_column_inner][vc_column_inner width=&#8221;1\/4&#8243;][\/vc_column_inner][vc_column_inner width=&#8221;1\/4&#8243;][\/vc_column_inner][\/vc_row_inner][\/vc_column][\/vc_row][vc_row equal_height=&#8221;yes&#8221;][vc_column][vc_row_inner equal_height=&#8221;yes&#8221;][vc_column_inner width=&#8221;1\/4&#8243;][\/vc_column_inner][vc_column_inner width=&#8221;1\/4&#8243;][\/vc_column_inner][vc_column_inner width=&#8221;1\/4&#8243;][\/vc_column_inner][vc_column_inner width=&#8221;1\/4&#8243;][\/vc_column_inner][\/vc_row_inner][\/vc_column][\/vc_row][vc_row full_width=&#8221;stretch_row&#8221; el_class=&#8221;bg-grey2&#8243; el_id=&#8221;contact&#8221;][vc_column][vc_column_text] Kontaktujte n\u00e1s [\/vc_column_text][contact-form-7 id=&#8221;40850&#8243;][\/vc_column][\/vc_row]<\/p>\n","protected":false},"author":11,"featured_media":0,"parent":0,"menu_order":0,"comment_status":"closed","ping_status":"closed","template":"","meta":{"_acf_changed":false,"footnotes":""},"class_list":["post-10146","page","type-page","status-publish","hentry"],"acf":[],"yoast_head":"<!-- This site is optimized with the Yoast SEO plugin v27.1.1 - https:\/\/yoast.com\/product\/yoast-seo-wordpress\/ -->\n<title>Re\u0161en\u00ed a slu\u017eby IT | Soitron<\/title>\n<meta name=\"description\" content=\"Pod\u00edvejte se na Soitron porf\u00f3lio produkt\u016f a slu\u017eeb. Spole\u010dne najdeme \u0159e\u0161en\u00ed pro automatizaci, s\u00edt\u011b \u010di komunikaci. Nechte va\u0161e IT na n\u00e1s!\" \/>\n<meta name=\"robots\" content=\"noindex, follow, max-snippet:-1, max-image-preview:large, max-video-preview:-1\" \/>\n<meta property=\"og:locale\" content=\"cs_CZ\" \/>\n<meta property=\"og:type\" content=\"article\" \/>\n<meta property=\"og:title\" content=\"Re\u0161en\u00ed a slu\u017eby IT | Soitron\" \/>\n<meta property=\"og:description\" content=\"Pod\u00edvejte se na Soitron porf\u00f3lio produkt\u016f a slu\u017eeb. Spole\u010dne najdeme \u0159e\u0161en\u00ed pro automatizaci, s\u00edt\u011b \u010di komunikaci. Nechte va\u0161e IT na n\u00e1s!\" \/>\n<meta property=\"og:url\" content=\"https:\/\/new.soitron.com\/solutions-and-services\/\" \/>\n<meta property=\"og:site_name\" content=\"Soitron\" \/>\n<meta property=\"article:modified_time\" content=\"2022-09-30T14:37:29+00:00\" \/>\n<meta name=\"twitter:card\" content=\"summary_large_image\" \/>\n<meta name=\"twitter:label1\" content=\"Est. reading time\" \/>\n\t<meta name=\"twitter:data1\" content=\"1 minute\" \/>\n<!-- \/ Yoast SEO plugin. -->","yoast_head_json":{"title":"Re\u0161en\u00ed a slu\u017eby IT | Soitron","description":"Pod\u00edvejte se na Soitron porf\u00f3lio produkt\u016f a slu\u017eeb. Spole\u010dne najdeme \u0159e\u0161en\u00ed pro automatizaci, s\u00edt\u011b \u010di komunikaci. Nechte va\u0161e IT na n\u00e1s!","robots":{"index":"noindex","follow":"follow","max-snippet":"max-snippet:-1","max-image-preview":"max-image-preview:large","max-video-preview":"max-video-preview:-1"},"og_locale":"cs_CZ","og_type":"article","og_title":"Re\u0161en\u00ed a slu\u017eby IT | Soitron","og_description":"Pod\u00edvejte se na Soitron porf\u00f3lio produkt\u016f a slu\u017eeb. Spole\u010dne najdeme \u0159e\u0161en\u00ed pro automatizaci, s\u00edt\u011b \u010di komunikaci. Nechte va\u0161e IT na n\u00e1s!","og_url":"https:\/\/new.soitron.com\/solutions-and-services\/","og_site_name":"Soitron","article_modified_time":"2022-09-30T14:37:29+00:00","twitter_card":"summary_large_image","twitter_misc":{"Est. reading time":"1 minute"},"schema":{"@context":"https:\/\/schema.org","@graph":[{"@type":"WebPage","@id":"https:\/\/new.soitron.com\/solutions-and-services\/","url":"https:\/\/new.soitron.com\/solutions-and-services\/","name":"Re\u0161en\u00ed a slu\u017eby IT | Soitron","isPartOf":{"@id":"https:\/\/new.soitron.com\/#website"},"datePublished":"2017-12-21T10:18:59+00:00","dateModified":"2022-09-30T14:37:29+00:00","description":"Pod\u00edvejte se na Soitron porf\u00f3lio produkt\u016f a slu\u017eeb. Spole\u010dne najdeme \u0159e\u0161en\u00ed pro automatizaci, s\u00edt\u011b \u010di komunikaci. Nechte va\u0161e IT na n\u00e1s!","breadcrumb":{"@id":"https:\/\/new.soitron.com\/solutions-and-services\/#breadcrumb"},"inLanguage":"cs-CZ","potentialAction":[{"@type":"ReadAction","target":["https:\/\/new.soitron.com\/solutions-and-services\/"]}]},{"@type":"BreadcrumbList","@id":"https:\/\/new.soitron.com\/solutions-and-services\/#breadcrumb","itemListElement":[{"@type":"ListItem","position":1,"name":"Home","item":"https:\/\/new.soitron.com\/"},{"@type":"ListItem","position":2,"name":"Co d\u011bl\u00e1me"}]},{"@type":"WebSite","@id":"https:\/\/new.soitron.com\/#website","url":"https:\/\/new.soitron.com\/","name":"Soitron","description":"Soitron je IT firma s 30letou tradici.","publisher":{"@id":"https:\/\/new.soitron.com\/#organization"},"potentialAction":[{"@type":"SearchAction","target":{"@type":"EntryPoint","urlTemplate":"https:\/\/new.soitron.com\/?s={search_term_string}"},"query-input":{"@type":"PropertyValueSpecification","valueRequired":true,"valueName":"search_term_string"}}],"inLanguage":"cs-CZ"},{"@type":"Organization","@id":"https:\/\/new.soitron.com\/#organization","name":"Soitron","url":"https:\/\/new.soitron.com\/","logo":{"@type":"ImageObject","inLanguage":"cs-CZ","@id":"https:\/\/new.soitron.com\/#\/schema\/logo\/image\/","url":"https:\/\/new.soitron.com\/wp-content\/uploads\/2016\/10\/Soitron_logo.png","contentUrl":"https:\/\/new.soitron.com\/wp-content\/uploads\/2016\/10\/Soitron_logo.png","width":224,"height":56,"caption":"Soitron"},"image":{"@id":"https:\/\/new.soitron.com\/#\/schema\/logo\/image\/"}}]}},"_links":{"self":[{"href":"https:\/\/new.soitron.com\/cs\/wp-json\/wp\/v2\/pages\/10146","targetHints":{"allow":["GET"]}}],"collection":[{"href":"https:\/\/new.soitron.com\/cs\/wp-json\/wp\/v2\/pages"}],"about":[{"href":"https:\/\/new.soitron.com\/cs\/wp-json\/wp\/v2\/types\/page"}],"author":[{"embeddable":true,"href":"https:\/\/new.soitron.com\/cs\/wp-json\/wp\/v2\/users\/11"}],"replies":[{"embeddable":true,"href":"https:\/\/new.soitron.com\/cs\/wp-json\/wp\/v2\/comments?post=10146"}],"version-history":[{"count":1,"href":"https:\/\/new.soitron.com\/cs\/wp-json\/wp\/v2\/pages\/10146\/revisions"}],"predecessor-version":[{"id":49986,"href":"https:\/\/new.soitron.com\/cs\/wp-json\/wp\/v2\/pages\/10146\/revisions\/49986"}],"wp:attachment":[{"href":"https:\/\/new.soitron.com\/cs\/wp-json\/wp\/v2\/media?parent=10146"}],"curies":[{"name":"wp","href":"https:\/\/api.w.org\/{rel}","templated":true}]}}